{"id":172,"date":"2025-03-16T21:39:58","date_gmt":"2025-03-16T19:39:58","guid":{"rendered":"https:\/\/dev.aldsharpknife.ee\/?page_id=172"},"modified":"2025-11-16T20:57:29","modified_gmt":"2025-11-16T18:57:29","slug":"sharpening","status":"publish","type":"page","link":"https:\/\/aldsharpknife.com\/en\/sharpening\/","title":{"rendered":"Knife sharpening"},"content":{"rendered":"<h2 class=\"wp-block-heading\"><strong>Knife sharpening<\/strong><\/h2>\n\n\n\n<div class=\"wp-block-group has-global-padding is-content-justification-left is-layout-constrained wp-container-core-group-is-layout-cabd398c wp-block-group-is-layout-constrained\">\n<figure class=\"wp-block-video\"><video height=\"720\" style=\"aspect-ratio: 1280 \/ 720;\" width=\"1280\" controls src=\"https:\/\/aldsharpknife.com\/wp-content\/uploads\/2025\/08\/aldsharp_promo_eng720.mp4\"><\/video><\/figure>\n<\/div>\n\n\n\n<p>We offer a top-quality knife and scissor sharpening service. Feel free to bring or send your knives and scissors to us for sharpening. You\u2019ll receive them back razor-sharp, ensuring the best and most precise cutting experience. In our experience, most knives and scissors are dull when purchased and require immediate sharpening.<\/p>\n\n\n\n<p><strong>Our strength lies in nearly 50 years of expertise in high-quality sharpening.<\/strong><\/p>\n\n\n\n<p>On-site, we assess the condition of the cutting tool and determine the appropriate sharpening method. We primarily use low-speed, water-cooled grinding wheels that do not damage the blades. Afterward, we refine the edge with sharpening stones of varying abrasiveness. To achieve the ultimate sharpness, we polish and hone the blade using different leather strops.<\/p>\n\n\n\n<p>Each knife is tested for sharpness to ensure it meets our high standards.<\/p>\n\n\n\n<h2 class=\"wp-block-heading\"><strong>Sharpening Service Pricing<\/strong><\/h2>\n\n\n\n<p>The cost of knife sharpening generally depends on the length of the blade. Several factors influence the sharpening price, including blade condition, damages, and correct sharpening angle. We can determine the final price only after inspecting the knife.<\/p>\n\n\n\n<p>Standard knife sharpening: from \u20ac1.00 per cm<\/p>\n\n\n\n<p>Hairdressing scissors sharpening: from \u20ac17.00<\/p>\n\n\n\n<p>Sewing scissors sharpening: from \u20ac15.00<\/p>\n\n\n\n<h2 class=\"wp-block-heading\"><strong>Service Completion Time<\/strong><\/h2>\n\n\n\n<p>Sharpening is a precision task. Sharpening a single knife can take several hours. Generally, we complete sharpening within 2-3 business days and will notify you as soon as your items are ready.<\/p>\n\n\n\n<h2 class=\"wp-block-heading\"><strong>Shipping<\/strong><\/h2>\n\n\n\n<p>You can either bring your knives\/scissors to us or send them via parcel terminal. Once sharpening is completed, we will issue an invoice, including shipping costs. After payment, we will send your items to the parcel terminal of your choice or you can pick them up in person. For safe return, we use secure packaging to ensure damage-free transport.<\/p>\n\n\n\n<h2 class=\"wp-block-heading\"><strong>Feedback<\/strong><\/h2>\n\n\n\n<p>If you have any questions or problems, please contact us via the <a href=\"https:\/\/aldsharpknife.com\/contact\/\" data-type=\"page\" data-id=\"34\">contact form<\/a>.<\/p>","protected":false},"excerpt":{"rendered":"<p>Knife sharpening We offer a top-quality knife and scissor sharpening service. Feel free to bring or send your knives and scissors to us for sharpening. You\u2019ll receive them back razor-sharp, ensuring the best and most precise cutting experience. In our experience, most knives and scissors are dull when purchased and require immediate sharpening. Our strength [&hellip;]<\/p>\n","protected":false},"author":2,"featured_media":0,"parent":0,"menu_order":10,"comment_status":"closed","ping_status":"closed","template":"page-no-title","meta":{"_uag_custom_page_level_css":"","footnotes":""},"class_list":["post-172","page","type-page","status-publish","hentry"],"mb":[],"yoast_head":"<!-- This site is optimized with the Yoast SEO plugin v26.0 - https:\/\/yoast.com\/wordpress\/plugins\/seo\/ -->\n<title>Knife sharpening - Aldsharpknife<\/title>\n<meta name=\"robots\" content=\"index, follow, max-snippet:-1, max-image-preview:large, max-video-preview:-1\" \/>\n<link rel=\"canonical\" href=\"https:\/\/aldsharpknife.com\/sharpening\/\" \/>\n<meta property=\"og:locale\" content=\"en_US\" \/>\n<meta property=\"og:type\" content=\"article\" \/>\n<meta property=\"og:title\" content=\"[:et]Nugade teritamine[:en]Knife sharpening[:fi]Teroituspalvelu[:lv]Asin\u0101\u0161anas pakalpojums[:lt]Galandymo paslauga[:] - Aldsharpknife\" \/>\n<meta property=\"og:description\" content=\"Knife sharpening We offer a top-quality knife and scissor sharpening service. Feel free to bring or send your knives and scissors to us for sharpening. You\u2019ll receive them back razor-sharp, ensuring the best and most precise cutting experience. In our experience, most knives and scissors are dull when purchased and require immediate sharpening. Our strength [&hellip;]\" \/>\n<meta property=\"og:url\" content=\"https:\/\/aldsharpknife.com\/sharpening\/\" \/>\n<meta property=\"og:site_name\" content=\"Aldsharpknife\" \/>\n<meta property=\"article:modified_time\" content=\"2025-11-16T18:57:29+00:00\" \/>\n<meta name=\"twitter:card\" content=\"summary_large_image\" \/>\n<meta name=\"twitter:label1\" content=\"Est. reading time\" \/>\n\t<meta name=\"twitter:data1\" content=\"2 minutes\" \/>\n<script type=\"application\/ld+json\" class=\"yoast-schema-graph\">{\"@context\":\"https:\/\/schema.org\",\"@graph\":[{\"@type\":\"WebPage\",\"@id\":\"https:\/\/aldsharpknife.com\/sharpening\/\",\"url\":\"https:\/\/aldsharpknife.com\/sharpening\/\",\"name\":\"[:et]Nugade teritamine[:en]Knife sharpening[:fi]Teroituspalvelu[:lv]Asin\u0101\u0161anas pakalpojums[:lt]Galandymo paslauga[:] - Aldsharpknife\",\"isPartOf\":{\"@id\":\"https:\/\/aldsharpknife.com\/#website\"},\"datePublished\":\"2025-03-16T19:39:58+00:00\",\"dateModified\":\"2025-11-16T18:57:29+00:00\",\"breadcrumb\":{\"@id\":\"https:\/\/aldsharpknife.com\/sharpening\/#breadcrumb\"},\"inLanguage\":\"en-US\",\"potentialAction\":[{\"@type\":\"ReadAction\",\"target\":[\"https:\/\/aldsharpknife.com\/sharpening\/\"]}]},{\"@type\":\"BreadcrumbList\",\"@id\":\"https:\/\/aldsharpknife.com\/sharpening\/#breadcrumb\",\"itemListElement\":[{\"@type\":\"ListItem\",\"position\":1,\"name\":\"Home\",\"item\":\"https:\/\/aldsharpknife.com\/\"},{\"@type\":\"ListItem\",\"position\":2,\"name\":\"Knife sharpening\"}]},{\"@type\":\"WebSite\",\"@id\":\"https:\/\/aldsharpknife.com\/#website\",\"url\":\"https:\/\/aldsharpknife.com\/\",\"name\":\"Aldsharpknife\",\"description\":\"[:et]50 aastat kirge ja kogemust noaterituse valdkonnas[:en]50 years of passion and experience in knife sharpening[:fi]50 vuotta intohimoa ja kokemusta veitsenter&auml;styksess&auml;[:lv]50 gadi kaisles un pieredzes na\u017eu asin\u0101&scaron;anas jom\u0101[:lt]50 met\u0173 aistros ir patirties peili\u0173 galandimo srityje[:]\",\"publisher\":{\"@id\":\"https:\/\/aldsharpknife.com\/#organization\"},\"potentialAction\":[{\"@type\":\"SearchAction\",\"target\":{\"@type\":\"EntryPoint\",\"urlTemplate\":\"https:\/\/aldsharpknife.com\/?s={search_term_string}\"},\"query-input\":{\"@type\":\"PropertyValueSpecification\",\"valueRequired\":true,\"valueName\":\"search_term_string\"}}],\"inLanguage\":\"en-US\"},{\"@type\":\"Organization\",\"@id\":\"https:\/\/aldsharpknife.com\/#organization\",\"name\":\"Aldsharpknife\",\"url\":\"https:\/\/aldsharpknife.com\/\",\"logo\":{\"@type\":\"ImageObject\",\"inLanguage\":\"en-US\",\"@id\":\"https:\/\/aldsharpknife.com\/#\/schema\/logo\/image\/\",\"url\":\"https:\/\/aldsharpknife.com\/wp-content\/uploads\/2025\/03\/aldsharp_logo.png\",\"contentUrl\":\"https:\/\/aldsharpknife.com\/wp-content\/uploads\/2025\/03\/aldsharp_logo.png\",\"width\":492,\"height\":182,\"caption\":\"Aldsharpknife\"},\"image\":{\"@id\":\"https:\/\/aldsharpknife.com\/#\/schema\/logo\/image\/\"}}]}<\/script>\n<!-- \/ Yoast SEO plugin. -->","yoast_head_json":{"title":"[:et]Nugade teritamine[:en]Knife sharpening[:fi]Teroituspalvelu[:lv]Asin\u0101\u0161anas pakalpojums[:lt]Galandymo paslauga[:] - Aldsharpknife","robots":{"index":"index","follow":"follow","max-snippet":"max-snippet:-1","max-image-preview":"max-image-preview:large","max-video-preview":"max-video-preview:-1"},"canonical":"https:\/\/aldsharpknife.com\/sharpening\/","og_locale":"en_US","og_type":"article","og_title":"[:et]Nugade teritamine[:en]Knife sharpening[:fi]Teroituspalvelu[:lv]Asin\u0101\u0161anas pakalpojums[:lt]Galandymo paslauga[:] - Aldsharpknife","og_description":"Knife sharpening We offer a top-quality knife and scissor sharpening service. Feel free to bring or send your knives and scissors to us for sharpening. You\u2019ll receive them back razor-sharp, ensuring the best and most precise cutting experience. In our experience, most knives and scissors are dull when purchased and require immediate sharpening. Our strength [&hellip;]","og_url":"https:\/\/aldsharpknife.com\/sharpening\/","og_site_name":"Aldsharpknife","article_modified_time":"2025-11-16T18:57:29+00:00","twitter_card":"summary_large_image","twitter_misc":{"Est. reading time":"2 minutes"},"schema":{"@context":"https:\/\/schema.org","@graph":[{"@type":"WebPage","@id":"https:\/\/aldsharpknife.com\/sharpening\/","url":"https:\/\/aldsharpknife.com\/sharpening\/","name":"[:et]Nugade teritamine[:en]Knife sharpening[:fi]Teroituspalvelu[:lv]Asin\u0101\u0161anas pakalpojums[:lt]Galandymo paslauga[:] - Aldsharpknife","isPartOf":{"@id":"https:\/\/aldsharpknife.com\/#website"},"datePublished":"2025-03-16T19:39:58+00:00","dateModified":"2025-11-16T18:57:29+00:00","breadcrumb":{"@id":"https:\/\/aldsharpknife.com\/sharpening\/#breadcrumb"},"inLanguage":"en-US","potentialAction":[{"@type":"ReadAction","target":["https:\/\/aldsharpknife.com\/sharpening\/"]}]},{"@type":"BreadcrumbList","@id":"https:\/\/aldsharpknife.com\/sharpening\/#breadcrumb","itemListElement":[{"@type":"ListItem","position":1,"name":"Home","item":"https:\/\/aldsharpknife.com\/"},{"@type":"ListItem","position":2,"name":"Knife sharpening"}]},{"@type":"WebSite","@id":"https:\/\/aldsharpknife.com\/#website","url":"https:\/\/aldsharpknife.com\/","name":"Aldsharpknife","description":"[:et]50 aastat kirge ja kogemust noaterituse valdkonnas[:en]50 years of passion and experience in knife sharpening[:fi]50 vuotta intohimoa ja kokemusta veitsenter&auml;styksess&auml;[:lv]50 gadi kaisles un pieredzes na\u017eu asin\u0101&scaron;anas jom\u0101[:lt]50 met\u0173 aistros ir patirties peili\u0173 galandimo srityje[:]","publisher":{"@id":"https:\/\/aldsharpknife.com\/#organization"},"potentialAction":[{"@type":"SearchAction","target":{"@type":"EntryPoint","urlTemplate":"https:\/\/aldsharpknife.com\/?s={search_term_string}"},"query-input":{"@type":"PropertyValueSpecification","valueRequired":true,"valueName":"search_term_string"}}],"inLanguage":"en-US"},{"@type":"Organization","@id":"https:\/\/aldsharpknife.com\/#organization","name":"Aldsharpknife","url":"https:\/\/aldsharpknife.com\/","logo":{"@type":"ImageObject","inLanguage":"en-US","@id":"https:\/\/aldsharpknife.com\/#\/schema\/logo\/image\/","url":"https:\/\/aldsharpknife.com\/wp-content\/uploads\/2025\/03\/aldsharp_logo.png","contentUrl":"https:\/\/aldsharpknife.com\/wp-content\/uploads\/2025\/03\/aldsharp_logo.png","width":492,"height":182,"caption":"Aldsharpknife"},"image":{"@id":"https:\/\/aldsharpknife.com\/#\/schema\/logo\/image\/"}}]}},"uagb_featured_image_src":{"full":false,"thumbnail":false,"medium":false,"medium_large":false,"large":false,"1536x1536":false,"2048x2048":false,"mailpoet_newsletter_max":false,"woocommerce_thumbnail":false,"woocommerce_single":false,"woocommerce_gallery_thumbnail":false},"uagb_author_info":{"display_name":"admin","author_link":"https:\/\/aldsharpknife.com\/en\/author\/admin-2\/"},"uagb_comment_info":0,"uagb_excerpt":"Knife sharpening We offer a top-quality knife and scissor sharpening service. Feel free to bring or send your knives and scissors to us for sharpening. You\u2019ll receive them back razor-sharp, ensuring the best and most precise cutting experience. In our experience, most knives and scissors are dull when purchased and require immediate sharpening. Our strength&hellip;","mfb_rest_fields":["title","yoast_head","yoast_head_json","uagb_featured_image_src","uagb_author_info","uagb_comment_info","uagb_excerpt"],"_links":{"self":[{"href":"https:\/\/aldsharpknife.com\/en\/wp-json\/wp\/v2\/pages\/172","targetHints":{"allow":["GET"]}}],"collection":[{"href":"https:\/\/aldsharpknife.com\/en\/wp-json\/wp\/v2\/pages"}],"about":[{"href":"https:\/\/aldsharpknife.com\/en\/wp-json\/wp\/v2\/types\/page"}],"author":[{"embeddable":true,"href":"https:\/\/aldsharpknife.com\/en\/wp-json\/wp\/v2\/users\/2"}],"replies":[{"embeddable":true,"href":"https:\/\/aldsharpknife.com\/en\/wp-json\/wp\/v2\/comments?post=172"}],"version-history":[{"count":43,"href":"https:\/\/aldsharpknife.com\/en\/wp-json\/wp\/v2\/pages\/172\/revisions"}],"predecessor-version":[{"id":1302,"href":"https:\/\/aldsharpknife.com\/en\/wp-json\/wp\/v2\/pages\/172\/revisions\/1302"}],"wp:attachment":[{"href":"https:\/\/aldsharpknife.com\/en\/wp-json\/wp\/v2\/media?parent=172"}],"curies":[{"name":"wp","href":"https:\/\/api.w.org\/{rel}","templated":true}]}}