{"id":378,"date":"2025-05-04T23:19:21","date_gmt":"2025-05-04T20:19:21","guid":{"rendered":"https:\/\/aldsharpknife.com\/ostukorv\/"},"modified":"2025-08-11T18:24:20","modified_gmt":"2025-08-11T15:24:20","slug":"cart","status":"publish","type":"page","link":"https:\/\/aldsharpknife.com\/en\/cart\/","title":{"rendered":"Cart"},"content":{"rendered":"\n<div data-block-name=\"woocommerce\/cart\" class=\"wp-block-woocommerce-cart alignwide is-loading\">\n<div data-block-name=\"woocommerce\/filled-cart-block\" class=\"wp-block-woocommerce-filled-cart-block\">\n<div data-block-name=\"woocommerce\/cart-items-block\" class=\"wp-block-woocommerce-cart-items-block\">\n<div data-block-name=\"woocommerce\/cart-line-items-block\" class=\"wp-block-woocommerce-cart-line-items-block\"><\/div>\n\n\n\n<div data-block-name=\"woocommerce\/cart-cross-sells-block\" class=\"wp-block-woocommerce-cart-cross-sells-block\">\n<h2 class=\"wp-block-heading has-large-font-size\">Sa v\u00f5id olla huvitatud ka&#8230;<\/h2>\n\n\n\n<div data-block-name=\"woocommerce\/cart-cross-sells-products-block\" class=\"wp-block-woocommerce-cart-cross-sells-products-block\"><\/div>\n<\/div>\n<\/div>\n\n\n\n<div data-block-name=\"woocommerce\/cart-totals-block\" class=\"wp-block-woocommerce-cart-totals-block\">\n<div data-block-name=\"woocommerce\/cart-order-summary-block\" class=\"wp-block-woocommerce-cart-order-summary-block\">\n<div data-block-name=\"woocommerce\/cart-order-summary-heading-block\" class=\"wp-block-woocommerce-cart-order-summary-heading-block\"><\/div>\n\n\n\n<div data-block-name=\"woocommerce\/cart-order-summary-coupon-form-block\" class=\"wp-block-woocommerce-cart-order-summary-coupon-form-block\"><\/div>\n\n\n\n<div data-block-name=\"woocommerce\/cart-order-summary-totals-block\" class=\"wp-block-woocommerce-cart-order-summary-totals-block\">\n<div data-block-name=\"woocommerce\/cart-order-summary-subtotal-block\" class=\"wp-block-woocommerce-cart-order-summary-subtotal-block\"><\/div>\n\n\n\n<div data-block-name=\"woocommerce\/cart-order-summary-fee-block\" class=\"wp-block-woocommerce-cart-order-summary-fee-block\"><\/div>\n\n\n\n<div data-block-name=\"woocommerce\/cart-order-summary-discount-block\" class=\"wp-block-woocommerce-cart-order-summary-discount-block\"><\/div>\n\n\n\n<div data-block-name=\"woocommerce\/cart-order-summary-shipping-block\" class=\"wp-block-woocommerce-cart-order-summary-shipping-block\"><\/div>\n\n\n\n<div data-block-name=\"woocommerce\/cart-order-summary-taxes-block\" class=\"wp-block-woocommerce-cart-order-summary-taxes-block\"><\/div>\n<\/div>\n<\/div>\n\n\n\n<div data-block-name=\"woocommerce\/cart-express-payment-block\" class=\"wp-block-woocommerce-cart-express-payment-block\"><\/div>\n\n\n\n<div data-block-name=\"woocommerce\/proceed-to-checkout-block\" class=\"wp-block-woocommerce-proceed-to-checkout-block\"><\/div>\n\n\n\n<div data-block-name=\"woocommerce\/cart-accepted-payment-methods-block\" class=\"wp-block-woocommerce-cart-accepted-payment-methods-block\"><\/div>\n<\/div>\n<\/div>\n\n\n\n<div data-block-name=\"woocommerce\/empty-cart-block\" class=\"wp-block-woocommerce-empty-cart-block\">\n<h2 class=\"wp-block-heading has-text-align-center with-empty-cart-icon wc-block-cart__empty-cart__title\">Su ostukorv on hetkel t\u00fchi!<\/h2>\n\n\n\n<hr class=\"wp-block-separator has-alpha-channel-opacity is-style-dots\"\/>\n\n\n<h2 class=\"wp-block-heading has-text-align-center\">New products in shop<\/h2>\n\n<div data-block-name=\"woocommerce\/product-new\" data-columns=\"4\" data-rows=\"1\" class=\"wc-block-grid wp-block-product-new wp-block-woocommerce-product-new wc-block-product-new has-4-columns\"><ul class=\"wc-block-grid__products\"><li class=\"wc-block-grid__product\">\n\t\t\t\t<a href=\"https:\/\/aldsharpknife.com\/en\/product\/lihakahvel-110-mm\/\" class=\"wc-block-grid__product-link\">\n\t\t\t\t\t\n\t\t\t\t\t<div class=\"wc-block-grid__product-image\"><img loading=\"lazy\" decoding=\"async\" width=\"430\" height=\"287\" src=\"https:\/\/aldsharpknife.com\/wp-content\/uploads\/2026\/02\/750002_serveerimiskahvel_110mm-430x287.jpg\" class=\"attachment-woocommerce_thumbnail size-woocommerce_thumbnail\" alt=\"Meat fork, 110 mm\" srcset=\"https:\/\/aldsharpknife.com\/wp-content\/uploads\/2026\/02\/750002_serveerimiskahvel_110mm-430x287.jpg 430w, https:\/\/aldsharpknife.com\/wp-content\/uploads\/2026\/02\/750002_serveerimiskahvel_110mm-300x200.jpg 300w, https:\/\/aldsharpknife.com\/wp-content\/uploads\/2026\/02\/750002_serveerimiskahvel_110mm-1024x682.jpg 1024w, https:\/\/aldsharpknife.com\/wp-content\/uploads\/2026\/02\/750002_serveerimiskahvel_110mm-768x512.jpg 768w, https:\/\/aldsharpknife.com\/wp-content\/uploads\/2026\/02\/750002_serveerimiskahvel_110mm-1536x1024.jpg 1536w, https:\/\/aldsharpknife.com\/wp-content\/uploads\/2026\/02\/750002_serveerimiskahvel_110mm-1320x880.jpg 1320w, https:\/\/aldsharpknife.com\/wp-content\/uploads\/2026\/02\/750002_serveerimiskahvel_110mm-600x400.jpg 600w, https:\/\/aldsharpknife.com\/wp-content\/uploads\/2026\/02\/750002_serveerimiskahvel_110mm.jpg 2000w\" sizes=\"auto, (max-width: 430px) 100vw, 430px\" \/><\/div>\n\t\t\t\t\t<div class=\"wc-block-grid__product-title\">Meat fork, 110 mm<\/div>\n\t\t\t\t<\/a>\n\t\t\t\t<div class=\"wc-block-grid__product-price price\"><span class=\"woocommerce-Price-amount amount\">21,50&nbsp;<span class=\"woocommerce-Price-currencySymbol\">&euro;<\/span><\/span><\/div>\n\t\t\t\t\n\t\t\t\t<div class=\"wp-block-button wc-block-grid__product-add-to-cart\"><a href=\"?add-to-cart=1396\" aria-label=\"Add to cart: &ldquo;Meat fork, 110 mm&rdquo;\" data-quantity=\"1\" data-product_id=\"1396\" data-product_sku=\"750002\" data-price=\"21.5\" rel=\"nofollow\" class=\"wp-block-button__link wp-element-button add_to_cart_button ajax_add_to_cart\">Add to cart<\/a><\/div>\n\t\t\t<\/li><li class=\"wc-block-grid__product\">\n\t\t\t\t<a href=\"https:\/\/aldsharpknife.com\/en\/product\/tomatinuga-100-mm\/\" class=\"wc-block-grid__product-link\">\n\t\t\t\t\t\n\t\t\t\t\t<div class=\"wc-block-grid__product-image\"><img loading=\"lazy\" decoding=\"async\" width=\"430\" height=\"287\" src=\"https:\/\/aldsharpknife.com\/wp-content\/uploads\/2026\/02\/755501_tomatinuga_100mm-430x287.jpg\" class=\"attachment-woocommerce_thumbnail size-woocommerce_thumbnail\" alt=\"Tomato knife, 100 mm\" srcset=\"https:\/\/aldsharpknife.com\/wp-content\/uploads\/2026\/02\/755501_tomatinuga_100mm-430x287.jpg 430w, https:\/\/aldsharpknife.com\/wp-content\/uploads\/2026\/02\/755501_tomatinuga_100mm-300x200.jpg 300w, https:\/\/aldsharpknife.com\/wp-content\/uploads\/2026\/02\/755501_tomatinuga_100mm-1024x682.jpg 1024w, https:\/\/aldsharpknife.com\/wp-content\/uploads\/2026\/02\/755501_tomatinuga_100mm-768x512.jpg 768w, https:\/\/aldsharpknife.com\/wp-content\/uploads\/2026\/02\/755501_tomatinuga_100mm-1536x1024.jpg 1536w, https:\/\/aldsharpknife.com\/wp-content\/uploads\/2026\/02\/755501_tomatinuga_100mm-1320x880.jpg 1320w, https:\/\/aldsharpknife.com\/wp-content\/uploads\/2026\/02\/755501_tomatinuga_100mm-600x400.jpg 600w, https:\/\/aldsharpknife.com\/wp-content\/uploads\/2026\/02\/755501_tomatinuga_100mm.jpg 2000w\" sizes=\"auto, (max-width: 430px) 100vw, 430px\" \/><\/div>\n\t\t\t\t\t<div class=\"wc-block-grid__product-title\">Tomato knife, 100 mm<\/div>\n\t\t\t\t<\/a>\n\t\t\t\t<div class=\"wc-block-grid__product-price price\"><span class=\"woocommerce-Price-amount amount\">14,55&nbsp;<span class=\"woocommerce-Price-currencySymbol\">&euro;<\/span><\/span><\/div>\n\t\t\t\t\n\t\t\t\t<div class=\"wp-block-button wc-block-grid__product-add-to-cart\"><a href=\"?add-to-cart=1395\" aria-label=\"Add to cart: &ldquo;Tomato knife, 100 mm&rdquo;\" data-quantity=\"1\" data-product_id=\"1395\" data-product_sku=\"755501\" data-price=\"14.55\" rel=\"nofollow\" class=\"wp-block-button__link wp-element-button add_to_cart_button ajax_add_to_cart\">Add to cart<\/a><\/div>\n\t\t\t<\/li><li class=\"wc-block-grid__product\">\n\t\t\t\t<a href=\"https:\/\/aldsharpknife.com\/en\/product\/koorimisnuga-90-mm-2\/\" class=\"wc-block-grid__product-link\">\n\t\t\t\t\t\n\t\t\t\t\t<div class=\"wc-block-grid__product-image\"><img loading=\"lazy\" decoding=\"async\" width=\"430\" height=\"287\" src=\"https:\/\/aldsharpknife.com\/wp-content\/uploads\/2026\/02\/753001_l6ikamisnuga_90mm-430x287.jpg\" class=\"attachment-woocommerce_thumbnail size-woocommerce_thumbnail\" alt=\"Paring knife, 90 mm\" srcset=\"https:\/\/aldsharpknife.com\/wp-content\/uploads\/2026\/02\/753001_l6ikamisnuga_90mm-430x287.jpg 430w, https:\/\/aldsharpknife.com\/wp-content\/uploads\/2026\/02\/753001_l6ikamisnuga_90mm-300x200.jpg 300w, https:\/\/aldsharpknife.com\/wp-content\/uploads\/2026\/02\/753001_l6ikamisnuga_90mm-1024x682.jpg 1024w, https:\/\/aldsharpknife.com\/wp-content\/uploads\/2026\/02\/753001_l6ikamisnuga_90mm-768x512.jpg 768w, https:\/\/aldsharpknife.com\/wp-content\/uploads\/2026\/02\/753001_l6ikamisnuga_90mm-1536x1024.jpg 1536w, https:\/\/aldsharpknife.com\/wp-content\/uploads\/2026\/02\/753001_l6ikamisnuga_90mm-1320x880.jpg 1320w, https:\/\/aldsharpknife.com\/wp-content\/uploads\/2026\/02\/753001_l6ikamisnuga_90mm-600x400.jpg 600w, https:\/\/aldsharpknife.com\/wp-content\/uploads\/2026\/02\/753001_l6ikamisnuga_90mm.jpg 2000w\" sizes=\"auto, (max-width: 430px) 100vw, 430px\" \/><\/div>\n\t\t\t\t\t<div class=\"wc-block-grid__product-title\">Paring knife, 90 mm<\/div>\n\t\t\t\t<\/a>\n\t\t\t\t<div class=\"wc-block-grid__product-price price\"><span class=\"woocommerce-Price-amount amount\">11,82&nbsp;<span class=\"woocommerce-Price-currencySymbol\">&euro;<\/span><\/span><\/div>\n\t\t\t\t\n\t\t\t\t<div class=\"wp-block-button wc-block-grid__product-add-to-cart\"><a href=\"?add-to-cart=1394\" aria-label=\"Add to cart: &ldquo;Paring knife, 90 mm&rdquo;\" data-quantity=\"1\" data-product_id=\"1394\" data-product_sku=\"753001\" data-price=\"11.82\" rel=\"nofollow\" class=\"wp-block-button__link wp-element-button add_to_cart_button ajax_add_to_cart\">Add to cart<\/a><\/div>\n\t\t\t<\/li><li class=\"wc-block-grid__product\">\n\t\t\t\t<a href=\"https:\/\/aldsharpknife.com\/en\/product\/koorimisnuga-100-mm-2\/\" class=\"wc-block-grid__product-link\">\n\t\t\t\t\t\n\t\t\t\t\t<div class=\"wc-block-grid__product-image\"><img loading=\"lazy\" decoding=\"async\" width=\"430\" height=\"287\" src=\"https:\/\/aldsharpknife.com\/wp-content\/uploads\/2026\/02\/753002_l6ikamisnuga_100mm-430x287.jpg\" class=\"attachment-woocommerce_thumbnail size-woocommerce_thumbnail\" alt=\"Paring knife, 100 mm\" srcset=\"https:\/\/aldsharpknife.com\/wp-content\/uploads\/2026\/02\/753002_l6ikamisnuga_100mm-430x287.jpg 430w, https:\/\/aldsharpknife.com\/wp-content\/uploads\/2026\/02\/753002_l6ikamisnuga_100mm-300x200.jpg 300w, https:\/\/aldsharpknife.com\/wp-content\/uploads\/2026\/02\/753002_l6ikamisnuga_100mm-1024x682.jpg 1024w, https:\/\/aldsharpknife.com\/wp-content\/uploads\/2026\/02\/753002_l6ikamisnuga_100mm-768x512.jpg 768w, https:\/\/aldsharpknife.com\/wp-content\/uploads\/2026\/02\/753002_l6ikamisnuga_100mm-1536x1024.jpg 1536w, https:\/\/aldsharpknife.com\/wp-content\/uploads\/2026\/02\/753002_l6ikamisnuga_100mm-1320x880.jpg 1320w, https:\/\/aldsharpknife.com\/wp-content\/uploads\/2026\/02\/753002_l6ikamisnuga_100mm-600x400.jpg 600w, https:\/\/aldsharpknife.com\/wp-content\/uploads\/2026\/02\/753002_l6ikamisnuga_100mm.jpg 2000w\" sizes=\"auto, (max-width: 430px) 100vw, 430px\" \/><\/div>\n\t\t\t\t\t<div class=\"wc-block-grid__product-title\">Paring knife, 100 mm<\/div>\n\t\t\t\t<\/a>\n\t\t\t\t<div class=\"wc-block-grid__product-price price\"><span class=\"woocommerce-Price-amount amount\">13,07&nbsp;<span class=\"woocommerce-Price-currencySymbol\">&euro;<\/span><\/span><\/div>\n\t\t\t\t\n\t\t\t\t<div class=\"wp-block-button wc-block-grid__product-add-to-cart\"><a href=\"?add-to-cart=1391\" aria-label=\"Add to cart: &ldquo;Paring knife, 100 mm&rdquo;\" data-quantity=\"1\" data-product_id=\"1391\" data-product_sku=\"753002\" data-price=\"13.07\" rel=\"nofollow\" class=\"wp-block-button__link wp-element-button add_to_cart_button ajax_add_to_cart\">Add to cart<\/a><\/div>\n\t\t\t<\/li><\/ul><\/div><\/div>\n<\/div>\n","protected":false},"excerpt":{"rendered":"","protected":false},"author":1,"featured_media":0,"parent":0,"menu_order":0,"comment_status":"closed","ping_status":"closed","template":"","meta":{"_uag_custom_page_level_css":"","footnotes":""},"class_list":["post-378","page","type-page","status-publish","hentry"],"mb":[],"yoast_head":"<!-- This site is optimized with the Yoast SEO plugin v26.0 - https:\/\/yoast.com\/wordpress\/plugins\/seo\/ -->\n<title>Cart - Aldsharpknife<\/title>\n<meta name=\"robots\" content=\"index, follow, max-snippet:-1, max-image-preview:large, max-video-preview:-1\" \/>\n<link rel=\"canonical\" href=\"https:\/\/aldsharpknife.com\/cart\/\" \/>\n<meta property=\"og:locale\" content=\"en_US\" \/>\n<meta property=\"og:type\" content=\"article\" \/>\n<meta property=\"og:title\" content=\"[:et]Ostukorv[:en]Cart[:] - Aldsharpknife\" \/>\n<meta property=\"og:url\" content=\"https:\/\/aldsharpknife.com\/cart\/\" \/>\n<meta property=\"og:site_name\" content=\"Aldsharpknife\" \/>\n<meta property=\"article:modified_time\" content=\"2025-08-11T15:24:20+00:00\" \/>\n<meta name=\"twitter:card\" content=\"summary_large_image\" \/>\n<script type=\"application\/ld+json\" class=\"yoast-schema-graph\">{\"@context\":\"https:\/\/schema.org\",\"@graph\":[{\"@type\":\"WebPage\",\"@id\":\"https:\/\/aldsharpknife.com\/cart\/\",\"url\":\"https:\/\/aldsharpknife.com\/cart\/\",\"name\":\"[:et]Ostukorv[:en]Cart[:] - Aldsharpknife\",\"isPartOf\":{\"@id\":\"https:\/\/aldsharpknife.com\/#website\"},\"datePublished\":\"2025-05-04T20:19:21+00:00\",\"dateModified\":\"2025-08-11T15:24:20+00:00\",\"breadcrumb\":{\"@id\":\"https:\/\/aldsharpknife.com\/cart\/#breadcrumb\"},\"inLanguage\":\"en-US\",\"potentialAction\":[{\"@type\":\"ReadAction\",\"target\":[\"https:\/\/aldsharpknife.com\/cart\/\"]}]},{\"@type\":\"BreadcrumbList\",\"@id\":\"https:\/\/aldsharpknife.com\/cart\/#breadcrumb\",\"itemListElement\":[{\"@type\":\"ListItem\",\"position\":1,\"name\":\"Home\",\"item\":\"https:\/\/aldsharpknife.com\/\"},{\"@type\":\"ListItem\",\"position\":2,\"name\":\"Ostukorv\"}]},{\"@type\":\"WebSite\",\"@id\":\"https:\/\/aldsharpknife.com\/#website\",\"url\":\"https:\/\/aldsharpknife.com\/\",\"name\":\"Aldsharpknife\",\"description\":\"[:et]50 aastat kirge ja kogemust noaterituse valdkonnas[:en]50 years of passion and experience in knife sharpening[:fi]50 vuotta intohimoa ja kokemusta veitsenter&auml;styksess&auml;[:lv]50 gadi kaisles un pieredzes na\u017eu asin\u0101&scaron;anas jom\u0101[:lt]50 met\u0173 aistros ir patirties peili\u0173 galandimo srityje[:]\",\"publisher\":{\"@id\":\"https:\/\/aldsharpknife.com\/#organization\"},\"potentialAction\":[{\"@type\":\"SearchAction\",\"target\":{\"@type\":\"EntryPoint\",\"urlTemplate\":\"https:\/\/aldsharpknife.com\/?s={search_term_string}\"},\"query-input\":{\"@type\":\"PropertyValueSpecification\",\"valueRequired\":true,\"valueName\":\"search_term_string\"}}],\"inLanguage\":\"en-US\"},{\"@type\":\"Organization\",\"@id\":\"https:\/\/aldsharpknife.com\/#organization\",\"name\":\"Aldsharpknife\",\"url\":\"https:\/\/aldsharpknife.com\/\",\"logo\":{\"@type\":\"ImageObject\",\"inLanguage\":\"en-US\",\"@id\":\"https:\/\/aldsharpknife.com\/#\/schema\/logo\/image\/\",\"url\":\"https:\/\/aldsharpknife.com\/wp-content\/uploads\/2025\/03\/aldsharp_logo.png\",\"contentUrl\":\"https:\/\/aldsharpknife.com\/wp-content\/uploads\/2025\/03\/aldsharp_logo.png\",\"width\":492,\"height\":182,\"caption\":\"Aldsharpknife\"},\"image\":{\"@id\":\"https:\/\/aldsharpknife.com\/#\/schema\/logo\/image\/\"}}]}<\/script>\n<!-- \/ Yoast SEO plugin. -->","yoast_head_json":{"title":"[:et]Ostukorv[:en]Cart[:] - Aldsharpknife","robots":{"index":"index","follow":"follow","max-snippet":"max-snippet:-1","max-image-preview":"max-image-preview:large","max-video-preview":"max-video-preview:-1"},"canonical":"https:\/\/aldsharpknife.com\/cart\/","og_locale":"en_US","og_type":"article","og_title":"[:et]Ostukorv[:en]Cart[:] - Aldsharpknife","og_url":"https:\/\/aldsharpknife.com\/cart\/","og_site_name":"Aldsharpknife","article_modified_time":"2025-08-11T15:24:20+00:00","twitter_card":"summary_large_image","schema":{"@context":"https:\/\/schema.org","@graph":[{"@type":"WebPage","@id":"https:\/\/aldsharpknife.com\/cart\/","url":"https:\/\/aldsharpknife.com\/cart\/","name":"[:et]Ostukorv[:en]Cart[:] - Aldsharpknife","isPartOf":{"@id":"https:\/\/aldsharpknife.com\/#website"},"datePublished":"2025-05-04T20:19:21+00:00","dateModified":"2025-08-11T15:24:20+00:00","breadcrumb":{"@id":"https:\/\/aldsharpknife.com\/cart\/#breadcrumb"},"inLanguage":"en-US","potentialAction":[{"@type":"ReadAction","target":["https:\/\/aldsharpknife.com\/cart\/"]}]},{"@type":"BreadcrumbList","@id":"https:\/\/aldsharpknife.com\/cart\/#breadcrumb","itemListElement":[{"@type":"ListItem","position":1,"name":"Home","item":"https:\/\/aldsharpknife.com\/"},{"@type":"ListItem","position":2,"name":"Ostukorv"}]},{"@type":"WebSite","@id":"https:\/\/aldsharpknife.com\/#website","url":"https:\/\/aldsharpknife.com\/","name":"Aldsharpknife","description":"[:et]50 aastat kirge ja kogemust noaterituse valdkonnas[:en]50 years of passion and experience in knife sharpening[:fi]50 vuotta intohimoa ja kokemusta veitsenter&auml;styksess&auml;[:lv]50 gadi kaisles un pieredzes na\u017eu asin\u0101&scaron;anas jom\u0101[:lt]50 met\u0173 aistros ir patirties peili\u0173 galandimo srityje[:]","publisher":{"@id":"https:\/\/aldsharpknife.com\/#organization"},"potentialAction":[{"@type":"SearchAction","target":{"@type":"EntryPoint","urlTemplate":"https:\/\/aldsharpknife.com\/?s={search_term_string}"},"query-input":{"@type":"PropertyValueSpecification","valueRequired":true,"valueName":"search_term_string"}}],"inLanguage":"en-US"},{"@type":"Organization","@id":"https:\/\/aldsharpknife.com\/#organization","name":"Aldsharpknife","url":"https:\/\/aldsharpknife.com\/","logo":{"@type":"ImageObject","inLanguage":"en-US","@id":"https:\/\/aldsharpknife.com\/#\/schema\/logo\/image\/","url":"https:\/\/aldsharpknife.com\/wp-content\/uploads\/2025\/03\/aldsharp_logo.png","contentUrl":"https:\/\/aldsharpknife.com\/wp-content\/uploads\/2025\/03\/aldsharp_logo.png","width":492,"height":182,"caption":"Aldsharpknife"},"image":{"@id":"https:\/\/aldsharpknife.com\/#\/schema\/logo\/image\/"}}]}},"uagb_featured_image_src":{"full":false,"thumbnail":false,"medium":false,"medium_large":false,"large":false,"1536x1536":false,"2048x2048":false,"mailpoet_newsletter_max":false,"woocommerce_thumbnail":false,"woocommerce_single":false,"woocommerce_gallery_thumbnail":false},"uagb_author_info":{"display_name":"admin","author_link":"https:\/\/aldsharpknife.com\/en\/author\/admin\/"},"uagb_comment_info":0,"uagb_excerpt":null,"mfb_rest_fields":["title","yoast_head","yoast_head_json","uagb_featured_image_src","uagb_author_info","uagb_comment_info","uagb_excerpt"],"_links":{"self":[{"href":"https:\/\/aldsharpknife.com\/en\/wp-json\/wp\/v2\/pages\/378","targetHints":{"allow":["GET"]}}],"collection":[{"href":"https:\/\/aldsharpknife.com\/en\/wp-json\/wp\/v2\/pages"}],"about":[{"href":"https:\/\/aldsharpknife.com\/en\/wp-json\/wp\/v2\/types\/page"}],"author":[{"embeddable":true,"href":"https:\/\/aldsharpknife.com\/en\/wp-json\/wp\/v2\/users\/1"}],"replies":[{"embeddable":true,"href":"https:\/\/aldsharpknife.com\/en\/wp-json\/wp\/v2\/comments?post=378"}],"version-history":[{"count":8,"href":"https:\/\/aldsharpknife.com\/en\/wp-json\/wp\/v2\/pages\/378\/revisions"}],"predecessor-version":[{"id":1264,"href":"https:\/\/aldsharpknife.com\/en\/wp-json\/wp\/v2\/pages\/378\/revisions\/1264"}],"wp:attachment":[{"href":"https:\/\/aldsharpknife.com\/en\/wp-json\/wp\/v2\/media?parent=378"}],"curies":[{"name":"wp","href":"https:\/\/api.w.org\/{rel}","templated":true}]}}