{"id":759,"date":"2025-07-08T02:21:11","date_gmt":"2025-07-07T23:21:11","guid":{"rendered":"https:\/\/aldsharpknife.com\/?page_id=759"},"modified":"2025-08-04T16:32:54","modified_gmt":"2025-08-04T13:32:54","slug":"order-and-deliveryinfo","status":"publish","type":"page","link":"https:\/\/aldsharpknife.com\/en\/order-and-deliveryinfo\/","title":{"rendered":"Order and delivery information"},"content":{"rendered":"<h3 class=\"wp-block-heading\">Online store customer support<\/h3>\n\n\n\n<p>If you have any questions about the products or using the online store, feel free to contact us. We are<br>happy to answer your questions. If we don\u2019t know the answer immediately, we\u2019ll find out!<br>Phone: +372 5615 6680 (available Mon\u2013Fri 08:00\u201318:00)<br>Email: infoaldsharp@gmail.com<\/p>\n\n\n\n<h3 class=\"wp-block-heading\">Trustworthy and secure shopping experience<\/h3>\n\n\n\n<p>To place an order in the online store, select the desired products and add them to your shopping cart. To<br>complete your order, enter your details and choose a suitable delivery method (Omniva, SmartPOST, or<br>DPD parcel lockers across Estonia).<br>You can pay via bank transfer or through bank links provided by Maksekeskus, supporting the most<br>commonly used banks in Estonia.<\/p>\n\n\n\n<h3 class=\"wp-block-heading\">Fast delivery \u2013 order to the nearest parcel locker<\/h3>\n\n\n\n<p>The offered products are in stock.<br>When ordering to a parcel locker, we will ship paid orders within 24 hours.<br>The goods will be sent to the parcel locker indicated in the order in Estonia, Finland, Latvia, or Lithuania.<br>It is important to ensure that all your information is correct\u2014otherwise, the order may not reach you. The<br>seller is not responsible for the accuracy of the data entered by the buyer in the online store. If the buyer<br>provides an incorrect address, the shipment may not arrive, and the seller is not liable.<br>Shipping costs are covered by the buyer according to the prices displayed with the chosen delivery<br>method and are automatically added to the order.<br>Within Estonia, parcels usually arrive within 2\u20134 business days. For international deliveries, it takes 1\u20132<br>weeks. If, for any reason, delivery is delayed, we will inform you via email or phone.<br>You will receive an SMS notification once the parcel has arrived at the locker, containing the locker door<br>code. The parcel is stored in the parcel locker for 7 calendar days.<br>If you&#8217;re unable to use the listed delivery methods, please contact us before placing your order so we can<br>arrange an alternative way to get your products to you.<\/p>\n\n\n\n<h3 class=\"wp-block-heading\">Validity of the sales contract, product and price information<\/h3>\n\n\n\n<p>The terms of sale apply when purchasing goods from the online store. The prices of the products are listed<br>next to each item. Delivery charges are added to the price and depend on the buyer\u2019s location and chosen<br>delivery method. These charges are displayed when placing the order. Product information is presented<br>next to each product in the online store.<\/p>\n\n\n\n<h3 class=\"wp-block-heading\">Placing an order<\/h3>\n\n\n\n<p>To order, add the desired products to your cart by clicking \u201cAdd to Cart\u201d on the product card. When all<br>items are added, proceed to the checkout by clicking \u201cOrder\u201d in the cart and filling in the required fields.<br>Then, select a suitable delivery method. The final order summary will be displayed, and to confirm the<br>order, click \u201cSubmit Order\u201d.<\/p>\n\n\n\n<h3 class=\"wp-block-heading\">Payment for the order<\/h3>\n\n\n\n<p>You can pay for the order by bank transfer or via bank link. The online store processes payments only in<br>euros.<br>If you choose bank transfer, an invoice\/order confirmation will be sent to your email after completing the<br>order, based on which you can make the transfer.<br>Bank details:<\/p>\n\n\n\n<p>Siiber O\u00dc<br>IBAN: EE797700771008989672<br>Bank: LHV Pank<br>SWIFT: LHVBEE22<\/p>\n\n\n\n<p>Please include your order number in the payment description.<br>If the invoice is not paid within 5 calendar days, the order will be cancelled.<br>Available bank links: Swedbank, SEB, Coop Pank, LHV, and Nordea.<br>To pay via bank link, click the \u201cPay\u201d button next to your selected bank and follow the instructions.<br>The contract enters into force once the payment has been received in the online store\u2019s account.<\/p>\n\n\n\n<h3 class=\"wp-block-heading\">Right of withdrawal<\/h3>\n\n\n\n<p>After receiving the order, the buyer has the right to withdraw from the contract within 14 days. This right<br>does not apply if the buyer is a legal entity.<br>To use the 14-day return right, the product may only be used to the extent necessary to inspect its nature,<br>properties, and functioning\u2014similar to what is permitted in a physical store.<br>If the product has been used beyond this or shows signs of wear or usage, the online store has the right to<br>reduce the refundable amount according to the decrease in the product\u2019s value.<br>To return the product, send a withdrawal notice to infoaldsharp@gmail.com within 14 days of receiving<br>the goods.<br>Return shipping costs are covered by the buyer, except when the reason for return is a product defect or an<br>incorrect item.<br>The online store will refund the buyer within 14 days of receiving the returned goods, including the<br>original shipping costs.<br>Costs related to return shipping are not reimbursed.<br>The online store has the right to cancel the sale and request the return of goods if a pricing error has<br>resulted in the product being sold significantly below its market value.<\/p>\n\n\n\n<h3 class=\"wp-block-heading\">Right to file a complaint<\/h3>\n\n\n\n<p>The online store is responsible for the non-compliance or defects in products sold that existed at the time<br>of delivery.<br>If a defect appears, the buyer must notify the online store within two weeks by emailing<br>infoaldsharp@gmailcom.<br>The online store is not liable for defects that occurred after the goods were delivered.<br>If the product is defective and the online store is responsible, it will repair or replace the product.<br>The online store will respond to consumer complaints in writing or in a format that can be reproduced in<br>writing within 15 days.<\/p>\n\n\n\n<h3 class=\"wp-block-heading\">Online store owner contact information<\/h3>\n\n\n\n<p>The online store www.aldsharpknife.com is owned by:<br>Siiber O\u00dc<br>Registration code: 14040960<br>Address: Kingu tee 8, Saarde village, 86213 Saarde parish, P\u00e4rnumaa, Estonia<\/p>","protected":false},"excerpt":{"rendered":"<p>Online store customer support If you have any questions about the products or using the online store, feel free to contact us. We arehappy to answer your questions. If we don\u2019t know the answer immediately, we\u2019ll find out!Phone: +372 5615 6680 (available Mon\u2013Fri 08:00\u201318:00)Email: infoaldsharp@gmail.com Trustworthy and secure shopping experience To place an order in [&hellip;]<\/p>\n","protected":false},"author":2,"featured_media":0,"parent":0,"menu_order":0,"comment_status":"closed","ping_status":"closed","template":"","meta":{"_uag_custom_page_level_css":"","footnotes":""},"class_list":["post-759","page","type-page","status-publish","hentry"],"mb":[],"yoast_head":"<!-- This site is optimized with the Yoast SEO plugin v26.0 - https:\/\/yoast.com\/wordpress\/plugins\/seo\/ -->\n<title>Order and delivery information - Aldsharpknife<\/title>\n<meta name=\"robots\" content=\"index, follow, max-snippet:-1, max-image-preview:large, max-video-preview:-1\" \/>\n<link rel=\"canonical\" href=\"https:\/\/aldsharpknife.com\/order-and-deliveryinfo\/\" \/>\n<meta property=\"og:locale\" content=\"en_US\" \/>\n<meta property=\"og:type\" content=\"article\" \/>\n<meta property=\"og:title\" content=\"[:et]Tellimis- ja tarneinfo[:en]Order and delivery information[:] - Aldsharpknife\" \/>\n<meta property=\"og:description\" content=\"Online store customer support If you have any questions about the products or using the online store, feel free to contact us. We arehappy to answer your questions. If we don\u2019t know the answer immediately, we\u2019ll find out!Phone: +372 5615 6680 (available Mon\u2013Fri 08:00\u201318:00)Email: infoaldsharp@gmail.com Trustworthy and secure shopping experience To place an order in [&hellip;]\" \/>\n<meta property=\"og:url\" content=\"https:\/\/aldsharpknife.com\/order-and-deliveryinfo\/\" \/>\n<meta property=\"og:site_name\" content=\"Aldsharpknife\" \/>\n<meta property=\"article:modified_time\" content=\"2025-08-04T13:32:54+00:00\" \/>\n<meta name=\"twitter:card\" content=\"summary_large_image\" \/>\n<meta name=\"twitter:label1\" content=\"Est. reading time\" \/>\n\t<meta name=\"twitter:data1\" content=\"8 minutes\" \/>\n<script type=\"application\/ld+json\" class=\"yoast-schema-graph\">{\"@context\":\"https:\/\/schema.org\",\"@graph\":[{\"@type\":\"WebPage\",\"@id\":\"https:\/\/aldsharpknife.com\/order-and-deliveryinfo\/\",\"url\":\"https:\/\/aldsharpknife.com\/order-and-deliveryinfo\/\",\"name\":\"[:et]Tellimis- ja tarneinfo[:en]Order and delivery information[:] - Aldsharpknife\",\"isPartOf\":{\"@id\":\"https:\/\/aldsharpknife.com\/#website\"},\"datePublished\":\"2025-07-07T23:21:11+00:00\",\"dateModified\":\"2025-08-04T13:32:54+00:00\",\"breadcrumb\":{\"@id\":\"https:\/\/aldsharpknife.com\/order-and-deliveryinfo\/#breadcrumb\"},\"inLanguage\":\"en-US\",\"potentialAction\":[{\"@type\":\"ReadAction\",\"target\":[\"https:\/\/aldsharpknife.com\/order-and-deliveryinfo\/\"]}]},{\"@type\":\"BreadcrumbList\",\"@id\":\"https:\/\/aldsharpknife.com\/order-and-deliveryinfo\/#breadcrumb\",\"itemListElement\":[{\"@type\":\"ListItem\",\"position\":1,\"name\":\"Home\",\"item\":\"https:\/\/aldsharpknife.com\/\"},{\"@type\":\"ListItem\",\"position\":2,\"name\":\"Tellimis- ja tarneinfo\"}]},{\"@type\":\"WebSite\",\"@id\":\"https:\/\/aldsharpknife.com\/#website\",\"url\":\"https:\/\/aldsharpknife.com\/\",\"name\":\"Aldsharpknife\",\"description\":\"[:et]50 aastat kirge ja kogemust noaterituse valdkonnas[:en]50 years of passion and experience in knife sharpening[:fi]50 vuotta intohimoa ja kokemusta veitsenter&auml;styksess&auml;[:lv]50 gadi kaisles un pieredzes na\u017eu asin\u0101&scaron;anas jom\u0101[:lt]50 met\u0173 aistros ir patirties peili\u0173 galandimo srityje[:]\",\"publisher\":{\"@id\":\"https:\/\/aldsharpknife.com\/#organization\"},\"potentialAction\":[{\"@type\":\"SearchAction\",\"target\":{\"@type\":\"EntryPoint\",\"urlTemplate\":\"https:\/\/aldsharpknife.com\/?s={search_term_string}\"},\"query-input\":{\"@type\":\"PropertyValueSpecification\",\"valueRequired\":true,\"valueName\":\"search_term_string\"}}],\"inLanguage\":\"en-US\"},{\"@type\":\"Organization\",\"@id\":\"https:\/\/aldsharpknife.com\/#organization\",\"name\":\"Aldsharpknife\",\"url\":\"https:\/\/aldsharpknife.com\/\",\"logo\":{\"@type\":\"ImageObject\",\"inLanguage\":\"en-US\",\"@id\":\"https:\/\/aldsharpknife.com\/#\/schema\/logo\/image\/\",\"url\":\"https:\/\/aldsharpknife.com\/wp-content\/uploads\/2025\/03\/aldsharp_logo.png\",\"contentUrl\":\"https:\/\/aldsharpknife.com\/wp-content\/uploads\/2025\/03\/aldsharp_logo.png\",\"width\":492,\"height\":182,\"caption\":\"Aldsharpknife\"},\"image\":{\"@id\":\"https:\/\/aldsharpknife.com\/#\/schema\/logo\/image\/\"}}]}<\/script>\n<!-- \/ Yoast SEO plugin. -->","yoast_head_json":{"title":"[:et]Tellimis- ja tarneinfo[:en]Order and delivery information[:] - Aldsharpknife","robots":{"index":"index","follow":"follow","max-snippet":"max-snippet:-1","max-image-preview":"max-image-preview:large","max-video-preview":"max-video-preview:-1"},"canonical":"https:\/\/aldsharpknife.com\/order-and-deliveryinfo\/","og_locale":"en_US","og_type":"article","og_title":"[:et]Tellimis- ja tarneinfo[:en]Order and delivery information[:] - Aldsharpknife","og_description":"Online store customer support If you have any questions about the products or using the online store, feel free to contact us. We arehappy to answer your questions. If we don\u2019t know the answer immediately, we\u2019ll find out!Phone: +372 5615 6680 (available Mon\u2013Fri 08:00\u201318:00)Email: infoaldsharp@gmail.com Trustworthy and secure shopping experience To place an order in [&hellip;]","og_url":"https:\/\/aldsharpknife.com\/order-and-deliveryinfo\/","og_site_name":"Aldsharpknife","article_modified_time":"2025-08-04T13:32:54+00:00","twitter_card":"summary_large_image","twitter_misc":{"Est. reading time":"8 minutes"},"schema":{"@context":"https:\/\/schema.org","@graph":[{"@type":"WebPage","@id":"https:\/\/aldsharpknife.com\/order-and-deliveryinfo\/","url":"https:\/\/aldsharpknife.com\/order-and-deliveryinfo\/","name":"[:et]Tellimis- ja tarneinfo[:en]Order and delivery information[:] - Aldsharpknife","isPartOf":{"@id":"https:\/\/aldsharpknife.com\/#website"},"datePublished":"2025-07-07T23:21:11+00:00","dateModified":"2025-08-04T13:32:54+00:00","breadcrumb":{"@id":"https:\/\/aldsharpknife.com\/order-and-deliveryinfo\/#breadcrumb"},"inLanguage":"en-US","potentialAction":[{"@type":"ReadAction","target":["https:\/\/aldsharpknife.com\/order-and-deliveryinfo\/"]}]},{"@type":"BreadcrumbList","@id":"https:\/\/aldsharpknife.com\/order-and-deliveryinfo\/#breadcrumb","itemListElement":[{"@type":"ListItem","position":1,"name":"Home","item":"https:\/\/aldsharpknife.com\/"},{"@type":"ListItem","position":2,"name":"Tellimis- ja tarneinfo"}]},{"@type":"WebSite","@id":"https:\/\/aldsharpknife.com\/#website","url":"https:\/\/aldsharpknife.com\/","name":"Aldsharpknife","description":"[:et]50 aastat kirge ja kogemust noaterituse valdkonnas[:en]50 years of passion and experience in knife sharpening[:fi]50 vuotta intohimoa ja kokemusta veitsenter&auml;styksess&auml;[:lv]50 gadi kaisles un pieredzes na\u017eu asin\u0101&scaron;anas jom\u0101[:lt]50 met\u0173 aistros ir patirties peili\u0173 galandimo srityje[:]","publisher":{"@id":"https:\/\/aldsharpknife.com\/#organization"},"potentialAction":[{"@type":"SearchAction","target":{"@type":"EntryPoint","urlTemplate":"https:\/\/aldsharpknife.com\/?s={search_term_string}"},"query-input":{"@type":"PropertyValueSpecification","valueRequired":true,"valueName":"search_term_string"}}],"inLanguage":"en-US"},{"@type":"Organization","@id":"https:\/\/aldsharpknife.com\/#organization","name":"Aldsharpknife","url":"https:\/\/aldsharpknife.com\/","logo":{"@type":"ImageObject","inLanguage":"en-US","@id":"https:\/\/aldsharpknife.com\/#\/schema\/logo\/image\/","url":"https:\/\/aldsharpknife.com\/wp-content\/uploads\/2025\/03\/aldsharp_logo.png","contentUrl":"https:\/\/aldsharpknife.com\/wp-content\/uploads\/2025\/03\/aldsharp_logo.png","width":492,"height":182,"caption":"Aldsharpknife"},"image":{"@id":"https:\/\/aldsharpknife.com\/#\/schema\/logo\/image\/"}}]}},"uagb_featured_image_src":{"full":false,"thumbnail":false,"medium":false,"medium_large":false,"large":false,"1536x1536":false,"2048x2048":false,"mailpoet_newsletter_max":false,"woocommerce_thumbnail":false,"woocommerce_single":false,"woocommerce_gallery_thumbnail":false},"uagb_author_info":{"display_name":"admin","author_link":"https:\/\/aldsharpknife.com\/en\/author\/admin-2\/"},"uagb_comment_info":0,"uagb_excerpt":"Online store customer support If you have any questions about the products or using the online store, feel free to contact us. We arehappy to answer your questions. If we don\u2019t know the answer immediately, we\u2019ll find out!Phone: +372 5615 6680 (available Mon\u2013Fri 08:00\u201318:00)Email: infoaldsharp@gmail.com Trustworthy and secure shopping experience To place an order in&hellip;","mfb_rest_fields":["title","yoast_head","yoast_head_json","uagb_featured_image_src","uagb_author_info","uagb_comment_info","uagb_excerpt"],"_links":{"self":[{"href":"https:\/\/aldsharpknife.com\/en\/wp-json\/wp\/v2\/pages\/759","targetHints":{"allow":["GET"]}}],"collection":[{"href":"https:\/\/aldsharpknife.com\/en\/wp-json\/wp\/v2\/pages"}],"about":[{"href":"https:\/\/aldsharpknife.com\/en\/wp-json\/wp\/v2\/types\/page"}],"author":[{"embeddable":true,"href":"https:\/\/aldsharpknife.com\/en\/wp-json\/wp\/v2\/users\/2"}],"replies":[{"embeddable":true,"href":"https:\/\/aldsharpknife.com\/en\/wp-json\/wp\/v2\/comments?post=759"}],"version-history":[{"count":30,"href":"https:\/\/aldsharpknife.com\/en\/wp-json\/wp\/v2\/pages\/759\/revisions"}],"predecessor-version":[{"id":1186,"href":"https:\/\/aldsharpknife.com\/en\/wp-json\/wp\/v2\/pages\/759\/revisions\/1186"}],"wp:attachment":[{"href":"https:\/\/aldsharpknife.com\/en\/wp-json\/wp\/v2\/media?parent=759"}],"curies":[{"name":"wp","href":"https:\/\/api.w.org\/{rel}","templated":true}]}}