{"id":763,"date":"2025-07-08T02:25:44","date_gmt":"2025-07-07T23:25:44","guid":{"rendered":"https:\/\/aldsharpknife.com\/?page_id=763"},"modified":"2025-08-11T16:25:30","modified_gmt":"2025-08-11T13:25:30","slug":"purchase-guide","status":"publish","type":"page","link":"https:\/\/aldsharpknife.com\/en\/purchase-guide\/","title":{"rendered":"Purchase guide"},"content":{"rendered":"<h3 class=\"wp-block-heading\">Creating a User Account<\/h3>\n\n\n\n<p>While you can place an order in our online store without registering, creating a regular customer account offers several valuable benefits.<br>Your personal details and address only need to be entered once. In the future, you just log in, and placing an order will take significantly less<br>time.<br>Some discount campaigns and special offers are available only to registered customers.<br>If you wish to order on behalf of a company, this is also possible as a registered user.<br>The user account becomes active on the day of creation, and the user may delete their account at any time.<br>By creating an account, the user confirms that the provided name and contact details are accurate, that<br>they are of legal age, and, if registering on behalf of a legal entity, that they have the right to represent the<br>company.<br>By creating a user account, the individual confirms that they understand the purpose of the account (i.e.,<br>placing orders and purchasing goods), and that they have read and agreed to these Terms and Conditions<br>and its appendices.<\/p>\n\n\n\n<h3 class=\"wp-block-heading\">Selecting Products<\/h3>\n\n\n\n<p>At the top and center of the page, you will find the product category menu. Click on the desired category<br>to view the products in that section.<br>On the product page, make your selection and add the item to your cart.<\/p>\n\n\n\n<h3 class=\"wp-block-heading\">Shopping Cart<\/h3>\n\n\n\n<p>After adding a product to your cart, you can continue shopping by clicking the \u201cContinue Shopping\u201d<br>button.<br>A summary of your cart (quantity and total amount) is continuously displayed at the top right corner of the<br>page.<br>By clicking it, you&#8217;ll be directed to the shopping cart page, where you can review your selected items in<br>detail, change quantities, or remove products.<br>Once you\u2019ve added the desired items, fill out the personal information form, select a delivery method,<br>accept the terms and conditions, and choose a payment method.<br>When all desired items are in the cart, proceed to checkout by clicking: &#8220;Go to checkout&#8221;.<\/p>\n\n\n\n<h3 class=\"wp-block-heading\">Placing the Order<\/h3>\n\n\n\n<p>To order, you need to create an account in our ordering system. Once logged in, you can add items of<br>interest to your cart.<br>When ready, click \u201cOrder\u201d in your cart and fill out the required fields. Then choose your preferred<br>delivery method.<br>A final order summary will be displayed, and to confirm, click \u201cSubmit Order\u201d.<br>You will then see the total amount due, which can be paid securely via bank link or another payment<br>method.<\/p>\n\n\n\n<h3 class=\"wp-block-heading\">Payment for the Order<\/h3>\n\n\n\n<p>You can pay for the order by bank transfer or through a bank link. The online store processes payments<br>only in euros.<br>If you choose bank transfer, an invoice\/order confirmation will be sent to your provided email address<br>after placing the order. You can make the transfer based on that.<\/p>\n\n\n\n<p>Bank details:<\/p>\n\n\n\n<p>Siiber O\u00dc<br>IBAN: EE797700771008989672<br>Bank: LHV Pank<br>SWIFT: LHVBEE22<\/p>\n\n\n\n<p>Please make sure to include your order number in the payment description.<br>If the invoice is not paid within 3 calendar days, the order will be canceled.<br>Once your payment has been received, a sales invoice will be emailed to you within 24 hours.<br>You can use bank links from Swedbank, SEB, Coop Bank, LHV Bank, and Nordea.<br>To pay via bank link, click the \u201cPay\u201d button next to your bank and follow the instructions.<br>The contract comes into effect once the payment has been received in the online store\u2019s account.<br>It is important to ensure all your details are correct\u2014otherwise, your order may not reach you.<br>The seller is not responsible for incorrect data entered by the buyer in the online store. If the buyer enters<br>an incorrect address, the shipment may not be delivered, and the seller is not liable.<\/p>\n\n\n\n<h3 class=\"wp-block-heading\">Order processing<\/h3>\n\n\n\n<p>Orders are dispatched within 24 hours after the payment has been received.<br>A notification will also be sent to you via email.<br>Orders with invoice-based payment will be reserved for three working days.<br>If you need more time to pay for or collect your order, please contact us, and we\u2019ll arrange the next steps.<\/p>","protected":false},"excerpt":{"rendered":"<p>Creating a User Account While you can place an order in our online store without registering, creating a regular customer account offers several valuable benefits.Your personal details and address only need to be entered once. In the future, you just log in, and placing an order will take significantly lesstime.Some discount campaigns and special offers [&hellip;]<\/p>\n","protected":false},"author":2,"featured_media":0,"parent":0,"menu_order":0,"comment_status":"closed","ping_status":"closed","template":"","meta":{"_uag_custom_page_level_css":"","footnotes":""},"class_list":["post-763","page","type-page","status-publish","hentry"],"mb":[],"yoast_head":"<!-- This site is optimized with the Yoast SEO plugin v26.0 - https:\/\/yoast.com\/wordpress\/plugins\/seo\/ -->\n<title>Purchase guide - Aldsharpknife<\/title>\n<meta name=\"robots\" content=\"index, follow, max-snippet:-1, max-image-preview:large, max-video-preview:-1\" \/>\n<link rel=\"canonical\" href=\"https:\/\/aldsharpknife.com\/purchase-guide\/\" \/>\n<meta property=\"og:locale\" content=\"en_US\" \/>\n<meta property=\"og:type\" content=\"article\" \/>\n<meta property=\"og:title\" content=\"[:et]Ostujuhis[:en]Purchase guide[:] - Aldsharpknife\" \/>\n<meta property=\"og:description\" content=\"Creating a User Account While you can place an order in our online store without registering, creating a regular customer account offers several valuable benefits.Your personal details and address only need to be entered once. In the future, you just log in, and placing an order will take significantly lesstime.Some discount campaigns and special offers [&hellip;]\" \/>\n<meta property=\"og:url\" content=\"https:\/\/aldsharpknife.com\/purchase-guide\/\" \/>\n<meta property=\"og:site_name\" content=\"Aldsharpknife\" \/>\n<meta property=\"article:modified_time\" content=\"2025-08-11T13:25:30+00:00\" \/>\n<meta name=\"twitter:card\" content=\"summary_large_image\" \/>\n<meta name=\"twitter:label1\" content=\"Est. reading time\" \/>\n\t<meta name=\"twitter:data1\" content=\"6 minutes\" \/>\n<script type=\"application\/ld+json\" class=\"yoast-schema-graph\">{\"@context\":\"https:\/\/schema.org\",\"@graph\":[{\"@type\":\"WebPage\",\"@id\":\"https:\/\/aldsharpknife.com\/purchase-guide\/\",\"url\":\"https:\/\/aldsharpknife.com\/purchase-guide\/\",\"name\":\"[:et]Ostujuhis[:en]Purchase guide[:] - Aldsharpknife\",\"isPartOf\":{\"@id\":\"https:\/\/aldsharpknife.com\/#website\"},\"datePublished\":\"2025-07-07T23:25:44+00:00\",\"dateModified\":\"2025-08-11T13:25:30+00:00\",\"breadcrumb\":{\"@id\":\"https:\/\/aldsharpknife.com\/purchase-guide\/#breadcrumb\"},\"inLanguage\":\"en-US\",\"potentialAction\":[{\"@type\":\"ReadAction\",\"target\":[\"https:\/\/aldsharpknife.com\/purchase-guide\/\"]}]},{\"@type\":\"BreadcrumbList\",\"@id\":\"https:\/\/aldsharpknife.com\/purchase-guide\/#breadcrumb\",\"itemListElement\":[{\"@type\":\"ListItem\",\"position\":1,\"name\":\"Home\",\"item\":\"https:\/\/aldsharpknife.com\/\"},{\"@type\":\"ListItem\",\"position\":2,\"name\":\"Ostujuhis\"}]},{\"@type\":\"WebSite\",\"@id\":\"https:\/\/aldsharpknife.com\/#website\",\"url\":\"https:\/\/aldsharpknife.com\/\",\"name\":\"Aldsharpknife\",\"description\":\"[:et]50 aastat kirge ja kogemust noaterituse valdkonnas[:en]50 years of passion and experience in knife sharpening[:fi]50 vuotta intohimoa ja kokemusta veitsenter&auml;styksess&auml;[:lv]50 gadi kaisles un pieredzes na\u017eu asin\u0101&scaron;anas jom\u0101[:lt]50 met\u0173 aistros ir patirties peili\u0173 galandimo srityje[:]\",\"publisher\":{\"@id\":\"https:\/\/aldsharpknife.com\/#organization\"},\"potentialAction\":[{\"@type\":\"SearchAction\",\"target\":{\"@type\":\"EntryPoint\",\"urlTemplate\":\"https:\/\/aldsharpknife.com\/?s={search_term_string}\"},\"query-input\":{\"@type\":\"PropertyValueSpecification\",\"valueRequired\":true,\"valueName\":\"search_term_string\"}}],\"inLanguage\":\"en-US\"},{\"@type\":\"Organization\",\"@id\":\"https:\/\/aldsharpknife.com\/#organization\",\"name\":\"Aldsharpknife\",\"url\":\"https:\/\/aldsharpknife.com\/\",\"logo\":{\"@type\":\"ImageObject\",\"inLanguage\":\"en-US\",\"@id\":\"https:\/\/aldsharpknife.com\/#\/schema\/logo\/image\/\",\"url\":\"https:\/\/aldsharpknife.com\/wp-content\/uploads\/2025\/03\/aldsharp_logo.png\",\"contentUrl\":\"https:\/\/aldsharpknife.com\/wp-content\/uploads\/2025\/03\/aldsharp_logo.png\",\"width\":492,\"height\":182,\"caption\":\"Aldsharpknife\"},\"image\":{\"@id\":\"https:\/\/aldsharpknife.com\/#\/schema\/logo\/image\/\"}}]}<\/script>\n<!-- \/ Yoast SEO plugin. -->","yoast_head_json":{"title":"[:et]Ostujuhis[:en]Purchase guide[:] - Aldsharpknife","robots":{"index":"index","follow":"follow","max-snippet":"max-snippet:-1","max-image-preview":"max-image-preview:large","max-video-preview":"max-video-preview:-1"},"canonical":"https:\/\/aldsharpknife.com\/purchase-guide\/","og_locale":"en_US","og_type":"article","og_title":"[:et]Ostujuhis[:en]Purchase guide[:] - Aldsharpknife","og_description":"Creating a User Account While you can place an order in our online store without registering, creating a regular customer account offers several valuable benefits.Your personal details and address only need to be entered once. In the future, you just log in, and placing an order will take significantly lesstime.Some discount campaigns and special offers [&hellip;]","og_url":"https:\/\/aldsharpknife.com\/purchase-guide\/","og_site_name":"Aldsharpknife","article_modified_time":"2025-08-11T13:25:30+00:00","twitter_card":"summary_large_image","twitter_misc":{"Est. reading time":"6 minutes"},"schema":{"@context":"https:\/\/schema.org","@graph":[{"@type":"WebPage","@id":"https:\/\/aldsharpknife.com\/purchase-guide\/","url":"https:\/\/aldsharpknife.com\/purchase-guide\/","name":"[:et]Ostujuhis[:en]Purchase guide[:] - Aldsharpknife","isPartOf":{"@id":"https:\/\/aldsharpknife.com\/#website"},"datePublished":"2025-07-07T23:25:44+00:00","dateModified":"2025-08-11T13:25:30+00:00","breadcrumb":{"@id":"https:\/\/aldsharpknife.com\/purchase-guide\/#breadcrumb"},"inLanguage":"en-US","potentialAction":[{"@type":"ReadAction","target":["https:\/\/aldsharpknife.com\/purchase-guide\/"]}]},{"@type":"BreadcrumbList","@id":"https:\/\/aldsharpknife.com\/purchase-guide\/#breadcrumb","itemListElement":[{"@type":"ListItem","position":1,"name":"Home","item":"https:\/\/aldsharpknife.com\/"},{"@type":"ListItem","position":2,"name":"Ostujuhis"}]},{"@type":"WebSite","@id":"https:\/\/aldsharpknife.com\/#website","url":"https:\/\/aldsharpknife.com\/","name":"Aldsharpknife","description":"[:et]50 aastat kirge ja kogemust noaterituse valdkonnas[:en]50 years of passion and experience in knife sharpening[:fi]50 vuotta intohimoa ja kokemusta veitsenter&auml;styksess&auml;[:lv]50 gadi kaisles un pieredzes na\u017eu asin\u0101&scaron;anas jom\u0101[:lt]50 met\u0173 aistros ir patirties peili\u0173 galandimo srityje[:]","publisher":{"@id":"https:\/\/aldsharpknife.com\/#organization"},"potentialAction":[{"@type":"SearchAction","target":{"@type":"EntryPoint","urlTemplate":"https:\/\/aldsharpknife.com\/?s={search_term_string}"},"query-input":{"@type":"PropertyValueSpecification","valueRequired":true,"valueName":"search_term_string"}}],"inLanguage":"en-US"},{"@type":"Organization","@id":"https:\/\/aldsharpknife.com\/#organization","name":"Aldsharpknife","url":"https:\/\/aldsharpknife.com\/","logo":{"@type":"ImageObject","inLanguage":"en-US","@id":"https:\/\/aldsharpknife.com\/#\/schema\/logo\/image\/","url":"https:\/\/aldsharpknife.com\/wp-content\/uploads\/2025\/03\/aldsharp_logo.png","contentUrl":"https:\/\/aldsharpknife.com\/wp-content\/uploads\/2025\/03\/aldsharp_logo.png","width":492,"height":182,"caption":"Aldsharpknife"},"image":{"@id":"https:\/\/aldsharpknife.com\/#\/schema\/logo\/image\/"}}]}},"uagb_featured_image_src":{"full":false,"thumbnail":false,"medium":false,"medium_large":false,"large":false,"1536x1536":false,"2048x2048":false,"mailpoet_newsletter_max":false,"woocommerce_thumbnail":false,"woocommerce_single":false,"woocommerce_gallery_thumbnail":false},"uagb_author_info":{"display_name":"admin","author_link":"https:\/\/aldsharpknife.com\/en\/author\/admin-2\/"},"uagb_comment_info":0,"uagb_excerpt":"Creating a User Account While you can place an order in our online store without registering, creating a regular customer account offers several valuable benefits.Your personal details and address only need to be entered once. In the future, you just log in, and placing an order will take significantly lesstime.Some discount campaigns and special offers&hellip;","mfb_rest_fields":["title","yoast_head","yoast_head_json","uagb_featured_image_src","uagb_author_info","uagb_comment_info","uagb_excerpt"],"_links":{"self":[{"href":"https:\/\/aldsharpknife.com\/en\/wp-json\/wp\/v2\/pages\/763","targetHints":{"allow":["GET"]}}],"collection":[{"href":"https:\/\/aldsharpknife.com\/en\/wp-json\/wp\/v2\/pages"}],"about":[{"href":"https:\/\/aldsharpknife.com\/en\/wp-json\/wp\/v2\/types\/page"}],"author":[{"embeddable":true,"href":"https:\/\/aldsharpknife.com\/en\/wp-json\/wp\/v2\/users\/2"}],"replies":[{"embeddable":true,"href":"https:\/\/aldsharpknife.com\/en\/wp-json\/wp\/v2\/comments?post=763"}],"version-history":[{"count":13,"href":"https:\/\/aldsharpknife.com\/en\/wp-json\/wp\/v2\/pages\/763\/revisions"}],"predecessor-version":[{"id":1253,"href":"https:\/\/aldsharpknife.com\/en\/wp-json\/wp\/v2\/pages\/763\/revisions\/1253"}],"wp:attachment":[{"href":"https:\/\/aldsharpknife.com\/en\/wp-json\/wp\/v2\/media?parent=763"}],"curies":[{"name":"wp","href":"https:\/\/api.w.org\/{rel}","templated":true}]}}