{"id":9,"date":"2025-03-01T20:15:06","date_gmt":"2025-03-01T20:15:06","guid":{"rendered":"https:\/\/dev.aldsharpknife.ee\/?page_id=9"},"modified":"2025-11-17T00:04:30","modified_gmt":"2025-11-16T22:04:30","slug":"home","status":"publish","type":"page","link":"https:\/\/aldsharpknife.com\/en\/","title":{"rendered":"Knife sales and sharpening"},"content":{"rendered":"<div class=\"wp-block-group alignfull is-style-section-1 eplus-wrapper has-global-padding is-layout-constrained wp-container-core-group-is-layout-72190d31 wp-block-group-is-layout-constrained has-background is-style-section-1--6\" style=\"margin-top:0;margin-bottom:0;padding-top:0;padding-right:0;padding-bottom:0;padding-left:0;background-image:url(&apos;https:\/\/dev.aldsharpknife.com\/wp-content\/uploads\/2024\/12\/download.jpg&apos;);background-position:37% 77%;background-repeat:no-repeat;background-size:auto;\">\n<div class=\"wp-block-columns alignfull eplus-wrapper is-layout-flex wp-container-core-columns-is-layout-19fd8bc4 wp-block-columns-is-layout-flex\" style=\"margin-top:0;margin-bottom:0;padding-top:0;padding-right:0;padding-bottom:0;padding-left:0\">\n<div class=\"wp-block-column front-column1 eplus-wrapper is-layout-flow wp-block-column-is-layout-flow\" style=\"padding-right:var(--wp--preset--spacing--50)\">\n<div class=\"wp-block-group eplus-wrapper has-global-padding is-content-justification-center is-layout-constrained wp-block-group-is-layout-constrained\" style=\"margin-top:0vw\"><\/div>\n<\/div>\n\n\n\n<div class=\"wp-block-column is-vertically-aligned-center eplus-wrapper has-background is-layout-flow wp-block-column-is-layout-flow\" style=\"background-color:#1c1c1ce0;padding-top:var(--wp--preset--spacing--80);padding-right:var(--wp--preset--spacing--50);padding-bottom:var(--wp--preset--spacing--80);padding-left:var(--wp--preset--spacing--50);flex-basis:50%\">\n<div class=\"wp-block-group eplus-wrapper is-vertical is-layout-flex wp-container-core-group-is-layout-fe9cc265 wp-block-group-is-layout-flex\">\n<h2 class=\"wp-block-heading is-style-text-annotation eplus-wrapper is-style-text-annotation--7\">About us<\/h2>\n\n\n\n<p class=\"is-style-text-display eplus-wrapper is-style-text-display--8\"><strong>Aldsharpknife<\/strong><\/p>\n\n\n\n<p class=\"is-style-text-display eplus-wrapper has-x-large-font-size is-style-text-display--9\">50 years of passion and experience in knife sharpening<\/p>\n<\/div>\n<\/div>\n<\/div>\n<\/div>\n\n\n\n<div class=\"wp-block-group eplus-wrapper has-global-padding is-layout-constrained wp-block-group-is-layout-constrained\">\n<h2 class=\"wp-block-heading has-text-align-left eplus-wrapper\">Knife sales and sharpening<\/h2>\n\n\n\n<p class=\"has-text-align-left is-style-default eplus-wrapper\">On our website you will find high-quality knives suitable for use in the kitchen, hunting and meat processing and a  selection of knife sharpening tools .<\/p>\n\n\n\n<p class=\"has-medium-font-size\">In addition we offer a professional level knife and scissors sharpening service, the goal of which is to achieve maximum sharpness and meet the expectations of all our customers. Our priority is to provide the highest quality, for which we constantly improve our knowledge and skills.<\/p>\n\n\n\n<div class=\"wp-block-group front-cover-grid is-layout-grid wp-container-core-group-is-layout-45e18381 wp-block-group-is-layout-grid\">\n<div class=\"wp-block-cover has-custom-content-position is-position-top-left front-cover-image tw-stretched-link\" style=\"text-transform:uppercase\"><img loading=\"lazy\" decoding=\"async\" width=\"1024\" height=\"682\" sizes=\"auto, (max-width: 799px) 200vw,(max-width: 2000px) 100vw,2000px\" class=\"wp-block-cover__image-background wp-image-685\" alt=\"\" src=\"https:\/\/aldsharpknife.com\/wp-content\/uploads\/2025\/06\/sepistatud_kokanoad-1024x682.jpg\" data-object-fit=\"cover\" srcset=\"https:\/\/aldsharpknife.com\/wp-content\/uploads\/2025\/06\/sepistatud_kokanoad-1024x682.jpg 1024w, https:\/\/aldsharpknife.com\/wp-content\/uploads\/2025\/06\/sepistatud_kokanoad-430x287.jpg 430w, https:\/\/aldsharpknife.com\/wp-content\/uploads\/2025\/06\/sepistatud_kokanoad-600x400.jpg 600w, https:\/\/aldsharpknife.com\/wp-content\/uploads\/2025\/06\/sepistatud_kokanoad-300x200.jpg 300w, https:\/\/aldsharpknife.com\/wp-content\/uploads\/2025\/06\/sepistatud_kokanoad-768x512.jpg 768w, https:\/\/aldsharpknife.com\/wp-content\/uploads\/2025\/06\/sepistatud_kokanoad-1536x1024.jpg 1536w, https:\/\/aldsharpknife.com\/wp-content\/uploads\/2025\/06\/sepistatud_kokanoad-1320x880.jpg 1320w, https:\/\/aldsharpknife.com\/wp-content\/uploads\/2025\/06\/sepistatud_kokanoad.jpg 2000w\" \/><span aria-hidden=\"true\" class=\"wp-block-cover__background has-background-dim-0 has-background-dim\"><\/span><div class=\"wp-block-cover__inner-container is-layout-flow wp-block-cover-is-layout-flow\">\n<h2 class=\"wp-block-heading has-text-align-center has-large-font-size\" style=\"margin-top:0;margin-bottom:0\"><a href=\"https:\/\/aldsharpknife.com\/product-category\/noad\/kitchen-knives\/\" data-type=\"product_cat\" data-id=\"24\">Kitchen knives<\/a><\/h2>\n<\/div><\/div>\n\n\n\n<div class=\"wp-block-cover has-custom-content-position is-position-top-left front-cover-image tw-stretched-link\" style=\"text-transform:uppercase\"><img loading=\"lazy\" decoding=\"async\" width=\"1024\" height=\"682\" sizes=\"auto, (max-width: 799px) 200vw,(max-width: 2000px) 100vw,2000px\" class=\"wp-block-cover__image-background wp-image-684 size-large\" alt=\"\" src=\"https:\/\/aldsharpknife.com\/wp-content\/uploads\/2025\/06\/lihuniku_noad-1024x682.jpg\" data-object-fit=\"cover\" srcset=\"https:\/\/aldsharpknife.com\/wp-content\/uploads\/2025\/06\/lihuniku_noad-1024x682.jpg 1024w, https:\/\/aldsharpknife.com\/wp-content\/uploads\/2025\/06\/lihuniku_noad-430x287.jpg 430w, https:\/\/aldsharpknife.com\/wp-content\/uploads\/2025\/06\/lihuniku_noad-600x400.jpg 600w, https:\/\/aldsharpknife.com\/wp-content\/uploads\/2025\/06\/lihuniku_noad-300x200.jpg 300w, https:\/\/aldsharpknife.com\/wp-content\/uploads\/2025\/06\/lihuniku_noad-768x512.jpg 768w, https:\/\/aldsharpknife.com\/wp-content\/uploads\/2025\/06\/lihuniku_noad-1536x1024.jpg 1536w, https:\/\/aldsharpknife.com\/wp-content\/uploads\/2025\/06\/lihuniku_noad-1320x880.jpg 1320w, https:\/\/aldsharpknife.com\/wp-content\/uploads\/2025\/06\/lihuniku_noad.jpg 2000w\" \/><span aria-hidden=\"true\" class=\"wp-block-cover__background has-background-dim-0 has-background-dim\"><\/span><div class=\"wp-block-cover__inner-container is-layout-flow wp-block-cover-is-layout-flow\">\n<h2 class=\"wp-block-heading has-text-align-center has-large-font-size\"><a href=\"https:\/\/aldsharpknife.com\/product-category\/noad\/butcher-knives\/\" data-type=\"product_cat\" data-id=\"26\">Butcher knives<\/a><\/h2>\n<\/div><\/div>\n\n\n\n<div class=\"wp-block-cover has-custom-content-position is-position-top-left tw-stretched-link\" style=\"text-transform:uppercase\"><img loading=\"lazy\" decoding=\"async\" width=\"1024\" height=\"682\" sizes=\"auto, (max-width: 799px) 200vw,(max-width: 2000px) 100vw,2000px\" class=\"wp-block-cover__image-background wp-image-683 size-large\" alt=\"\" src=\"https:\/\/aldsharpknife.com\/wp-content\/uploads\/2025\/06\/lihakirved-1024x682.jpg\" data-object-fit=\"cover\" srcset=\"https:\/\/aldsharpknife.com\/wp-content\/uploads\/2025\/06\/lihakirved-1024x682.jpg 1024w, https:\/\/aldsharpknife.com\/wp-content\/uploads\/2025\/06\/lihakirved-430x287.jpg 430w, https:\/\/aldsharpknife.com\/wp-content\/uploads\/2025\/06\/lihakirved-600x400.jpg 600w, https:\/\/aldsharpknife.com\/wp-content\/uploads\/2025\/06\/lihakirved-300x200.jpg 300w, https:\/\/aldsharpknife.com\/wp-content\/uploads\/2025\/06\/lihakirved-768x512.jpg 768w, https:\/\/aldsharpknife.com\/wp-content\/uploads\/2025\/06\/lihakirved-1536x1024.jpg 1536w, https:\/\/aldsharpknife.com\/wp-content\/uploads\/2025\/06\/lihakirved-1320x880.jpg 1320w, https:\/\/aldsharpknife.com\/wp-content\/uploads\/2025\/06\/lihakirved.jpg 2000w\" \/><span aria-hidden=\"true\" class=\"wp-block-cover__background has-background-dim-0 has-background-dim\"><\/span><div class=\"wp-block-cover__inner-container is-layout-flow wp-block-cover-is-layout-flow\">\n<h2 class=\"wp-block-heading has-text-align-center has-large-font-size\"><a href=\"https:\/\/aldsharpknife.com\/product-category\/cleavers\/\" type=\"product_cat\" id=\"28\">Cleavers<\/a><\/h2>\n<\/div><\/div>\n\n\n\n<div class=\"wp-block-cover has-custom-content-position is-position-top-left tw-stretched-link\" style=\"text-transform:uppercase\"><img loading=\"lazy\" decoding=\"async\" width=\"1024\" height=\"682\" sizes=\"auto, (max-width: 799px) 200vw,(max-width: 2000px) 100vw,2000px\" class=\"wp-block-cover__image-background wp-image-686 size-large\" alt=\"\" src=\"https:\/\/aldsharpknife.com\/wp-content\/uploads\/2025\/06\/teritusvahendid-1024x682.jpg\" data-object-fit=\"cover\" srcset=\"https:\/\/aldsharpknife.com\/wp-content\/uploads\/2025\/06\/teritusvahendid-1024x682.jpg 1024w, https:\/\/aldsharpknife.com\/wp-content\/uploads\/2025\/06\/teritusvahendid-430x287.jpg 430w, https:\/\/aldsharpknife.com\/wp-content\/uploads\/2025\/06\/teritusvahendid-600x400.jpg 600w, https:\/\/aldsharpknife.com\/wp-content\/uploads\/2025\/06\/teritusvahendid-300x200.jpg 300w, https:\/\/aldsharpknife.com\/wp-content\/uploads\/2025\/06\/teritusvahendid-768x512.jpg 768w, https:\/\/aldsharpknife.com\/wp-content\/uploads\/2025\/06\/teritusvahendid-1536x1024.jpg 1536w, https:\/\/aldsharpknife.com\/wp-content\/uploads\/2025\/06\/teritusvahendid-1320x880.jpg 1320w, https:\/\/aldsharpknife.com\/wp-content\/uploads\/2025\/06\/teritusvahendid.jpg 2000w\" \/><span aria-hidden=\"true\" class=\"wp-block-cover__background has-background-dim-0 has-background-dim\"><\/span><div class=\"wp-block-cover__inner-container is-layout-flow wp-block-cover-is-layout-flow\">\n<h2 class=\"wp-block-heading has-text-align-center has-large-font-size\"><a href=\"https:\/\/aldsharpknife.com\/product-category\/sharpening-tools\/\" data-type=\"product_cat\" data-id=\"30\">Sharpening tools<\/a><\/h2>\n<\/div><\/div>\n\n\n\n<div class=\"wp-block-cover has-custom-content-position is-position-top-left tw-stretched-link\" style=\"text-transform:uppercase\"><img loading=\"lazy\" decoding=\"async\" width=\"1024\" height=\"682\" sizes=\"auto, (max-width: 799px) 200vw,(max-width: 2000px) 100vw,2000px\" class=\"wp-block-cover__image-background wp-image-631 size-large\" alt=\"\" src=\"https:\/\/aldsharpknife.com\/wp-content\/uploads\/2025\/06\/MG_2708_komplekt-1-1024x682.jpg\" data-object-fit=\"cover\" srcset=\"https:\/\/aldsharpknife.com\/wp-content\/uploads\/2025\/06\/MG_2708_komplekt-1-1024x682.jpg 1024w, https:\/\/aldsharpknife.com\/wp-content\/uploads\/2025\/06\/MG_2708_komplekt-1-430x287.jpg 430w, https:\/\/aldsharpknife.com\/wp-content\/uploads\/2025\/06\/MG_2708_komplekt-1-600x400.jpg 600w, https:\/\/aldsharpknife.com\/wp-content\/uploads\/2025\/06\/MG_2708_komplekt-1-300x200.jpg 300w, https:\/\/aldsharpknife.com\/wp-content\/uploads\/2025\/06\/MG_2708_komplekt-1-768x512.jpg 768w, https:\/\/aldsharpknife.com\/wp-content\/uploads\/2025\/06\/MG_2708_komplekt-1-1536x1024.jpg 1536w, https:\/\/aldsharpknife.com\/wp-content\/uploads\/2025\/06\/MG_2708_komplekt-1-1320x880.jpg 1320w, https:\/\/aldsharpknife.com\/wp-content\/uploads\/2025\/06\/MG_2708_komplekt-1.jpg 2000w\" \/><span aria-hidden=\"true\" class=\"wp-block-cover__background has-background-dim-0 has-background-dim\"><\/span><div class=\"wp-block-cover__inner-container is-layout-flow wp-block-cover-is-layout-flow\">\n<h2 class=\"wp-block-heading has-text-align-center has-large-font-size\"><a href=\"https:\/\/aldsharpknife.com\/product-category\/knife-sets\/\" data-type=\"product_cat\" data-id=\"29\">Knife sets<\/a><\/h2>\n<\/div><\/div>\n<\/div>\n\n\n\n<h2 class=\"wp-block-heading eplus-wrapper\">Why choose us?<\/h2>\n\n\n\n<ul class=\"wp-block-list eplus-wrapper\">\n<li class=\"eplus-wrapper has-medium-font-size\">Long-term experience: Almost 50 years of knowledge and practice in the field of knife sharpening.<\/li>\n\n\n\n<li class=\"eplus-wrapper has-medium-font-size\">Professional level: We use modern techniques and the best tools.<\/li>\n\n\n\n<li class=\"eplus-wrapper has-medium-font-size\">Customer-centric approach: Your satisfaction is our priority.<\/li>\n<\/ul>\n\n\n\n<p class=\"eplus-wrapper\">Entrust your knives to us &#8211; we ensure that every cut is precise and smooth.<\/p>\n\n\n\n<div class=\"wp-block-columns alignwide eplus-wrapper is-layout-flex wp-container-core-columns-is-layout-d0b3c9c8 wp-block-columns-is-layout-flex\">\n<div class=\"wp-block-column eplus-wrapper is-layout-flow wp-block-column-is-layout-flow\">\n<figure class=\"wp-block-image size-full eplus-wrapper\" style=\"margin-bottom:24px\"><img decoding=\"async\" src=\"https:\/\/dev.aldsharpknife.com\/wp-content\/uploads\/2025\/01\/MG_8999.jpg\" alt=\"\" class=\"wp-image-172\"\/><\/figure>\n<\/div>\n\n\n\n<div class=\"wp-block-column eplus-wrapper is-layout-flow wp-block-column-is-layout-flow\">\n<figure class=\"wp-block-image size-full eplus-wrapper\" style=\"margin-bottom:24px\"><img decoding=\"async\" src=\"https:\/\/dev.aldsharpknife.com\/wp-content\/uploads\/2025\/01\/MG_9089.jpg\" alt=\"\" class=\"wp-image-174\"\/><\/figure>\n<\/div>\n<\/div>\n\n\n\n<p class=\"has-small-font-size\" style=\"margin-top:-15px;margin-right:0;margin-bottom:0;margin-left:0;padding-top:0;padding-right:0;padding-bottom:0;padding-left:0\"><a href=\"https:\/\/www.facebook.com\/meelis.kr.7\/?locale=et_EE\" target=\"_blank\" rel=\"noreferrer noopener\">Photos and knives by Meelis Kro\u0161etskin<\/a><\/p>\n<\/div>","protected":false},"excerpt":{"rendered":"<p>About us Aldsharpknife 50 years of passion and experience in knife sharpening Knife sales and sharpening On our website you will find high-quality knives suitable for use in the kitchen, hunting and meat processing and a selection of knife sharpening tools . In addition we offer a professional level knife and scissors sharpening service, the [&hellip;]<\/p>\n","protected":false},"author":2,"featured_media":0,"parent":0,"menu_order":-1,"comment_status":"closed","ping_status":"closed","template":"page-no-title","meta":{"_uag_custom_page_level_css":"","footnotes":""},"class_list":["post-9","page","type-page","status-publish","hentry"],"mb":[],"yoast_head":"<!-- This site is optimized with the Yoast SEO plugin v26.0 - https:\/\/yoast.com\/wordpress\/plugins\/seo\/ -->\n<title>Knife sales and sharpening - Aldsharpknife<\/title>\n<meta name=\"robots\" content=\"index, follow, max-snippet:-1, max-image-preview:large, max-video-preview:-1\" \/>\n<link rel=\"canonical\" href=\"https:\/\/aldsharpknife.com\/\" \/>\n<meta property=\"og:locale\" content=\"en_US\" \/>\n<meta property=\"og:type\" content=\"article\" \/>\n<meta property=\"og:title\" content=\"[:et]Nugade m\u00fc\u00fck ja teritamine[:en]Knife sales and sharpening[:fi]Etusivu[:lv]S\u0101kumlapa[:lt]Prad\u017eia[:] - Aldsharpknife\" \/>\n<meta property=\"og:description\" content=\"About us Aldsharpknife 50 years of passion and experience in knife sharpening Knife sales and sharpening On our website you will find high-quality knives suitable for use in the kitchen, hunting and meat processing and a selection of knife sharpening tools . In addition we offer a professional level knife and scissors sharpening service, the [&hellip;]\" \/>\n<meta property=\"og:url\" content=\"https:\/\/aldsharpknife.com\/\" \/>\n<meta property=\"og:site_name\" content=\"Aldsharpknife\" \/>\n<meta property=\"article:modified_time\" content=\"2025-11-16T22:04:30+00:00\" \/>\n<meta property=\"og:image\" content=\"https:\/\/aldsharpknife.com\/wp-content\/uploads\/2025\/06\/sepistatud_kokanoad.jpg\" \/>\n\t<meta property=\"og:image:width\" content=\"2000\" \/>\n\t<meta property=\"og:image:height\" content=\"1333\" \/>\n\t<meta property=\"og:image:type\" content=\"image\/jpeg\" \/>\n<meta name=\"twitter:card\" content=\"summary_large_image\" \/>\n<meta name=\"twitter:label1\" content=\"Est. reading time\" \/>\n\t<meta name=\"twitter:data1\" content=\"3 minutes\" \/>\n<script type=\"application\/ld+json\" class=\"yoast-schema-graph\">{\"@context\":\"https:\/\/schema.org\",\"@graph\":[{\"@type\":\"WebPage\",\"@id\":\"https:\/\/aldsharpknife.com\/\",\"url\":\"https:\/\/aldsharpknife.com\/\",\"name\":\"[:et]Nugade m\u00fc\u00fck ja teritamine[:en]Knife sales and sharpening[:fi]Etusivu[:lv]S\u0101kumlapa[:lt]Prad\u017eia[:] - Aldsharpknife\",\"isPartOf\":{\"@id\":\"https:\/\/aldsharpknife.com\/#website\"},\"primaryImageOfPage\":{\"@id\":\"https:\/\/aldsharpknife.com\/#primaryimage\"},\"image\":{\"@id\":\"https:\/\/aldsharpknife.com\/#primaryimage\"},\"thumbnailUrl\":\"https:\/\/aldsharpknife.com\/wp-content\/uploads\/2025\/06\/sepistatud_kokanoad-1024x682.jpg\",\"datePublished\":\"2025-03-01T20:15:06+00:00\",\"dateModified\":\"2025-11-16T22:04:30+00:00\",\"breadcrumb\":{\"@id\":\"https:\/\/aldsharpknife.com\/#breadcrumb\"},\"inLanguage\":\"en-US\",\"potentialAction\":[{\"@type\":\"ReadAction\",\"target\":[\"https:\/\/aldsharpknife.com\/\"]}]},{\"@type\":\"ImageObject\",\"inLanguage\":\"en-US\",\"@id\":\"https:\/\/aldsharpknife.com\/#primaryimage\",\"url\":\"https:\/\/aldsharpknife.com\/wp-content\/uploads\/2025\/06\/sepistatud_kokanoad-1024x682.jpg\",\"contentUrl\":\"https:\/\/aldsharpknife.com\/wp-content\/uploads\/2025\/06\/sepistatud_kokanoad-1024x682.jpg\"},{\"@type\":\"BreadcrumbList\",\"@id\":\"https:\/\/aldsharpknife.com\/#breadcrumb\",\"itemListElement\":[{\"@type\":\"ListItem\",\"position\":1,\"name\":\"Home\",\"item\":\"https:\/\/aldsharpknife.com\/\"},{\"@type\":\"ListItem\",\"position\":2,\"name\":\"Knife sales and sharpening\"}]},{\"@type\":\"WebSite\",\"@id\":\"https:\/\/aldsharpknife.com\/#website\",\"url\":\"https:\/\/aldsharpknife.com\/\",\"name\":\"Aldsharpknife\",\"description\":\"[:et]50 aastat kirge ja kogemust noaterituse valdkonnas[:en]50 years of passion and experience in knife sharpening[:fi]50 vuotta intohimoa ja kokemusta veitsenter&auml;styksess&auml;[:lv]50 gadi kaisles un pieredzes na\u017eu asin\u0101&scaron;anas jom\u0101[:lt]50 met\u0173 aistros ir patirties peili\u0173 galandimo srityje[:]\",\"publisher\":{\"@id\":\"https:\/\/aldsharpknife.com\/#organization\"},\"potentialAction\":[{\"@type\":\"SearchAction\",\"target\":{\"@type\":\"EntryPoint\",\"urlTemplate\":\"https:\/\/aldsharpknife.com\/?s={search_term_string}\"},\"query-input\":{\"@type\":\"PropertyValueSpecification\",\"valueRequired\":true,\"valueName\":\"search_term_string\"}}],\"inLanguage\":\"en-US\"},{\"@type\":\"Organization\",\"@id\":\"https:\/\/aldsharpknife.com\/#organization\",\"name\":\"Aldsharpknife\",\"url\":\"https:\/\/aldsharpknife.com\/\",\"logo\":{\"@type\":\"ImageObject\",\"inLanguage\":\"en-US\",\"@id\":\"https:\/\/aldsharpknife.com\/#\/schema\/logo\/image\/\",\"url\":\"https:\/\/aldsharpknife.com\/wp-content\/uploads\/2025\/03\/aldsharp_logo.png\",\"contentUrl\":\"https:\/\/aldsharpknife.com\/wp-content\/uploads\/2025\/03\/aldsharp_logo.png\",\"width\":492,\"height\":182,\"caption\":\"Aldsharpknife\"},\"image\":{\"@id\":\"https:\/\/aldsharpknife.com\/#\/schema\/logo\/image\/\"}}]}<\/script>\n<!-- \/ Yoast SEO plugin. -->","yoast_head_json":{"title":"[:et]Nugade m\u00fc\u00fck ja teritamine[:en]Knife sales and sharpening[:fi]Etusivu[:lv]S\u0101kumlapa[:lt]Prad\u017eia[:] - Aldsharpknife","robots":{"index":"index","follow":"follow","max-snippet":"max-snippet:-1","max-image-preview":"max-image-preview:large","max-video-preview":"max-video-preview:-1"},"canonical":"https:\/\/aldsharpknife.com\/","og_locale":"en_US","og_type":"article","og_title":"[:et]Nugade m\u00fc\u00fck ja teritamine[:en]Knife sales and sharpening[:fi]Etusivu[:lv]S\u0101kumlapa[:lt]Prad\u017eia[:] - Aldsharpknife","og_description":"About us Aldsharpknife 50 years of passion and experience in knife sharpening Knife sales and sharpening On our website you will find high-quality knives suitable for use in the kitchen, hunting and meat processing and a selection of knife sharpening tools . In addition we offer a professional level knife and scissors sharpening service, the [&hellip;]","og_url":"https:\/\/aldsharpknife.com\/","og_site_name":"Aldsharpknife","article_modified_time":"2025-11-16T22:04:30+00:00","og_image":[{"width":2000,"height":1333,"url":"https:\/\/aldsharpknife.com\/wp-content\/uploads\/2025\/06\/sepistatud_kokanoad.jpg","type":"image\/jpeg"}],"twitter_card":"summary_large_image","twitter_misc":{"Est. reading time":"3 minutes"},"schema":{"@context":"https:\/\/schema.org","@graph":[{"@type":"WebPage","@id":"https:\/\/aldsharpknife.com\/","url":"https:\/\/aldsharpknife.com\/","name":"[:et]Nugade m\u00fc\u00fck ja teritamine[:en]Knife sales and sharpening[:fi]Etusivu[:lv]S\u0101kumlapa[:lt]Prad\u017eia[:] - Aldsharpknife","isPartOf":{"@id":"https:\/\/aldsharpknife.com\/#website"},"primaryImageOfPage":{"@id":"https:\/\/aldsharpknife.com\/#primaryimage"},"image":{"@id":"https:\/\/aldsharpknife.com\/#primaryimage"},"thumbnailUrl":"https:\/\/aldsharpknife.com\/wp-content\/uploads\/2025\/06\/sepistatud_kokanoad-1024x682.jpg","datePublished":"2025-03-01T20:15:06+00:00","dateModified":"2025-11-16T22:04:30+00:00","breadcrumb":{"@id":"https:\/\/aldsharpknife.com\/#breadcrumb"},"inLanguage":"en-US","potentialAction":[{"@type":"ReadAction","target":["https:\/\/aldsharpknife.com\/"]}]},{"@type":"ImageObject","inLanguage":"en-US","@id":"https:\/\/aldsharpknife.com\/#primaryimage","url":"https:\/\/aldsharpknife.com\/wp-content\/uploads\/2025\/06\/sepistatud_kokanoad-1024x682.jpg","contentUrl":"https:\/\/aldsharpknife.com\/wp-content\/uploads\/2025\/06\/sepistatud_kokanoad-1024x682.jpg"},{"@type":"BreadcrumbList","@id":"https:\/\/aldsharpknife.com\/#breadcrumb","itemListElement":[{"@type":"ListItem","position":1,"name":"Home","item":"https:\/\/aldsharpknife.com\/"},{"@type":"ListItem","position":2,"name":"Knife sales and sharpening"}]},{"@type":"WebSite","@id":"https:\/\/aldsharpknife.com\/#website","url":"https:\/\/aldsharpknife.com\/","name":"Aldsharpknife","description":"[:et]50 aastat kirge ja kogemust noaterituse valdkonnas[:en]50 years of passion and experience in knife sharpening[:fi]50 vuotta intohimoa ja kokemusta veitsenter&auml;styksess&auml;[:lv]50 gadi kaisles un pieredzes na\u017eu asin\u0101&scaron;anas jom\u0101[:lt]50 met\u0173 aistros ir patirties peili\u0173 galandimo srityje[:]","publisher":{"@id":"https:\/\/aldsharpknife.com\/#organization"},"potentialAction":[{"@type":"SearchAction","target":{"@type":"EntryPoint","urlTemplate":"https:\/\/aldsharpknife.com\/?s={search_term_string}"},"query-input":{"@type":"PropertyValueSpecification","valueRequired":true,"valueName":"search_term_string"}}],"inLanguage":"en-US"},{"@type":"Organization","@id":"https:\/\/aldsharpknife.com\/#organization","name":"Aldsharpknife","url":"https:\/\/aldsharpknife.com\/","logo":{"@type":"ImageObject","inLanguage":"en-US","@id":"https:\/\/aldsharpknife.com\/#\/schema\/logo\/image\/","url":"https:\/\/aldsharpknife.com\/wp-content\/uploads\/2025\/03\/aldsharp_logo.png","contentUrl":"https:\/\/aldsharpknife.com\/wp-content\/uploads\/2025\/03\/aldsharp_logo.png","width":492,"height":182,"caption":"Aldsharpknife"},"image":{"@id":"https:\/\/aldsharpknife.com\/#\/schema\/logo\/image\/"}}]}},"uagb_featured_image_src":{"full":false,"thumbnail":false,"medium":false,"medium_large":false,"large":false,"1536x1536":false,"2048x2048":false,"mailpoet_newsletter_max":false,"woocommerce_thumbnail":false,"woocommerce_single":false,"woocommerce_gallery_thumbnail":false},"uagb_author_info":{"display_name":"admin","author_link":"https:\/\/aldsharpknife.com\/en\/author\/admin-2\/"},"uagb_comment_info":0,"uagb_excerpt":"About us Aldsharpknife 50 years of passion and experience in knife sharpening Knife sales and sharpening On our website you will find high-quality knives suitable for use in the kitchen, hunting and meat processing and a selection of knife sharpening tools . In addition we offer a professional level knife and scissors sharpening service, the&hellip;","mfb_rest_fields":["title","yoast_head","yoast_head_json","uagb_featured_image_src","uagb_author_info","uagb_comment_info","uagb_excerpt"],"_links":{"self":[{"href":"https:\/\/aldsharpknife.com\/en\/wp-json\/wp\/v2\/pages\/9","targetHints":{"allow":["GET"]}}],"collection":[{"href":"https:\/\/aldsharpknife.com\/en\/wp-json\/wp\/v2\/pages"}],"about":[{"href":"https:\/\/aldsharpknife.com\/en\/wp-json\/wp\/v2\/types\/page"}],"author":[{"embeddable":true,"href":"https:\/\/aldsharpknife.com\/en\/wp-json\/wp\/v2\/users\/2"}],"replies":[{"embeddable":true,"href":"https:\/\/aldsharpknife.com\/en\/wp-json\/wp\/v2\/comments?post=9"}],"version-history":[{"count":83,"href":"https:\/\/aldsharpknife.com\/en\/wp-json\/wp\/v2\/pages\/9\/revisions"}],"predecessor-version":[{"id":1329,"href":"https:\/\/aldsharpknife.com\/en\/wp-json\/wp\/v2\/pages\/9\/revisions\/1329"}],"wp:attachment":[{"href":"https:\/\/aldsharpknife.com\/en\/wp-json\/wp\/v2\/media?parent=9"}],"curies":[{"name":"wp","href":"https:\/\/api.w.org\/{rel}","templated":true}]}}