{"id":693,"date":"2025-06-29T16:32:14","date_gmt":"2025-06-29T13:32:14","guid":{"rendered":"https:\/\/aldsharpknife.com\/?post_type=product&#038;p=693"},"modified":"2025-12-20T07:11:04","modified_gmt":"2025-12-20T05:11:04","slug":"lihuniku-nuga-140-mm","status":"publish","type":"product","link":"https:\/\/aldsharpknife.com\/en\/product\/lihuniku-nuga-140-mm\/","title":{"rendered":"Butcher\u00b4s knife, 140 mm"},"content":{"rendered":"<p>The Stubai butcher knife is a versatile tool perfect for cutting, slicing, and processing meat. An essential knife for meat industries, hunters, and demanding home cooks alike. Its strong and durable blade comes in various lengths and shapes. Stubai\u2019s special hardening technology ensures long-lasting sharpness even under heavy use. The ergonomic, non-slip polypropylene (PP) handle offers a secure grip and is dishwasher safe. Stubai combines quality, practicality, and reliability in one professional knife.<\/p>\n<span><a onclick=\"read_toggle(2116950043, 'Read More', 'Read Less'); return false;\" class=\"read-link\" id=\"readlink2116950043\" style=\"readlink\" href=\"#\">Read More<\/a><\/span>\n<div class=\"read_div\" id=\"read2116950043\" style=\"display: none;\"><\/p>\n<p><strong>Stubai \u2013 <\/strong><strong>p<\/strong><strong>recision of <\/strong><strong>m<\/strong><strong>aster <\/strong><strong>c<\/strong><strong>raftsmanship in <\/strong><strong>e<\/strong><strong>very <\/strong><strong>c<\/strong><strong>ut.<\/strong><\/p>\n<p>Every Stubai knife is a tribute to over 100 years of Austrian blacksmithing tradition. Handcrafted by skilled artisans, these knives embody tradition, precision, durability, and exceptional sharpness thanks to Stubai\u2019s special hardening process. A true tool for those who value high quality and timeless design.<\/p>\n<p>The excellence of Stubai knives is visible and tangible in every use \u2014 you\u2019ll feel the difference instantly. Work becomes easier, smoother, and genuinely more enjoyable. It\u2019s the choice of professionals who settle for nothing but the best.<\/p>\n<p>Butcher&#8217;s Knife \u2013 a tool for professionals.<\/p>\n<p>The butcher\u2019s knife is an essential tool used in meat processing industries around the world. Its wide blade makes it perfect for cutting, slicing, and a variety of other tasks. It is a core part of every butcher\u2019s toolkit and is also favored by hunters.<\/p>\n<p>More and more often, butcher\u2019s knives are also used in home kitchens, where they are ideal not only for processing meat but also for handling raw vegetables. Blade lengths range from 12 cm to 36 cm, and various blade shapes are available\u2014the classic version features a straight edge.<\/p>\n<p>A true butcher\u2019s knife must be exceptionally sharp and durable. Stubai ensures this through a special hardening technology that provides long-lasting sharpness and strength, even under the most demanding working conditions.<\/p>\n<p>Safety and comfort are equally important. Stubai butcher\u2019s knives feature an ergonomic, non-slip handle that ensures a secure grip and fatigue-free work even during extended use. The handles meet food hygiene standards and are easy to clean\u2014even dishwasher-safe.<\/p>\n<p><b>Stubai\u2019s butcher\u2019s knife combines top-tier quality, practicality, and reliability\u2014making it the ideal choice for meat processing professionals, hunters, and demanding home cooks alike.<\/b><\/p>\n<p><\/div>\n","protected":false},"excerpt":{"rendered":"<p>The Stubai butcher knife is a versatile tool perfect for cutting, slicing, and processing meat. An essential knife for meat industries, hunters, and demanding home cooks alike. Its strong and durable blade comes in various lengths and shapes. Stubai\u2019s special hardening technology ensures long-lasting sharpness even under heavy use. The ergonomic, non-slip polypropylene (PP) handle [&hellip;]<\/p>\n","protected":false},"featured_media":645,"comment_status":"open","ping_status":"closed","template":"","meta":{"_uag_custom_page_level_css":""},"product_brand":[],"product_cat":[26],"product_tag":[],"class_list":{"0":"post-693","1":"product","2":"type-product","3":"status-publish","4":"has-post-thumbnail","6":"product_cat-butcher-knives","8":"first","9":"instock","10":"taxable","11":"shipping-taxable","12":"purchasable","13":"product-type-simple"},"mb":[],"yoast_head":"<!-- This site is optimized with the Yoast SEO plugin v26.0 - https:\/\/yoast.com\/wordpress\/plugins\/seo\/ -->\n<title>Butcher\u00b4s knife, 140 mm - Aldsharpknife<\/title>\n<meta name=\"robots\" content=\"index, follow, max-snippet:-1, max-image-preview:large, max-video-preview:-1\" \/>\n<link rel=\"canonical\" href=\"https:\/\/aldsharpknife.com\/product\/lihuniku-nuga-140-mm\/\" \/>\n<meta property=\"og:locale\" content=\"en_US\" \/>\n<meta property=\"og:type\" content=\"article\" \/>\n<meta property=\"og:title\" content=\"[:et]Lihuniku nuga, 140 mm[:en]Butcher\u00b4s knife, 140 mm[:] - Aldsharpknife\" \/>\n<meta property=\"og:description\" content=\"The Stubai butcher knife is a versatile tool perfect for cutting, slicing, and processing meat. An essential knife for meat industries, hunters, and demanding home cooks alike. Its strong and durable blade comes in various lengths and shapes. Stubai\u2019s special hardening technology ensures long-lasting sharpness even under heavy use. The ergonomic, non-slip polypropylene (PP) handle [&hellip;]\" \/>\n<meta property=\"og:url\" content=\"https:\/\/aldsharpknife.com\/product\/lihuniku-nuga-140-mm\/\" \/>\n<meta property=\"og:site_name\" content=\"Aldsharpknife\" \/>\n<meta property=\"article:modified_time\" content=\"2025-12-20T05:11:04+00:00\" \/>\n<meta property=\"og:image\" content=\"https:\/\/aldsharpknife.com\/wp-content\/uploads\/2025\/06\/758502_lihunikunuga_140mm_125g.jpg\" \/>\n\t<meta property=\"og:image:width\" content=\"2000\" \/>\n\t<meta property=\"og:image:height\" content=\"1333\" \/>\n\t<meta property=\"og:image:type\" content=\"image\/jpeg\" \/>\n<meta name=\"twitter:card\" content=\"summary_large_image\" \/>\n<meta name=\"twitter:label1\" content=\"Est. reading time\" \/>\n\t<meta name=\"twitter:data1\" content=\"2 minutes\" \/>\n<script type=\"application\/ld+json\" class=\"yoast-schema-graph\">{\"@context\":\"https:\/\/schema.org\",\"@graph\":[{\"@type\":\"WebPage\",\"@id\":\"https:\/\/aldsharpknife.com\/product\/lihuniku-nuga-140-mm\/\",\"url\":\"https:\/\/aldsharpknife.com\/product\/lihuniku-nuga-140-mm\/\",\"name\":\"[:et]Lihuniku nuga, 140 mm[:en]Butcher\u00b4s knife, 140 mm[:] - Aldsharpknife\",\"isPartOf\":{\"@id\":\"https:\/\/aldsharpknife.com\/#website\"},\"primaryImageOfPage\":{\"@id\":\"https:\/\/aldsharpknife.com\/product\/lihuniku-nuga-140-mm\/#primaryimage\"},\"image\":{\"@id\":\"https:\/\/aldsharpknife.com\/product\/lihuniku-nuga-140-mm\/#primaryimage\"},\"thumbnailUrl\":\"https:\/\/aldsharpknife.com\/wp-content\/uploads\/2025\/06\/758502_lihunikunuga_140mm_125g.jpg\",\"datePublished\":\"2025-06-29T13:32:14+00:00\",\"dateModified\":\"2025-12-20T05:11:04+00:00\",\"breadcrumb\":{\"@id\":\"https:\/\/aldsharpknife.com\/product\/lihuniku-nuga-140-mm\/#breadcrumb\"},\"inLanguage\":\"en-US\",\"potentialAction\":[{\"@type\":\"ReadAction\",\"target\":[\"https:\/\/aldsharpknife.com\/product\/lihuniku-nuga-140-mm\/\"]}]},{\"@type\":\"ImageObject\",\"inLanguage\":\"en-US\",\"@id\":\"https:\/\/aldsharpknife.com\/product\/lihuniku-nuga-140-mm\/#primaryimage\",\"url\":\"https:\/\/aldsharpknife.com\/wp-content\/uploads\/2025\/06\/758502_lihunikunuga_140mm_125g.jpg\",\"contentUrl\":\"https:\/\/aldsharpknife.com\/wp-content\/uploads\/2025\/06\/758502_lihunikunuga_140mm_125g.jpg\",\"width\":2000,\"height\":1333},{\"@type\":\"BreadcrumbList\",\"@id\":\"https:\/\/aldsharpknife.com\/product\/lihuniku-nuga-140-mm\/#breadcrumb\",\"itemListElement\":[{\"@type\":\"ListItem\",\"position\":1,\"name\":\"Home\",\"item\":\"https:\/\/aldsharpknife.com\/\"},{\"@type\":\"ListItem\",\"position\":2,\"name\":\"Pood\",\"item\":\"https:\/\/aldsharpknife.com\/shop\/\"},{\"@type\":\"ListItem\",\"position\":3,\"name\":\"Lihuniku nuga, 140 mm\"}]},{\"@type\":\"WebSite\",\"@id\":\"https:\/\/aldsharpknife.com\/#website\",\"url\":\"https:\/\/aldsharpknife.com\/\",\"name\":\"Aldsharpknife\",\"description\":\"[:et]50 aastat kirge ja kogemust noaterituse valdkonnas[:en]50 years of passion and experience in knife sharpening[:fi]50 vuotta intohimoa ja kokemusta veitsenter&auml;styksess&auml;[:lv]50 gadi kaisles un pieredzes na\u017eu asin\u0101&scaron;anas jom\u0101[:lt]50 met\u0173 aistros ir patirties peili\u0173 galandimo srityje[:]\",\"publisher\":{\"@id\":\"https:\/\/aldsharpknife.com\/#organization\"},\"potentialAction\":[{\"@type\":\"SearchAction\",\"target\":{\"@type\":\"EntryPoint\",\"urlTemplate\":\"https:\/\/aldsharpknife.com\/?s={search_term_string}\"},\"query-input\":{\"@type\":\"PropertyValueSpecification\",\"valueRequired\":true,\"valueName\":\"search_term_string\"}}],\"inLanguage\":\"en-US\"},{\"@type\":\"Organization\",\"@id\":\"https:\/\/aldsharpknife.com\/#organization\",\"name\":\"Aldsharpknife\",\"url\":\"https:\/\/aldsharpknife.com\/\",\"logo\":{\"@type\":\"ImageObject\",\"inLanguage\":\"en-US\",\"@id\":\"https:\/\/aldsharpknife.com\/#\/schema\/logo\/image\/\",\"url\":\"https:\/\/aldsharpknife.com\/wp-content\/uploads\/2025\/03\/aldsharp_logo.png\",\"contentUrl\":\"https:\/\/aldsharpknife.com\/wp-content\/uploads\/2025\/03\/aldsharp_logo.png\",\"width\":492,\"height\":182,\"caption\":\"Aldsharpknife\"},\"image\":{\"@id\":\"https:\/\/aldsharpknife.com\/#\/schema\/logo\/image\/\"}}]}<\/script>\n<!-- \/ Yoast SEO plugin. -->","yoast_head_json":{"title":"[:et]Lihuniku nuga, 140 mm[:en]Butcher\u00b4s knife, 140 mm[:] - Aldsharpknife","robots":{"index":"index","follow":"follow","max-snippet":"max-snippet:-1","max-image-preview":"max-image-preview:large","max-video-preview":"max-video-preview:-1"},"canonical":"https:\/\/aldsharpknife.com\/product\/lihuniku-nuga-140-mm\/","og_locale":"en_US","og_type":"article","og_title":"[:et]Lihuniku nuga, 140 mm[:en]Butcher\u00b4s knife, 140 mm[:] - Aldsharpknife","og_description":"The Stubai butcher knife is a versatile tool perfect for cutting, slicing, and processing meat. An essential knife for meat industries, hunters, and demanding home cooks alike. Its strong and durable blade comes in various lengths and shapes. Stubai\u2019s special hardening technology ensures long-lasting sharpness even under heavy use. The ergonomic, non-slip polypropylene (PP) handle [&hellip;]","og_url":"https:\/\/aldsharpknife.com\/product\/lihuniku-nuga-140-mm\/","og_site_name":"Aldsharpknife","article_modified_time":"2025-12-20T05:11:04+00:00","og_image":[{"width":2000,"height":1333,"url":"https:\/\/aldsharpknife.com\/wp-content\/uploads\/2025\/06\/758502_lihunikunuga_140mm_125g.jpg","type":"image\/jpeg"}],"twitter_card":"summary_large_image","twitter_misc":{"Est. reading time":"2 minutes"},"schema":{"@context":"https:\/\/schema.org","@graph":[{"@type":"WebPage","@id":"https:\/\/aldsharpknife.com\/product\/lihuniku-nuga-140-mm\/","url":"https:\/\/aldsharpknife.com\/product\/lihuniku-nuga-140-mm\/","name":"[:et]Lihuniku nuga, 140 mm[:en]Butcher\u00b4s knife, 140 mm[:] - Aldsharpknife","isPartOf":{"@id":"https:\/\/aldsharpknife.com\/#website"},"primaryImageOfPage":{"@id":"https:\/\/aldsharpknife.com\/product\/lihuniku-nuga-140-mm\/#primaryimage"},"image":{"@id":"https:\/\/aldsharpknife.com\/product\/lihuniku-nuga-140-mm\/#primaryimage"},"thumbnailUrl":"https:\/\/aldsharpknife.com\/wp-content\/uploads\/2025\/06\/758502_lihunikunuga_140mm_125g.jpg","datePublished":"2025-06-29T13:32:14+00:00","dateModified":"2025-12-20T05:11:04+00:00","breadcrumb":{"@id":"https:\/\/aldsharpknife.com\/product\/lihuniku-nuga-140-mm\/#breadcrumb"},"inLanguage":"en-US","potentialAction":[{"@type":"ReadAction","target":["https:\/\/aldsharpknife.com\/product\/lihuniku-nuga-140-mm\/"]}]},{"@type":"ImageObject","inLanguage":"en-US","@id":"https:\/\/aldsharpknife.com\/product\/lihuniku-nuga-140-mm\/#primaryimage","url":"https:\/\/aldsharpknife.com\/wp-content\/uploads\/2025\/06\/758502_lihunikunuga_140mm_125g.jpg","contentUrl":"https:\/\/aldsharpknife.com\/wp-content\/uploads\/2025\/06\/758502_lihunikunuga_140mm_125g.jpg","width":2000,"height":1333},{"@type":"BreadcrumbList","@id":"https:\/\/aldsharpknife.com\/product\/lihuniku-nuga-140-mm\/#breadcrumb","itemListElement":[{"@type":"ListItem","position":1,"name":"Home","item":"https:\/\/aldsharpknife.com\/"},{"@type":"ListItem","position":2,"name":"Pood","item":"https:\/\/aldsharpknife.com\/shop\/"},{"@type":"ListItem","position":3,"name":"Lihuniku nuga, 140 mm"}]},{"@type":"WebSite","@id":"https:\/\/aldsharpknife.com\/#website","url":"https:\/\/aldsharpknife.com\/","name":"Aldsharpknife","description":"[:et]50 aastat kirge ja kogemust noaterituse valdkonnas[:en]50 years of passion and experience in knife sharpening[:fi]50 vuotta intohimoa ja kokemusta veitsenter&auml;styksess&auml;[:lv]50 gadi kaisles un pieredzes na\u017eu asin\u0101&scaron;anas jom\u0101[:lt]50 met\u0173 aistros ir patirties peili\u0173 galandimo srityje[:]","publisher":{"@id":"https:\/\/aldsharpknife.com\/#organization"},"potentialAction":[{"@type":"SearchAction","target":{"@type":"EntryPoint","urlTemplate":"https:\/\/aldsharpknife.com\/?s={search_term_string}"},"query-input":{"@type":"PropertyValueSpecification","valueRequired":true,"valueName":"search_term_string"}}],"inLanguage":"en-US"},{"@type":"Organization","@id":"https:\/\/aldsharpknife.com\/#organization","name":"Aldsharpknife","url":"https:\/\/aldsharpknife.com\/","logo":{"@type":"ImageObject","inLanguage":"en-US","@id":"https:\/\/aldsharpknife.com\/#\/schema\/logo\/image\/","url":"https:\/\/aldsharpknife.com\/wp-content\/uploads\/2025\/03\/aldsharp_logo.png","contentUrl":"https:\/\/aldsharpknife.com\/wp-content\/uploads\/2025\/03\/aldsharp_logo.png","width":492,"height":182,"caption":"Aldsharpknife"},"image":{"@id":"https:\/\/aldsharpknife.com\/#\/schema\/logo\/image\/"}}]}},"uagb_featured_image_src":{"full":["https:\/\/aldsharpknife.com\/wp-content\/uploads\/2025\/06\/758502_lihunikunuga_140mm_125g.jpg",2000,1333,false],"thumbnail":["https:\/\/aldsharpknife.com\/wp-content\/uploads\/2025\/06\/758502_lihunikunuga_140mm_125g-150x150.jpg",150,150,true],"medium":["https:\/\/aldsharpknife.com\/wp-content\/uploads\/2025\/06\/758502_lihunikunuga_140mm_125g-300x200.jpg",300,200,true],"medium_large":["https:\/\/aldsharpknife.com\/wp-content\/uploads\/2025\/06\/758502_lihunikunuga_140mm_125g-768x512.jpg",768,512,true],"large":["https:\/\/aldsharpknife.com\/wp-content\/uploads\/2025\/06\/758502_lihunikunuga_140mm_125g-1024x682.jpg",1024,682,true],"1536x1536":["https:\/\/aldsharpknife.com\/wp-content\/uploads\/2025\/06\/758502_lihunikunuga_140mm_125g-1536x1024.jpg",1536,1024,true],"2048x2048":["https:\/\/aldsharpknife.com\/wp-content\/uploads\/2025\/06\/758502_lihunikunuga_140mm_125g.jpg",2000,1333,false],"mailpoet_newsletter_max":["https:\/\/aldsharpknife.com\/wp-content\/uploads\/2025\/06\/758502_lihunikunuga_140mm_125g-1320x880.jpg",1320,880,true],"woocommerce_thumbnail":["https:\/\/aldsharpknife.com\/wp-content\/uploads\/2025\/06\/758502_lihunikunuga_140mm_125g-430x287.jpg",430,287,true],"woocommerce_single":["https:\/\/aldsharpknife.com\/wp-content\/uploads\/2025\/06\/758502_lihunikunuga_140mm_125g-600x400.jpg",600,400,true],"woocommerce_gallery_thumbnail":["https:\/\/aldsharpknife.com\/wp-content\/uploads\/2025\/06\/758502_lihunikunuga_140mm_125g-100x100.jpg",100,100,true]},"uagb_author_info":{"display_name":"aldo","author_link":"https:\/\/aldsharpknife.com\/en\/author\/"},"uagb_comment_info":0,"uagb_excerpt":"The Stubai butcher knife is a versatile tool perfect for cutting, slicing, and processing meat. An essential knife for meat industries, hunters, and demanding home cooks alike. Its strong and durable blade comes in various lengths and shapes. Stubai\u2019s special hardening technology ensures long-lasting sharpness even under heavy use. The ergonomic, non-slip polypropylene (PP) handle&hellip;","mfb_rest_fields":["title","yoast_head","yoast_head_json","uagb_featured_image_src","uagb_author_info","uagb_comment_info","uagb_excerpt"],"_links":{"self":[{"href":"https:\/\/aldsharpknife.com\/en\/wp-json\/wp\/v2\/product\/693","targetHints":{"allow":["GET"]}}],"collection":[{"href":"https:\/\/aldsharpknife.com\/en\/wp-json\/wp\/v2\/product"}],"about":[{"href":"https:\/\/aldsharpknife.com\/en\/wp-json\/wp\/v2\/types\/product"}],"replies":[{"embeddable":true,"href":"https:\/\/aldsharpknife.com\/en\/wp-json\/wp\/v2\/comments?post=693"}],"wp:featuredmedia":[{"embeddable":true,"href":"https:\/\/aldsharpknife.com\/en\/wp-json\/wp\/v2\/media\/645"}],"wp:attachment":[{"href":"https:\/\/aldsharpknife.com\/en\/wp-json\/wp\/v2\/media?parent=693"}],"wp:term":[{"taxonomy":"product_brand","embeddable":true,"href":"https:\/\/aldsharpknife.com\/en\/wp-json\/wp\/v2\/product_brand?post=693"},{"taxonomy":"product_cat","embeddable":true,"href":"https:\/\/aldsharpknife.com\/en\/wp-json\/wp\/v2\/product_cat?post=693"},{"taxonomy":"product_tag","embeddable":true,"href":"https:\/\/aldsharpknife.com\/en\/wp-json\/wp\/v2\/product_tag?post=693"}],"curies":[{"name":"wp","href":"https:\/\/api.w.org\/{rel}","templated":true}]}}