{"id":701,"date":"2025-06-29T18:36:42","date_gmt":"2025-06-29T15:36:42","guid":{"rendered":"https:\/\/aldsharpknife.com\/?post_type=product&#038;p=701"},"modified":"2025-11-24T06:18:40","modified_gmt":"2025-11-24T04:18:40","slug":"nulgimisnuga-130-mm","status":"publish","type":"product","link":"https:\/\/aldsharpknife.com\/en\/product\/nulgimisnuga-130-mm\/","title":{"rendered":"Skinning knife, 130 mm"},"content":{"rendered":"<p>The Stubai skinning knife is designed for quick and precise removal of skin without damaging the meat. Its wide, upward-curved blade with a rounded tip reduces the risk of piercing the hide and maximizes use of the heel of the blade.Thanks to a special hardening technology, the knife maintains exceptional sharpness and durability even under intensive use. The ergonomic, non-slip polypropylene (PP) handle is easy to clean and dishwasher-safe.An ideal tool for hunters and the meat industry \u2013 high-quality, reliable, and practical.<\/p>\n<span><a onclick=\"read_toggle(711250922, 'Read More', 'Read Less'); return false;\" class=\"read-link\" id=\"readlink711250922\" style=\"readlink\" href=\"#\">Read More<\/a><\/span>\n<div class=\"read_div\" id=\"read711250922\" style=\"display: none;\"><\/p>\n<p><strong>Stubai \u2013 <\/strong><strong>p<\/strong><strong>recision of <\/strong><strong>m<\/strong><strong>aster <\/strong><strong>c<\/strong><strong>raftsmanship in <\/strong><strong>e<\/strong><strong>very <\/strong><strong>c<\/strong><strong>ut.<\/strong><\/p>\n<p>Every Stubai knife is a tribute to over 100 years of Austrian blacksmithing tradition. Handcrafted by skilled artisans, these knives embody tradition, precision, durability, and exceptional sharpness thanks to Stubai\u2019s special hardening process. A true tool for those who value high quality and timeless design.<\/p>\n<p>The excellence of Stubai knives is visible and tangible in every use \u2014 you\u2019ll feel the difference instantly. Work becomes easier, smoother, and genuinely more enjoyable. It\u2019s the choice of professionals who settle for nothing but the best.<\/p>\n<p>Skinning knife \u2013 precision, safety, and efficiency in every cut.<\/p>\n<p>The skinning knife is purpose-built for one task: quickly and precisely separating the hide from the carcass without damaging the meat. At the heart of this tool lies a specially shaped blade \u2014 wide, upward-curved, and finished with a rounded tip. This design maximizes the use of the blade\u2019s heel and minimizes the risk of puncturing the hide during skinning.<\/p>\n<p>A truly high-quality skinning knife must be exceptionally sharp and durable. Stubai uses a specialized hardening technology that ensures the necessary sharpness and strength even under the most demanding conditions.<\/p>\n<p>Safety and comfort are equally important \u2014 the Stubai skinning knife features an ergonomic, non-slip handle that is easy to clean and dishwasher-safe.<\/p>\n<p><b>Stubai\u2019s skinning knife combines top-tier quality, practicality, and reliability \u2014 the ideal choice for both meat industry professionals and hunters alike.<\/b><\/p>\n<p><\/div>\n","protected":false},"excerpt":{"rendered":"<p>The Stubai skinning knife is designed for quick and precise removal of skin without damaging the meat. Its wide, upward-curved blade with a rounded tip reduces the risk of piercing the hide and maximizes use of the heel of the blade.Thanks to a special hardening technology, the knife maintains exceptional sharpness and durability even under [&hellip;]<\/p>\n","protected":false},"featured_media":658,"comment_status":"open","ping_status":"closed","template":"","meta":{"_uag_custom_page_level_css":""},"product_brand":[],"product_cat":[26],"product_tag":[],"class_list":{"0":"post-701","1":"product","2":"type-product","3":"status-publish","4":"has-post-thumbnail","6":"product_cat-butcher-knives","8":"first","9":"instock","10":"taxable","11":"shipping-taxable","12":"purchasable","13":"product-type-simple"},"mb":[],"yoast_head":"<!-- This site is optimized with the Yoast SEO plugin v26.0 - https:\/\/yoast.com\/wordpress\/plugins\/seo\/ -->\n<title>Skinning knife, 130 mm - Aldsharpknife<\/title>\n<meta name=\"robots\" content=\"index, follow, max-snippet:-1, max-image-preview:large, max-video-preview:-1\" \/>\n<link rel=\"canonical\" href=\"https:\/\/aldsharpknife.com\/product\/nulgimisnuga-130-mm\/\" \/>\n<meta property=\"og:locale\" content=\"en_US\" \/>\n<meta property=\"og:type\" content=\"article\" \/>\n<meta property=\"og:title\" content=\"[:et]N\u00fclgimisnuga, 130 mm[:en]Skinning knife, 130 mm[:] - Aldsharpknife\" \/>\n<meta property=\"og:description\" content=\"The Stubai skinning knife is designed for quick and precise removal of skin without damaging the meat. Its wide, upward-curved blade with a rounded tip reduces the risk of piercing the hide and maximizes use of the heel of the blade.Thanks to a special hardening technology, the knife maintains exceptional sharpness and durability even under [&hellip;]\" \/>\n<meta property=\"og:url\" content=\"https:\/\/aldsharpknife.com\/product\/nulgimisnuga-130-mm\/\" \/>\n<meta property=\"og:site_name\" content=\"Aldsharpknife\" \/>\n<meta property=\"article:modified_time\" content=\"2025-11-24T04:18:40+00:00\" \/>\n<meta property=\"og:image\" content=\"https:\/\/aldsharpknife.com\/wp-content\/uploads\/2025\/06\/758801-skinning-knife-130mm.jpg\" \/>\n\t<meta property=\"og:image:width\" content=\"2000\" \/>\n\t<meta property=\"og:image:height\" content=\"1333\" \/>\n\t<meta property=\"og:image:type\" content=\"image\/jpeg\" \/>\n<meta name=\"twitter:card\" content=\"summary_large_image\" \/>\n<meta name=\"twitter:label1\" content=\"Est. reading time\" \/>\n\t<meta name=\"twitter:data1\" content=\"2 minutes\" \/>\n<script type=\"application\/ld+json\" class=\"yoast-schema-graph\">{\"@context\":\"https:\/\/schema.org\",\"@graph\":[{\"@type\":\"WebPage\",\"@id\":\"https:\/\/aldsharpknife.com\/product\/nulgimisnuga-130-mm\/\",\"url\":\"https:\/\/aldsharpknife.com\/product\/nulgimisnuga-130-mm\/\",\"name\":\"[:et]N\u00fclgimisnuga, 130 mm[:en]Skinning knife, 130 mm[:] - Aldsharpknife\",\"isPartOf\":{\"@id\":\"https:\/\/aldsharpknife.com\/#website\"},\"primaryImageOfPage\":{\"@id\":\"https:\/\/aldsharpknife.com\/product\/nulgimisnuga-130-mm\/#primaryimage\"},\"image\":{\"@id\":\"https:\/\/aldsharpknife.com\/product\/nulgimisnuga-130-mm\/#primaryimage\"},\"thumbnailUrl\":\"https:\/\/aldsharpknife.com\/wp-content\/uploads\/2025\/06\/758801-skinning-knife-130mm.jpg\",\"datePublished\":\"2025-06-29T15:36:42+00:00\",\"dateModified\":\"2025-11-24T04:18:40+00:00\",\"breadcrumb\":{\"@id\":\"https:\/\/aldsharpknife.com\/product\/nulgimisnuga-130-mm\/#breadcrumb\"},\"inLanguage\":\"en-US\",\"potentialAction\":[{\"@type\":\"ReadAction\",\"target\":[\"https:\/\/aldsharpknife.com\/product\/nulgimisnuga-130-mm\/\"]}]},{\"@type\":\"ImageObject\",\"inLanguage\":\"en-US\",\"@id\":\"https:\/\/aldsharpknife.com\/product\/nulgimisnuga-130-mm\/#primaryimage\",\"url\":\"https:\/\/aldsharpknife.com\/wp-content\/uploads\/2025\/06\/758801-skinning-knife-130mm.jpg\",\"contentUrl\":\"https:\/\/aldsharpknife.com\/wp-content\/uploads\/2025\/06\/758801-skinning-knife-130mm.jpg\",\"width\":2000,\"height\":1333},{\"@type\":\"BreadcrumbList\",\"@id\":\"https:\/\/aldsharpknife.com\/product\/nulgimisnuga-130-mm\/#breadcrumb\",\"itemListElement\":[{\"@type\":\"ListItem\",\"position\":1,\"name\":\"Home\",\"item\":\"https:\/\/aldsharpknife.com\/\"},{\"@type\":\"ListItem\",\"position\":2,\"name\":\"Pood\",\"item\":\"https:\/\/aldsharpknife.com\/shop\/\"},{\"@type\":\"ListItem\",\"position\":3,\"name\":\"N\u00fclgimisnuga, 130 mm\"}]},{\"@type\":\"WebSite\",\"@id\":\"https:\/\/aldsharpknife.com\/#website\",\"url\":\"https:\/\/aldsharpknife.com\/\",\"name\":\"Aldsharpknife\",\"description\":\"[:et]50 aastat kirge ja kogemust noaterituse valdkonnas[:en]50 years of passion and experience in knife sharpening[:fi]50 vuotta intohimoa ja kokemusta veitsenter&auml;styksess&auml;[:lv]50 gadi kaisles un pieredzes na\u017eu asin\u0101&scaron;anas jom\u0101[:lt]50 met\u0173 aistros ir patirties peili\u0173 galandimo srityje[:]\",\"publisher\":{\"@id\":\"https:\/\/aldsharpknife.com\/#organization\"},\"potentialAction\":[{\"@type\":\"SearchAction\",\"target\":{\"@type\":\"EntryPoint\",\"urlTemplate\":\"https:\/\/aldsharpknife.com\/?s={search_term_string}\"},\"query-input\":{\"@type\":\"PropertyValueSpecification\",\"valueRequired\":true,\"valueName\":\"search_term_string\"}}],\"inLanguage\":\"en-US\"},{\"@type\":\"Organization\",\"@id\":\"https:\/\/aldsharpknife.com\/#organization\",\"name\":\"Aldsharpknife\",\"url\":\"https:\/\/aldsharpknife.com\/\",\"logo\":{\"@type\":\"ImageObject\",\"inLanguage\":\"en-US\",\"@id\":\"https:\/\/aldsharpknife.com\/#\/schema\/logo\/image\/\",\"url\":\"https:\/\/aldsharpknife.com\/wp-content\/uploads\/2025\/03\/aldsharp_logo.png\",\"contentUrl\":\"https:\/\/aldsharpknife.com\/wp-content\/uploads\/2025\/03\/aldsharp_logo.png\",\"width\":492,\"height\":182,\"caption\":\"Aldsharpknife\"},\"image\":{\"@id\":\"https:\/\/aldsharpknife.com\/#\/schema\/logo\/image\/\"}}]}<\/script>\n<!-- \/ Yoast SEO plugin. -->","yoast_head_json":{"title":"[:et]N\u00fclgimisnuga, 130 mm[:en]Skinning knife, 130 mm[:] - Aldsharpknife","robots":{"index":"index","follow":"follow","max-snippet":"max-snippet:-1","max-image-preview":"max-image-preview:large","max-video-preview":"max-video-preview:-1"},"canonical":"https:\/\/aldsharpknife.com\/product\/nulgimisnuga-130-mm\/","og_locale":"en_US","og_type":"article","og_title":"[:et]N\u00fclgimisnuga, 130 mm[:en]Skinning knife, 130 mm[:] - Aldsharpknife","og_description":"The Stubai skinning knife is designed for quick and precise removal of skin without damaging the meat. Its wide, upward-curved blade with a rounded tip reduces the risk of piercing the hide and maximizes use of the heel of the blade.Thanks to a special hardening technology, the knife maintains exceptional sharpness and durability even under [&hellip;]","og_url":"https:\/\/aldsharpknife.com\/product\/nulgimisnuga-130-mm\/","og_site_name":"Aldsharpknife","article_modified_time":"2025-11-24T04:18:40+00:00","og_image":[{"width":2000,"height":1333,"url":"https:\/\/aldsharpknife.com\/wp-content\/uploads\/2025\/06\/758801-skinning-knife-130mm.jpg","type":"image\/jpeg"}],"twitter_card":"summary_large_image","twitter_misc":{"Est. reading time":"2 minutes"},"schema":{"@context":"https:\/\/schema.org","@graph":[{"@type":"WebPage","@id":"https:\/\/aldsharpknife.com\/product\/nulgimisnuga-130-mm\/","url":"https:\/\/aldsharpknife.com\/product\/nulgimisnuga-130-mm\/","name":"[:et]N\u00fclgimisnuga, 130 mm[:en]Skinning knife, 130 mm[:] - Aldsharpknife","isPartOf":{"@id":"https:\/\/aldsharpknife.com\/#website"},"primaryImageOfPage":{"@id":"https:\/\/aldsharpknife.com\/product\/nulgimisnuga-130-mm\/#primaryimage"},"image":{"@id":"https:\/\/aldsharpknife.com\/product\/nulgimisnuga-130-mm\/#primaryimage"},"thumbnailUrl":"https:\/\/aldsharpknife.com\/wp-content\/uploads\/2025\/06\/758801-skinning-knife-130mm.jpg","datePublished":"2025-06-29T15:36:42+00:00","dateModified":"2025-11-24T04:18:40+00:00","breadcrumb":{"@id":"https:\/\/aldsharpknife.com\/product\/nulgimisnuga-130-mm\/#breadcrumb"},"inLanguage":"en-US","potentialAction":[{"@type":"ReadAction","target":["https:\/\/aldsharpknife.com\/product\/nulgimisnuga-130-mm\/"]}]},{"@type":"ImageObject","inLanguage":"en-US","@id":"https:\/\/aldsharpknife.com\/product\/nulgimisnuga-130-mm\/#primaryimage","url":"https:\/\/aldsharpknife.com\/wp-content\/uploads\/2025\/06\/758801-skinning-knife-130mm.jpg","contentUrl":"https:\/\/aldsharpknife.com\/wp-content\/uploads\/2025\/06\/758801-skinning-knife-130mm.jpg","width":2000,"height":1333},{"@type":"BreadcrumbList","@id":"https:\/\/aldsharpknife.com\/product\/nulgimisnuga-130-mm\/#breadcrumb","itemListElement":[{"@type":"ListItem","position":1,"name":"Home","item":"https:\/\/aldsharpknife.com\/"},{"@type":"ListItem","position":2,"name":"Pood","item":"https:\/\/aldsharpknife.com\/shop\/"},{"@type":"ListItem","position":3,"name":"N\u00fclgimisnuga, 130 mm"}]},{"@type":"WebSite","@id":"https:\/\/aldsharpknife.com\/#website","url":"https:\/\/aldsharpknife.com\/","name":"Aldsharpknife","description":"[:et]50 aastat kirge ja kogemust noaterituse valdkonnas[:en]50 years of passion and experience in knife sharpening[:fi]50 vuotta intohimoa ja kokemusta veitsenter&auml;styksess&auml;[:lv]50 gadi kaisles un pieredzes na\u017eu asin\u0101&scaron;anas jom\u0101[:lt]50 met\u0173 aistros ir patirties peili\u0173 galandimo srityje[:]","publisher":{"@id":"https:\/\/aldsharpknife.com\/#organization"},"potentialAction":[{"@type":"SearchAction","target":{"@type":"EntryPoint","urlTemplate":"https:\/\/aldsharpknife.com\/?s={search_term_string}"},"query-input":{"@type":"PropertyValueSpecification","valueRequired":true,"valueName":"search_term_string"}}],"inLanguage":"en-US"},{"@type":"Organization","@id":"https:\/\/aldsharpknife.com\/#organization","name":"Aldsharpknife","url":"https:\/\/aldsharpknife.com\/","logo":{"@type":"ImageObject","inLanguage":"en-US","@id":"https:\/\/aldsharpknife.com\/#\/schema\/logo\/image\/","url":"https:\/\/aldsharpknife.com\/wp-content\/uploads\/2025\/03\/aldsharp_logo.png","contentUrl":"https:\/\/aldsharpknife.com\/wp-content\/uploads\/2025\/03\/aldsharp_logo.png","width":492,"height":182,"caption":"Aldsharpknife"},"image":{"@id":"https:\/\/aldsharpknife.com\/#\/schema\/logo\/image\/"}}]}},"uagb_featured_image_src":{"full":["https:\/\/aldsharpknife.com\/wp-content\/uploads\/2025\/06\/758801-skinning-knife-130mm.jpg",2000,1333,false],"thumbnail":["https:\/\/aldsharpknife.com\/wp-content\/uploads\/2025\/06\/758801-skinning-knife-130mm-150x150.jpg",150,150,true],"medium":["https:\/\/aldsharpknife.com\/wp-content\/uploads\/2025\/06\/758801-skinning-knife-130mm-300x200.jpg",300,200,true],"medium_large":["https:\/\/aldsharpknife.com\/wp-content\/uploads\/2025\/06\/758801-skinning-knife-130mm-768x512.jpg",768,512,true],"large":["https:\/\/aldsharpknife.com\/wp-content\/uploads\/2025\/06\/758801-skinning-knife-130mm-1024x682.jpg",1024,682,true],"1536x1536":["https:\/\/aldsharpknife.com\/wp-content\/uploads\/2025\/06\/758801-skinning-knife-130mm-1536x1024.jpg",1536,1024,true],"2048x2048":["https:\/\/aldsharpknife.com\/wp-content\/uploads\/2025\/06\/758801-skinning-knife-130mm.jpg",2000,1333,false],"mailpoet_newsletter_max":["https:\/\/aldsharpknife.com\/wp-content\/uploads\/2025\/06\/758801-skinning-knife-130mm-1320x880.jpg",1320,880,true],"woocommerce_thumbnail":["https:\/\/aldsharpknife.com\/wp-content\/uploads\/2025\/06\/758801-skinning-knife-130mm-430x287.jpg",430,287,true],"woocommerce_single":["https:\/\/aldsharpknife.com\/wp-content\/uploads\/2025\/06\/758801-skinning-knife-130mm-600x400.jpg",600,400,true],"woocommerce_gallery_thumbnail":["https:\/\/aldsharpknife.com\/wp-content\/uploads\/2025\/06\/758801-skinning-knife-130mm-100x100.jpg",100,100,true]},"uagb_author_info":{"display_name":"aldo","author_link":"https:\/\/aldsharpknife.com\/en\/author\/"},"uagb_comment_info":0,"uagb_excerpt":"The Stubai skinning knife is designed for quick and precise removal of skin without damaging the meat. Its wide, upward-curved blade with a rounded tip reduces the risk of piercing the hide and maximizes use of the heel of the blade.Thanks to a special hardening technology, the knife maintains exceptional sharpness and durability even under&hellip;","mfb_rest_fields":["title","yoast_head","yoast_head_json","uagb_featured_image_src","uagb_author_info","uagb_comment_info","uagb_excerpt"],"_links":{"self":[{"href":"https:\/\/aldsharpknife.com\/en\/wp-json\/wp\/v2\/product\/701","targetHints":{"allow":["GET"]}}],"collection":[{"href":"https:\/\/aldsharpknife.com\/en\/wp-json\/wp\/v2\/product"}],"about":[{"href":"https:\/\/aldsharpknife.com\/en\/wp-json\/wp\/v2\/types\/product"}],"replies":[{"embeddable":true,"href":"https:\/\/aldsharpknife.com\/en\/wp-json\/wp\/v2\/comments?post=701"}],"wp:featuredmedia":[{"embeddable":true,"href":"https:\/\/aldsharpknife.com\/en\/wp-json\/wp\/v2\/media\/658"}],"wp:attachment":[{"href":"https:\/\/aldsharpknife.com\/en\/wp-json\/wp\/v2\/media?parent=701"}],"wp:term":[{"taxonomy":"product_brand","embeddable":true,"href":"https:\/\/aldsharpknife.com\/en\/wp-json\/wp\/v2\/product_brand?post=701"},{"taxonomy":"product_cat","embeddable":true,"href":"https:\/\/aldsharpknife.com\/en\/wp-json\/wp\/v2\/product_cat?post=701"},{"taxonomy":"product_tag","embeddable":true,"href":"https:\/\/aldsharpknife.com\/en\/wp-json\/wp\/v2\/product_tag?post=701"}],"curies":[{"name":"wp","href":"https:\/\/api.w.org\/{rel}","templated":true}]}}