{"id":715,"date":"2025-06-30T08:14:39","date_gmt":"2025-06-30T05:14:39","guid":{"rendered":"https:\/\/aldsharpknife.com\/?post_type=product&#038;p=715"},"modified":"2025-08-12T20:20:10","modified_gmt":"2025-08-12T17:20:10","slug":"kirkur-160-mm-310-g","status":"publish","type":"product","link":"https:\/\/aldsharpknife.com\/en\/product\/kirkur-160-mm-310-g\/","title":{"rendered":"Cleaver, 160 mm, 365 g"},"content":{"rendered":"<p>The Stubai cleaver is a strong and durable cutting tool designed for slicing through meat, cartilage, and small bones with a single precise strike. Its weight and sharpness make it indispensable in demanding environments. Note: It\u2019s not intended for cutting through large, hard bones \u2013 a bone saw is more suitable for that task. Stubai uses a special hardening process to ensure long-lasting sharpness and durability. The cleaver also has a convenient wooden handle that is specially riveted, easy to clean and suitable for dishwasher use. An ideal choice for professionals, hunters, and demanding cooks.<\/p>\n<span><a onclick=\"read_toggle(1042089991, 'Read More', 'Read Less'); return false;\" class=\"read-link\" id=\"readlink1042089991\" style=\"readlink\" href=\"#\">Read More<\/a><\/span>\n<div class=\"read_div\" id=\"read1042089991\" style=\"display: none;\"><\/p>\n<p><strong>Stubai \u2013 <\/strong><strong>p<\/strong><strong>recision of <\/strong><strong>m<\/strong><strong>aster <\/strong><strong>c<\/strong><strong>raftsmanship in <\/strong><strong>e<\/strong><strong>very <\/strong><strong>c<\/strong><strong>ut.<\/strong><\/p>\n<p>Every Stubai knife is a tribute to over 100 years of Austrian blacksmithing tradition. Handcrafted by skilled artisans, these knives embody tradition, precision, durability, and exceptional sharpness thanks to Stubai\u2019s special hardening process. A true tool for those who value high quality and timeless design.<\/p>\n<p>The excellence of Stubai knives is visible and tangible in every use \u2014 you\u2019ll feel the difference instantly. Work becomes easier, smoother, and genuinely more enjoyable. It\u2019s the choice of professionals who settle for nothing but the best.<\/p>\n<p>Cleaver \u2013 power and precision for demanding cuts.<\/p>\n<p>The cleaver, also known as a butcher&#8217;s axe, is a large and heavy knife with a typically rectangular blade, resembling a small hatchet. Unlike ordinary kitchen knives, the cleaver features an exceptionally strong edge designed to withstand repeated impact through thick meat, dense cartilage, smaller bones, and against the cutting board.<\/p>\n<p>It\u2019s important to note that cleavers are not intended for cutting through large, hard bones \u2013 a bone saw is more appropriate for that. The cleaver is used more like a hammer or meat tenderizer, relying on a single clean, powerful strike rather than a sawing motion to make the cut.<\/p>\n<p>A truly high-quality cleaver must be extremely durable and resistant to repeated force. Stubai cleavers are manufactured using a special hardening technology that ensures the necessary sharpness and strength even in the most demanding working conditions.<\/p>\n<p><b>The Stubai cleaver combines top-tier quality, practicality, and reliability \u2013 making it the ideal tool for professional butchers, hunters, and dedicated cooks alike.<\/b><\/p>\n<p><\/div>\n","protected":false},"excerpt":{"rendered":"<p>The Stubai cleaver is a strong and durable cutting tool designed for slicing through meat, cartilage, and small bones with a single precise strike. Its weight and sharpness make it indispensable in demanding environments. Note: It\u2019s not intended for cutting through large, hard bones \u2013 a bone saw is more suitable for that task. Stubai [&hellip;]<\/p>\n","protected":false},"featured_media":668,"comment_status":"open","ping_status":"closed","template":"","meta":{"_uag_custom_page_level_css":""},"product_brand":[],"product_cat":[28],"product_tag":[],"class_list":{"0":"post-715","1":"product","2":"type-product","3":"status-publish","4":"has-post-thumbnail","6":"product_cat-cleavers","8":"first","9":"instock","10":"taxable","11":"shipping-taxable","12":"purchasable","13":"product-type-simple"},"mb":[],"yoast_head":"<!-- This site is optimized with the Yoast SEO plugin v26.0 - https:\/\/yoast.com\/wordpress\/plugins\/seo\/ -->\n<title>Cleaver, 160 mm, 365 g - Aldsharpknife<\/title>\n<meta name=\"robots\" content=\"index, follow, max-snippet:-1, max-image-preview:large, max-video-preview:-1\" \/>\n<link rel=\"canonical\" href=\"https:\/\/aldsharpknife.com\/product\/kirkur-160-mm-310-g\/\" \/>\n<meta property=\"og:locale\" content=\"en_US\" \/>\n<meta property=\"og:type\" content=\"article\" \/>\n<meta property=\"og:title\" content=\"[:et]Kirkur, 160 mm, 365 g[:en]Cleaver, 160 mm, 365 g[:] - Aldsharpknife\" \/>\n<meta property=\"og:description\" content=\"The Stubai cleaver is a strong and durable cutting tool designed for slicing through meat, cartilage, and small bones with a single precise strike. Its weight and sharpness make it indispensable in demanding environments. Note: It\u2019s not intended for cutting through large, hard bones \u2013 a bone saw is more suitable for that task. Stubai [&hellip;]\" \/>\n<meta property=\"og:url\" content=\"https:\/\/aldsharpknife.com\/product\/kirkur-160-mm-310-g\/\" \/>\n<meta property=\"og:site_name\" content=\"Aldsharpknife\" \/>\n<meta property=\"article:modified_time\" content=\"2025-08-12T17:20:10+00:00\" \/>\n<meta property=\"og:image\" content=\"https:\/\/aldsharpknife.com\/wp-content\/uploads\/2025\/06\/769501_kirkur_160mm_310g.jpg\" \/>\n\t<meta property=\"og:image:width\" content=\"2000\" \/>\n\t<meta property=\"og:image:height\" content=\"1333\" \/>\n\t<meta property=\"og:image:type\" content=\"image\/jpeg\" \/>\n<meta name=\"twitter:card\" content=\"summary_large_image\" \/>\n<meta name=\"twitter:label1\" content=\"Est. reading time\" \/>\n\t<meta name=\"twitter:data1\" content=\"3 minutes\" \/>\n<script type=\"application\/ld+json\" class=\"yoast-schema-graph\">{\"@context\":\"https:\/\/schema.org\",\"@graph\":[{\"@type\":\"WebPage\",\"@id\":\"https:\/\/aldsharpknife.com\/product\/kirkur-160-mm-310-g\/\",\"url\":\"https:\/\/aldsharpknife.com\/product\/kirkur-160-mm-310-g\/\",\"name\":\"[:et]Kirkur, 160 mm, 365 g[:en]Cleaver, 160 mm, 365 g[:] - Aldsharpknife\",\"isPartOf\":{\"@id\":\"https:\/\/aldsharpknife.com\/#website\"},\"primaryImageOfPage\":{\"@id\":\"https:\/\/aldsharpknife.com\/product\/kirkur-160-mm-310-g\/#primaryimage\"},\"image\":{\"@id\":\"https:\/\/aldsharpknife.com\/product\/kirkur-160-mm-310-g\/#primaryimage\"},\"thumbnailUrl\":\"https:\/\/aldsharpknife.com\/wp-content\/uploads\/2025\/06\/769501_kirkur_160mm_310g.jpg\",\"datePublished\":\"2025-06-30T05:14:39+00:00\",\"dateModified\":\"2025-08-12T17:20:10+00:00\",\"breadcrumb\":{\"@id\":\"https:\/\/aldsharpknife.com\/product\/kirkur-160-mm-310-g\/#breadcrumb\"},\"inLanguage\":\"en-US\",\"potentialAction\":[{\"@type\":\"ReadAction\",\"target\":[\"https:\/\/aldsharpknife.com\/product\/kirkur-160-mm-310-g\/\"]}]},{\"@type\":\"ImageObject\",\"inLanguage\":\"en-US\",\"@id\":\"https:\/\/aldsharpknife.com\/product\/kirkur-160-mm-310-g\/#primaryimage\",\"url\":\"https:\/\/aldsharpknife.com\/wp-content\/uploads\/2025\/06\/769501_kirkur_160mm_310g.jpg\",\"contentUrl\":\"https:\/\/aldsharpknife.com\/wp-content\/uploads\/2025\/06\/769501_kirkur_160mm_310g.jpg\",\"width\":2000,\"height\":1333},{\"@type\":\"BreadcrumbList\",\"@id\":\"https:\/\/aldsharpknife.com\/product\/kirkur-160-mm-310-g\/#breadcrumb\",\"itemListElement\":[{\"@type\":\"ListItem\",\"position\":1,\"name\":\"Home\",\"item\":\"https:\/\/aldsharpknife.com\/\"},{\"@type\":\"ListItem\",\"position\":2,\"name\":\"Pood\",\"item\":\"https:\/\/aldsharpknife.com\/shop\/\"},{\"@type\":\"ListItem\",\"position\":3,\"name\":\"Kirkur, 160 mm, 365 g\"}]},{\"@type\":\"WebSite\",\"@id\":\"https:\/\/aldsharpknife.com\/#website\",\"url\":\"https:\/\/aldsharpknife.com\/\",\"name\":\"Aldsharpknife\",\"description\":\"[:et]50 aastat kirge ja kogemust noaterituse valdkonnas[:en]50 years of passion and experience in knife sharpening[:fi]50 vuotta intohimoa ja kokemusta veitsenter&auml;styksess&auml;[:lv]50 gadi kaisles un pieredzes na\u017eu asin\u0101&scaron;anas jom\u0101[:lt]50 met\u0173 aistros ir patirties peili\u0173 galandimo srityje[:]\",\"publisher\":{\"@id\":\"https:\/\/aldsharpknife.com\/#organization\"},\"potentialAction\":[{\"@type\":\"SearchAction\",\"target\":{\"@type\":\"EntryPoint\",\"urlTemplate\":\"https:\/\/aldsharpknife.com\/?s={search_term_string}\"},\"query-input\":{\"@type\":\"PropertyValueSpecification\",\"valueRequired\":true,\"valueName\":\"search_term_string\"}}],\"inLanguage\":\"en-US\"},{\"@type\":\"Organization\",\"@id\":\"https:\/\/aldsharpknife.com\/#organization\",\"name\":\"Aldsharpknife\",\"url\":\"https:\/\/aldsharpknife.com\/\",\"logo\":{\"@type\":\"ImageObject\",\"inLanguage\":\"en-US\",\"@id\":\"https:\/\/aldsharpknife.com\/#\/schema\/logo\/image\/\",\"url\":\"https:\/\/aldsharpknife.com\/wp-content\/uploads\/2025\/03\/aldsharp_logo.png\",\"contentUrl\":\"https:\/\/aldsharpknife.com\/wp-content\/uploads\/2025\/03\/aldsharp_logo.png\",\"width\":492,\"height\":182,\"caption\":\"Aldsharpknife\"},\"image\":{\"@id\":\"https:\/\/aldsharpknife.com\/#\/schema\/logo\/image\/\"}}]}<\/script>\n<!-- \/ Yoast SEO plugin. -->","yoast_head_json":{"title":"[:et]Kirkur, 160 mm, 365 g[:en]Cleaver, 160 mm, 365 g[:] - Aldsharpknife","robots":{"index":"index","follow":"follow","max-snippet":"max-snippet:-1","max-image-preview":"max-image-preview:large","max-video-preview":"max-video-preview:-1"},"canonical":"https:\/\/aldsharpknife.com\/product\/kirkur-160-mm-310-g\/","og_locale":"en_US","og_type":"article","og_title":"[:et]Kirkur, 160 mm, 365 g[:en]Cleaver, 160 mm, 365 g[:] - Aldsharpknife","og_description":"The Stubai cleaver is a strong and durable cutting tool designed for slicing through meat, cartilage, and small bones with a single precise strike. Its weight and sharpness make it indispensable in demanding environments. Note: It\u2019s not intended for cutting through large, hard bones \u2013 a bone saw is more suitable for that task. Stubai [&hellip;]","og_url":"https:\/\/aldsharpknife.com\/product\/kirkur-160-mm-310-g\/","og_site_name":"Aldsharpknife","article_modified_time":"2025-08-12T17:20:10+00:00","og_image":[{"width":2000,"height":1333,"url":"https:\/\/aldsharpknife.com\/wp-content\/uploads\/2025\/06\/769501_kirkur_160mm_310g.jpg","type":"image\/jpeg"}],"twitter_card":"summary_large_image","twitter_misc":{"Est. reading time":"3 minutes"},"schema":{"@context":"https:\/\/schema.org","@graph":[{"@type":"WebPage","@id":"https:\/\/aldsharpknife.com\/product\/kirkur-160-mm-310-g\/","url":"https:\/\/aldsharpknife.com\/product\/kirkur-160-mm-310-g\/","name":"[:et]Kirkur, 160 mm, 365 g[:en]Cleaver, 160 mm, 365 g[:] - Aldsharpknife","isPartOf":{"@id":"https:\/\/aldsharpknife.com\/#website"},"primaryImageOfPage":{"@id":"https:\/\/aldsharpknife.com\/product\/kirkur-160-mm-310-g\/#primaryimage"},"image":{"@id":"https:\/\/aldsharpknife.com\/product\/kirkur-160-mm-310-g\/#primaryimage"},"thumbnailUrl":"https:\/\/aldsharpknife.com\/wp-content\/uploads\/2025\/06\/769501_kirkur_160mm_310g.jpg","datePublished":"2025-06-30T05:14:39+00:00","dateModified":"2025-08-12T17:20:10+00:00","breadcrumb":{"@id":"https:\/\/aldsharpknife.com\/product\/kirkur-160-mm-310-g\/#breadcrumb"},"inLanguage":"en-US","potentialAction":[{"@type":"ReadAction","target":["https:\/\/aldsharpknife.com\/product\/kirkur-160-mm-310-g\/"]}]},{"@type":"ImageObject","inLanguage":"en-US","@id":"https:\/\/aldsharpknife.com\/product\/kirkur-160-mm-310-g\/#primaryimage","url":"https:\/\/aldsharpknife.com\/wp-content\/uploads\/2025\/06\/769501_kirkur_160mm_310g.jpg","contentUrl":"https:\/\/aldsharpknife.com\/wp-content\/uploads\/2025\/06\/769501_kirkur_160mm_310g.jpg","width":2000,"height":1333},{"@type":"BreadcrumbList","@id":"https:\/\/aldsharpknife.com\/product\/kirkur-160-mm-310-g\/#breadcrumb","itemListElement":[{"@type":"ListItem","position":1,"name":"Home","item":"https:\/\/aldsharpknife.com\/"},{"@type":"ListItem","position":2,"name":"Pood","item":"https:\/\/aldsharpknife.com\/shop\/"},{"@type":"ListItem","position":3,"name":"Kirkur, 160 mm, 365 g"}]},{"@type":"WebSite","@id":"https:\/\/aldsharpknife.com\/#website","url":"https:\/\/aldsharpknife.com\/","name":"Aldsharpknife","description":"[:et]50 aastat kirge ja kogemust noaterituse valdkonnas[:en]50 years of passion and experience in knife sharpening[:fi]50 vuotta intohimoa ja kokemusta veitsenter&auml;styksess&auml;[:lv]50 gadi kaisles un pieredzes na\u017eu asin\u0101&scaron;anas jom\u0101[:lt]50 met\u0173 aistros ir patirties peili\u0173 galandimo srityje[:]","publisher":{"@id":"https:\/\/aldsharpknife.com\/#organization"},"potentialAction":[{"@type":"SearchAction","target":{"@type":"EntryPoint","urlTemplate":"https:\/\/aldsharpknife.com\/?s={search_term_string}"},"query-input":{"@type":"PropertyValueSpecification","valueRequired":true,"valueName":"search_term_string"}}],"inLanguage":"en-US"},{"@type":"Organization","@id":"https:\/\/aldsharpknife.com\/#organization","name":"Aldsharpknife","url":"https:\/\/aldsharpknife.com\/","logo":{"@type":"ImageObject","inLanguage":"en-US","@id":"https:\/\/aldsharpknife.com\/#\/schema\/logo\/image\/","url":"https:\/\/aldsharpknife.com\/wp-content\/uploads\/2025\/03\/aldsharp_logo.png","contentUrl":"https:\/\/aldsharpknife.com\/wp-content\/uploads\/2025\/03\/aldsharp_logo.png","width":492,"height":182,"caption":"Aldsharpknife"},"image":{"@id":"https:\/\/aldsharpknife.com\/#\/schema\/logo\/image\/"}}]}},"uagb_featured_image_src":{"full":["https:\/\/aldsharpknife.com\/wp-content\/uploads\/2025\/06\/769501_kirkur_160mm_310g.jpg",2000,1333,false],"thumbnail":["https:\/\/aldsharpknife.com\/wp-content\/uploads\/2025\/06\/769501_kirkur_160mm_310g-150x150.jpg",150,150,true],"medium":["https:\/\/aldsharpknife.com\/wp-content\/uploads\/2025\/06\/769501_kirkur_160mm_310g-300x200.jpg",300,200,true],"medium_large":["https:\/\/aldsharpknife.com\/wp-content\/uploads\/2025\/06\/769501_kirkur_160mm_310g-768x512.jpg",768,512,true],"large":["https:\/\/aldsharpknife.com\/wp-content\/uploads\/2025\/06\/769501_kirkur_160mm_310g-1024x682.jpg",1024,682,true],"1536x1536":["https:\/\/aldsharpknife.com\/wp-content\/uploads\/2025\/06\/769501_kirkur_160mm_310g-1536x1024.jpg",1536,1024,true],"2048x2048":["https:\/\/aldsharpknife.com\/wp-content\/uploads\/2025\/06\/769501_kirkur_160mm_310g.jpg",2000,1333,false],"mailpoet_newsletter_max":["https:\/\/aldsharpknife.com\/wp-content\/uploads\/2025\/06\/769501_kirkur_160mm_310g-1320x880.jpg",1320,880,true],"woocommerce_thumbnail":["https:\/\/aldsharpknife.com\/wp-content\/uploads\/2025\/06\/769501_kirkur_160mm_310g-430x287.jpg",430,287,true],"woocommerce_single":["https:\/\/aldsharpknife.com\/wp-content\/uploads\/2025\/06\/769501_kirkur_160mm_310g-600x400.jpg",600,400,true],"woocommerce_gallery_thumbnail":["https:\/\/aldsharpknife.com\/wp-content\/uploads\/2025\/06\/769501_kirkur_160mm_310g-100x100.jpg",100,100,true]},"uagb_author_info":{"display_name":"aldo","author_link":"https:\/\/aldsharpknife.com\/en\/author\/"},"uagb_comment_info":0,"uagb_excerpt":"The Stubai cleaver is a strong and durable cutting tool designed for slicing through meat, cartilage, and small bones with a single precise strike. Its weight and sharpness make it indispensable in demanding environments. Note: It\u2019s not intended for cutting through large, hard bones \u2013 a bone saw is more suitable for that task. Stubai&hellip;","mfb_rest_fields":["title","yoast_head","yoast_head_json","uagb_featured_image_src","uagb_author_info","uagb_comment_info","uagb_excerpt"],"_links":{"self":[{"href":"https:\/\/aldsharpknife.com\/en\/wp-json\/wp\/v2\/product\/715","targetHints":{"allow":["GET"]}}],"collection":[{"href":"https:\/\/aldsharpknife.com\/en\/wp-json\/wp\/v2\/product"}],"about":[{"href":"https:\/\/aldsharpknife.com\/en\/wp-json\/wp\/v2\/types\/product"}],"replies":[{"embeddable":true,"href":"https:\/\/aldsharpknife.com\/en\/wp-json\/wp\/v2\/comments?post=715"}],"wp:featuredmedia":[{"embeddable":true,"href":"https:\/\/aldsharpknife.com\/en\/wp-json\/wp\/v2\/media\/668"}],"wp:attachment":[{"href":"https:\/\/aldsharpknife.com\/en\/wp-json\/wp\/v2\/media?parent=715"}],"wp:term":[{"taxonomy":"product_brand","embeddable":true,"href":"https:\/\/aldsharpknife.com\/en\/wp-json\/wp\/v2\/product_brand?post=715"},{"taxonomy":"product_cat","embeddable":true,"href":"https:\/\/aldsharpknife.com\/en\/wp-json\/wp\/v2\/product_cat?post=715"},{"taxonomy":"product_tag","embeddable":true,"href":"https:\/\/aldsharpknife.com\/en\/wp-json\/wp\/v2\/product_tag?post=715"}],"curies":[{"name":"wp","href":"https:\/\/api.w.org\/{rel}","templated":true}]}}