{"id":725,"date":"2025-07-01T08:25:20","date_gmt":"2025-07-01T05:25:20","guid":{"rendered":"https:\/\/aldsharpknife.com\/?post_type=product&#038;p=725"},"modified":"2025-11-02T07:16:06","modified_gmt":"2025-11-02T05:16:06","slug":"kokanuga-160-mm","status":"publish","type":"product","link":"https:\/\/aldsharpknife.com\/en\/product\/kokanuga-160-mm\/","title":{"rendered":"Chef\u00b4s knife, 160 mm"},"content":{"rendered":"<p>Part of the \u201cLady Line\u201d household knife series. The chef\u2019s knife is an essential kitchen tool, perfect for everyday tasks like chopping herbs, vegetables, slicing meat, and fish. The blade length is typically 20 cm but varies by model.Stubai chef\u2019s knives are sharp and durable thanks to a special tempering technology. The handle is ergonomic, made of high quality glass-fiber reinforced polypropylene (PP), easy to clean, and dishwasher safe. Stubai chef\u2019s knives combine top quality and practicality \u2013 an ideal choice for any kitchen.<\/p>\n<span><a onclick=\"read_toggle(1124424876, 'Read More', 'Read Less'); return false;\" class=\"read-link\" id=\"readlink1124424876\" style=\"readlink\" href=\"#\">Read More<\/a><\/span>\n<div class=\"read_div\" id=\"read1124424876\" style=\"display: none;\"><\/p>\n<p><strong>Stubai \u2013 <\/strong><strong>p<\/strong><strong>recision of <\/strong><strong>m<\/strong><strong>aster <\/strong><strong>c<\/strong><strong>raftsmanship in <\/strong><strong>e<\/strong><strong>very <\/strong><strong>c<\/strong><strong>ut.<\/strong><\/p>\n<p>Every Stubai knife is a tribute to over 100 years of Austrian blacksmithing tradition. Handcrafted by skilled artisans, these knives embody tradition, precision, durability, and exceptional sharpness thanks to Stubai\u2019s special hardening process. A true tool for those who value high quality and timeless design.<\/p>\n<p>The excellence of Stubai knives is visible and tangible in every use \u2014 you\u2019ll feel the difference instantly. Work becomes easier, smoother, and genuinely more enjoyable. It\u2019s the choice of professionals who settle for nothing but the best.<\/p>\n<p>Part of the \u201cLady Line\u201d household knife series.<\/p>\n<p>The chef\u2019s knife is a classic and absolutely essential tool in any kitchen. A staple in every cook\u2019s core arsenal, it\u2019s a multipurpose knife designed to perform a wide range of kitchen tasks efficiently. It is ideal for various cutting techniques\u2014perfect for slicing herbs and vegetables, as well as chopping or filleting meat and fish.<\/p>\n<p>The standard European chef\u2019s knife blade is typically 20 cm long and 4 cm wide, although some models in the series range from 14 to 36 cm in length, with blade widths starting from 2 cm.<\/p>\n<p>An ideal chef\u2019s knife features a relatively long, wide, and sturdy blade combined with a heavy handle that fits comfortably in the hand. A high-quality chef\u2019s knife must be exceptionally sharp and durable. Stubai achieves this with a special hardening technology that ensures long-lasting sharpness and strength, even under the most demanding kitchen conditions.<\/p>\n<p>The ergonomic handle is made of polyoxymethylene, making it both dishwasher-safe and easy to clean.<\/p>\n<p><strong>The Stubai chef\u2019s knife combines premium quality, practicality, and reliability\u2014an ideal choice for both home and professional use.<\/strong><\/p>\n<p><\/div>\n","protected":false},"excerpt":{"rendered":"<p>Part of the \u201cLady Line\u201d household knife series. The chef\u2019s knife is an essential kitchen tool, perfect for everyday tasks like chopping herbs, vegetables, slicing meat, and fish. The blade length is typically 20 cm but varies by model.Stubai chef\u2019s knives are sharp and durable thanks to a special tempering technology. The handle is ergonomic, [&hellip;]<\/p>\n","protected":false},"featured_media":641,"comment_status":"open","ping_status":"closed","template":"","meta":{"_uag_custom_page_level_css":""},"product_brand":[],"product_cat":[24],"product_tag":[],"class_list":{"0":"post-725","1":"product","2":"type-product","3":"status-publish","4":"has-post-thumbnail","6":"product_cat-kitchen-knives","8":"first","9":"instock","10":"taxable","11":"shipping-taxable","12":"purchasable","13":"product-type-simple"},"mb":[],"yoast_head":"<!-- This site is optimized with the Yoast SEO plugin v26.0 - https:\/\/yoast.com\/wordpress\/plugins\/seo\/ -->\n<title>Chef\u00b4s knife, 160 mm - Aldsharpknife<\/title>\n<meta name=\"robots\" content=\"index, follow, max-snippet:-1, max-image-preview:large, max-video-preview:-1\" \/>\n<link rel=\"canonical\" href=\"https:\/\/aldsharpknife.com\/product\/kokanuga-160-mm\/\" \/>\n<meta property=\"og:locale\" content=\"en_US\" \/>\n<meta property=\"og:type\" content=\"article\" \/>\n<meta property=\"og:title\" content=\"[:et]Kokanuga, 160 mm[:en]Chef\u00b4s knife, 160 mm[:] - Aldsharpknife\" \/>\n<meta property=\"og:description\" content=\"Part of the \u201cLady Line\u201d household knife series. The chef\u2019s knife is an essential kitchen tool, perfect for everyday tasks like chopping herbs, vegetables, slicing meat, and fish. The blade length is typically 20 cm but varies by model.Stubai chef\u2019s knives are sharp and durable thanks to a special tempering technology. The handle is ergonomic, [&hellip;]\" \/>\n<meta property=\"og:url\" content=\"https:\/\/aldsharpknife.com\/product\/kokanuga-160-mm\/\" \/>\n<meta property=\"og:site_name\" content=\"Aldsharpknife\" \/>\n<meta property=\"article:modified_time\" content=\"2025-11-02T05:16:06+00:00\" \/>\n<meta property=\"og:image\" content=\"https:\/\/aldsharpknife.com\/wp-content\/uploads\/2025\/06\/752503_kokanuga_160mm_100g.jpg\" \/>\n\t<meta property=\"og:image:width\" content=\"2000\" \/>\n\t<meta property=\"og:image:height\" content=\"1333\" \/>\n\t<meta property=\"og:image:type\" content=\"image\/jpeg\" \/>\n<meta name=\"twitter:card\" content=\"summary_large_image\" \/>\n<meta name=\"twitter:label1\" content=\"Est. reading time\" \/>\n\t<meta name=\"twitter:data1\" content=\"2 minutes\" \/>\n<script type=\"application\/ld+json\" class=\"yoast-schema-graph\">{\"@context\":\"https:\/\/schema.org\",\"@graph\":[{\"@type\":\"WebPage\",\"@id\":\"https:\/\/aldsharpknife.com\/product\/kokanuga-160-mm\/\",\"url\":\"https:\/\/aldsharpknife.com\/product\/kokanuga-160-mm\/\",\"name\":\"[:et]Kokanuga, 160 mm[:en]Chef\u00b4s knife, 160 mm[:] - Aldsharpknife\",\"isPartOf\":{\"@id\":\"https:\/\/aldsharpknife.com\/#website\"},\"primaryImageOfPage\":{\"@id\":\"https:\/\/aldsharpknife.com\/product\/kokanuga-160-mm\/#primaryimage\"},\"image\":{\"@id\":\"https:\/\/aldsharpknife.com\/product\/kokanuga-160-mm\/#primaryimage\"},\"thumbnailUrl\":\"https:\/\/aldsharpknife.com\/wp-content\/uploads\/2025\/06\/752503_kokanuga_160mm_100g.jpg\",\"datePublished\":\"2025-07-01T05:25:20+00:00\",\"dateModified\":\"2025-11-02T05:16:06+00:00\",\"breadcrumb\":{\"@id\":\"https:\/\/aldsharpknife.com\/product\/kokanuga-160-mm\/#breadcrumb\"},\"inLanguage\":\"en-US\",\"potentialAction\":[{\"@type\":\"ReadAction\",\"target\":[\"https:\/\/aldsharpknife.com\/product\/kokanuga-160-mm\/\"]}]},{\"@type\":\"ImageObject\",\"inLanguage\":\"en-US\",\"@id\":\"https:\/\/aldsharpknife.com\/product\/kokanuga-160-mm\/#primaryimage\",\"url\":\"https:\/\/aldsharpknife.com\/wp-content\/uploads\/2025\/06\/752503_kokanuga_160mm_100g.jpg\",\"contentUrl\":\"https:\/\/aldsharpknife.com\/wp-content\/uploads\/2025\/06\/752503_kokanuga_160mm_100g.jpg\",\"width\":2000,\"height\":1333},{\"@type\":\"BreadcrumbList\",\"@id\":\"https:\/\/aldsharpknife.com\/product\/kokanuga-160-mm\/#breadcrumb\",\"itemListElement\":[{\"@type\":\"ListItem\",\"position\":1,\"name\":\"Home\",\"item\":\"https:\/\/aldsharpknife.com\/\"},{\"@type\":\"ListItem\",\"position\":2,\"name\":\"Pood\",\"item\":\"https:\/\/aldsharpknife.com\/shop\/\"},{\"@type\":\"ListItem\",\"position\":3,\"name\":\"Kokanuga, 160 mm\"}]},{\"@type\":\"WebSite\",\"@id\":\"https:\/\/aldsharpknife.com\/#website\",\"url\":\"https:\/\/aldsharpknife.com\/\",\"name\":\"Aldsharpknife\",\"description\":\"[:et]50 aastat kirge ja kogemust noaterituse valdkonnas[:en]50 years of passion and experience in knife sharpening[:fi]50 vuotta intohimoa ja kokemusta veitsenter&auml;styksess&auml;[:lv]50 gadi kaisles un pieredzes na\u017eu asin\u0101&scaron;anas jom\u0101[:lt]50 met\u0173 aistros ir patirties peili\u0173 galandimo srityje[:]\",\"publisher\":{\"@id\":\"https:\/\/aldsharpknife.com\/#organization\"},\"potentialAction\":[{\"@type\":\"SearchAction\",\"target\":{\"@type\":\"EntryPoint\",\"urlTemplate\":\"https:\/\/aldsharpknife.com\/?s={search_term_string}\"},\"query-input\":{\"@type\":\"PropertyValueSpecification\",\"valueRequired\":true,\"valueName\":\"search_term_string\"}}],\"inLanguage\":\"en-US\"},{\"@type\":\"Organization\",\"@id\":\"https:\/\/aldsharpknife.com\/#organization\",\"name\":\"Aldsharpknife\",\"url\":\"https:\/\/aldsharpknife.com\/\",\"logo\":{\"@type\":\"ImageObject\",\"inLanguage\":\"en-US\",\"@id\":\"https:\/\/aldsharpknife.com\/#\/schema\/logo\/image\/\",\"url\":\"https:\/\/aldsharpknife.com\/wp-content\/uploads\/2025\/03\/aldsharp_logo.png\",\"contentUrl\":\"https:\/\/aldsharpknife.com\/wp-content\/uploads\/2025\/03\/aldsharp_logo.png\",\"width\":492,\"height\":182,\"caption\":\"Aldsharpknife\"},\"image\":{\"@id\":\"https:\/\/aldsharpknife.com\/#\/schema\/logo\/image\/\"}}]}<\/script>\n<!-- \/ Yoast SEO plugin. -->","yoast_head_json":{"title":"[:et]Kokanuga, 160 mm[:en]Chef\u00b4s knife, 160 mm[:] - Aldsharpknife","robots":{"index":"index","follow":"follow","max-snippet":"max-snippet:-1","max-image-preview":"max-image-preview:large","max-video-preview":"max-video-preview:-1"},"canonical":"https:\/\/aldsharpknife.com\/product\/kokanuga-160-mm\/","og_locale":"en_US","og_type":"article","og_title":"[:et]Kokanuga, 160 mm[:en]Chef\u00b4s knife, 160 mm[:] - Aldsharpknife","og_description":"Part of the \u201cLady Line\u201d household knife series. The chef\u2019s knife is an essential kitchen tool, perfect for everyday tasks like chopping herbs, vegetables, slicing meat, and fish. The blade length is typically 20 cm but varies by model.Stubai chef\u2019s knives are sharp and durable thanks to a special tempering technology. The handle is ergonomic, [&hellip;]","og_url":"https:\/\/aldsharpknife.com\/product\/kokanuga-160-mm\/","og_site_name":"Aldsharpknife","article_modified_time":"2025-11-02T05:16:06+00:00","og_image":[{"width":2000,"height":1333,"url":"https:\/\/aldsharpknife.com\/wp-content\/uploads\/2025\/06\/752503_kokanuga_160mm_100g.jpg","type":"image\/jpeg"}],"twitter_card":"summary_large_image","twitter_misc":{"Est. reading time":"2 minutes"},"schema":{"@context":"https:\/\/schema.org","@graph":[{"@type":"WebPage","@id":"https:\/\/aldsharpknife.com\/product\/kokanuga-160-mm\/","url":"https:\/\/aldsharpknife.com\/product\/kokanuga-160-mm\/","name":"[:et]Kokanuga, 160 mm[:en]Chef\u00b4s knife, 160 mm[:] - Aldsharpknife","isPartOf":{"@id":"https:\/\/aldsharpknife.com\/#website"},"primaryImageOfPage":{"@id":"https:\/\/aldsharpknife.com\/product\/kokanuga-160-mm\/#primaryimage"},"image":{"@id":"https:\/\/aldsharpknife.com\/product\/kokanuga-160-mm\/#primaryimage"},"thumbnailUrl":"https:\/\/aldsharpknife.com\/wp-content\/uploads\/2025\/06\/752503_kokanuga_160mm_100g.jpg","datePublished":"2025-07-01T05:25:20+00:00","dateModified":"2025-11-02T05:16:06+00:00","breadcrumb":{"@id":"https:\/\/aldsharpknife.com\/product\/kokanuga-160-mm\/#breadcrumb"},"inLanguage":"en-US","potentialAction":[{"@type":"ReadAction","target":["https:\/\/aldsharpknife.com\/product\/kokanuga-160-mm\/"]}]},{"@type":"ImageObject","inLanguage":"en-US","@id":"https:\/\/aldsharpknife.com\/product\/kokanuga-160-mm\/#primaryimage","url":"https:\/\/aldsharpknife.com\/wp-content\/uploads\/2025\/06\/752503_kokanuga_160mm_100g.jpg","contentUrl":"https:\/\/aldsharpknife.com\/wp-content\/uploads\/2025\/06\/752503_kokanuga_160mm_100g.jpg","width":2000,"height":1333},{"@type":"BreadcrumbList","@id":"https:\/\/aldsharpknife.com\/product\/kokanuga-160-mm\/#breadcrumb","itemListElement":[{"@type":"ListItem","position":1,"name":"Home","item":"https:\/\/aldsharpknife.com\/"},{"@type":"ListItem","position":2,"name":"Pood","item":"https:\/\/aldsharpknife.com\/shop\/"},{"@type":"ListItem","position":3,"name":"Kokanuga, 160 mm"}]},{"@type":"WebSite","@id":"https:\/\/aldsharpknife.com\/#website","url":"https:\/\/aldsharpknife.com\/","name":"Aldsharpknife","description":"[:et]50 aastat kirge ja kogemust noaterituse valdkonnas[:en]50 years of passion and experience in knife sharpening[:fi]50 vuotta intohimoa ja kokemusta veitsenter&auml;styksess&auml;[:lv]50 gadi kaisles un pieredzes na\u017eu asin\u0101&scaron;anas jom\u0101[:lt]50 met\u0173 aistros ir patirties peili\u0173 galandimo srityje[:]","publisher":{"@id":"https:\/\/aldsharpknife.com\/#organization"},"potentialAction":[{"@type":"SearchAction","target":{"@type":"EntryPoint","urlTemplate":"https:\/\/aldsharpknife.com\/?s={search_term_string}"},"query-input":{"@type":"PropertyValueSpecification","valueRequired":true,"valueName":"search_term_string"}}],"inLanguage":"en-US"},{"@type":"Organization","@id":"https:\/\/aldsharpknife.com\/#organization","name":"Aldsharpknife","url":"https:\/\/aldsharpknife.com\/","logo":{"@type":"ImageObject","inLanguage":"en-US","@id":"https:\/\/aldsharpknife.com\/#\/schema\/logo\/image\/","url":"https:\/\/aldsharpknife.com\/wp-content\/uploads\/2025\/03\/aldsharp_logo.png","contentUrl":"https:\/\/aldsharpknife.com\/wp-content\/uploads\/2025\/03\/aldsharp_logo.png","width":492,"height":182,"caption":"Aldsharpknife"},"image":{"@id":"https:\/\/aldsharpknife.com\/#\/schema\/logo\/image\/"}}]}},"uagb_featured_image_src":{"full":["https:\/\/aldsharpknife.com\/wp-content\/uploads\/2025\/06\/752503_kokanuga_160mm_100g.jpg",2000,1333,false],"thumbnail":["https:\/\/aldsharpknife.com\/wp-content\/uploads\/2025\/06\/752503_kokanuga_160mm_100g-150x150.jpg",150,150,true],"medium":["https:\/\/aldsharpknife.com\/wp-content\/uploads\/2025\/06\/752503_kokanuga_160mm_100g-300x200.jpg",300,200,true],"medium_large":["https:\/\/aldsharpknife.com\/wp-content\/uploads\/2025\/06\/752503_kokanuga_160mm_100g-768x512.jpg",768,512,true],"large":["https:\/\/aldsharpknife.com\/wp-content\/uploads\/2025\/06\/752503_kokanuga_160mm_100g-1024x682.jpg",1024,682,true],"1536x1536":["https:\/\/aldsharpknife.com\/wp-content\/uploads\/2025\/06\/752503_kokanuga_160mm_100g-1536x1024.jpg",1536,1024,true],"2048x2048":["https:\/\/aldsharpknife.com\/wp-content\/uploads\/2025\/06\/752503_kokanuga_160mm_100g.jpg",2000,1333,false],"mailpoet_newsletter_max":["https:\/\/aldsharpknife.com\/wp-content\/uploads\/2025\/06\/752503_kokanuga_160mm_100g-1320x880.jpg",1320,880,true],"woocommerce_thumbnail":["https:\/\/aldsharpknife.com\/wp-content\/uploads\/2025\/06\/752503_kokanuga_160mm_100g-430x287.jpg",430,287,true],"woocommerce_single":["https:\/\/aldsharpknife.com\/wp-content\/uploads\/2025\/06\/752503_kokanuga_160mm_100g-600x400.jpg",600,400,true],"woocommerce_gallery_thumbnail":["https:\/\/aldsharpknife.com\/wp-content\/uploads\/2025\/06\/752503_kokanuga_160mm_100g-100x100.jpg",100,100,true]},"uagb_author_info":{"display_name":"aldo","author_link":"https:\/\/aldsharpknife.com\/en\/author\/"},"uagb_comment_info":0,"uagb_excerpt":"Part of the \u201cLady Line\u201d household knife series. The chef\u2019s knife is an essential kitchen tool, perfect for everyday tasks like chopping herbs, vegetables, slicing meat, and fish. The blade length is typically 20 cm but varies by model.Stubai chef\u2019s knives are sharp and durable thanks to a special tempering technology. The handle is ergonomic,&hellip;","mfb_rest_fields":["title","yoast_head","yoast_head_json","uagb_featured_image_src","uagb_author_info","uagb_comment_info","uagb_excerpt"],"_links":{"self":[{"href":"https:\/\/aldsharpknife.com\/en\/wp-json\/wp\/v2\/product\/725","targetHints":{"allow":["GET"]}}],"collection":[{"href":"https:\/\/aldsharpknife.com\/en\/wp-json\/wp\/v2\/product"}],"about":[{"href":"https:\/\/aldsharpknife.com\/en\/wp-json\/wp\/v2\/types\/product"}],"replies":[{"embeddable":true,"href":"https:\/\/aldsharpknife.com\/en\/wp-json\/wp\/v2\/comments?post=725"}],"wp:featuredmedia":[{"embeddable":true,"href":"https:\/\/aldsharpknife.com\/en\/wp-json\/wp\/v2\/media\/641"}],"wp:attachment":[{"href":"https:\/\/aldsharpknife.com\/en\/wp-json\/wp\/v2\/media?parent=725"}],"wp:term":[{"taxonomy":"product_brand","embeddable":true,"href":"https:\/\/aldsharpknife.com\/en\/wp-json\/wp\/v2\/product_brand?post=725"},{"taxonomy":"product_cat","embeddable":true,"href":"https:\/\/aldsharpknife.com\/en\/wp-json\/wp\/v2\/product_cat?post=725"},{"taxonomy":"product_tag","embeddable":true,"href":"https:\/\/aldsharpknife.com\/en\/wp-json\/wp\/v2\/product_tag?post=725"}],"curies":[{"name":"wp","href":"https:\/\/api.w.org\/{rel}","templated":true}]}}