{"id":741,"date":"2025-07-01T10:01:03","date_gmt":"2025-07-01T07:01:03","guid":{"rendered":"https:\/\/aldsharpknife.com\/?post_type=product&#038;p=741"},"modified":"2026-03-11T06:54:40","modified_gmt":"2026-03-11T04:54:40","slug":"santoku-nuga-sepistatud-180-mm","status":"publish","type":"product","link":"https:\/\/aldsharpknife.com\/en\/product\/santoku-nuga-sepistatud-180-mm\/","title":{"rendered":"Santoku knife, forged, 180 mm"},"content":{"rendered":"<p>The Santoku, meaning &#8220;three virtues,&#8221; is a hybrid of traditional Japanese knives. It is smaller, lighter, and sharper than a typical chef\u2019s knife and is a versatile tool for cutting vegetables, meat, and fish. Stubai\u2019s forged Santoku knife is sharp and durable thanks to a special hardening technology. Its ergonomic polyoxymethylene (POM) handle is securely riveted, easy to clean, and dishwasher safe. The Stubai Santoku knife combines quality, practicality, and reliability\u2014an ideal choice for your kitchen.<\/p>\n<span><a onclick=\"read_toggle(1032407578, 'Read More', 'Read Less'); return false;\" class=\"read-link\" id=\"readlink1032407578\" style=\"readlink\" href=\"#\">Read More<\/a><\/span>\n<div class=\"read_div\" id=\"read1032407578\" style=\"display: none;\"><\/p>\n<p><strong>Stubai \u2013 precision of master craftsmanship in every cut.<\/strong><\/p>\n<p>Every Stubai knife is a tribute to over 100 years of Austrian blacksmithing tradition. Handcrafted by skilled artisans, these knives embody tradition, precision, durability, and exceptional sharpness thanks to Stubai\u2019s special hardening process. A true tool for those who value high quality and timeless design.<\/p>\n<p>The excellence of Stubai knives is visible and tangible in every use \u2014 you\u2019ll feel the difference instantly. Work becomes easier, smoother, and genuinely more enjoyable. It\u2019s the choice of professionals who settle for nothing but the best.<\/p>\n<p><strong>Santoku<\/strong> Knife \u2013 the versatile Japanese kitchen essential. The Santoku knife, also known as the knife of \u201cthree virtues,\u201d is a hybrid of traditional knife types with enhanced functionality. It is smaller, lighter, sharper, and features a uniquely shaped blade. In Japanese, \u201cSantoku\u201d means \u201cthree virtues\u201d \u2013 precision, generosity, and courage \u2013 qualities every kitchen can benefit from.<\/p>\n<p>Widely used in both professional and home kitchens, the Santoku knife is as versatile as a European chef&#8217;s knife. It is ideal for slicing vegetables, fish, and meat. The blade and handle of the Santoku knife are designed to work in harmony, balancing the width of the blade with the weight of the handle for comfortable and controlled use.<\/p>\n<p>A truly high-quality Santoku knife must be exceptionally sharp and durable. Stubai achieves this with a special hardening technology that ensures long-lasting sharpness and reliable performance, even under the most demanding conditions.<\/p>\n<p>Safety and comfort are equally important \u2013 the Stubai Santoku knife features an ergonomically shaped handle made of polyoxymethylene (POM), which is specially riveted, easy to clean, and dishwasher safe.<\/p>\n<p><strong>The forged Stubai Santoku knife combines premium quality, practicality, and durability \u2013 a perfect choice for any kitchen.<\/strong><\/p>\n<p><\/div>\n<p>&nbsp;<\/p>\n","protected":false},"excerpt":{"rendered":"<p>The Santoku, meaning &#8220;three virtues,&#8221; is a hybrid of traditional Japanese knives. It is smaller, lighter, and sharper than a typical chef\u2019s knife and is a versatile tool for cutting vegetables, meat, and fish. Stubai\u2019s forged Santoku knife is sharp and durable thanks to a special hardening technology. Its ergonomic polyoxymethylene (POM) handle is securely [&hellip;]<\/p>\n","protected":false},"featured_media":667,"comment_status":"open","ping_status":"closed","template":"","meta":{"_uag_custom_page_level_css":""},"product_brand":[],"product_cat":[24],"product_tag":[],"class_list":{"0":"post-741","1":"product","2":"type-product","3":"status-publish","4":"has-post-thumbnail","6":"product_cat-kitchen-knives","8":"first","9":"instock","10":"taxable","11":"shipping-taxable","12":"purchasable","13":"product-type-simple"},"mb":[],"yoast_head":"<!-- This site is optimized with the Yoast SEO plugin v26.0 - https:\/\/yoast.com\/wordpress\/plugins\/seo\/ -->\n<title>Santoku knife, forged, 180 mm - Aldsharpknife<\/title>\n<meta name=\"robots\" content=\"index, follow, max-snippet:-1, max-image-preview:large, max-video-preview:-1\" \/>\n<link rel=\"canonical\" href=\"https:\/\/aldsharpknife.com\/product\/santoku-nuga-sepistatud-180-mm\/\" \/>\n<meta property=\"og:locale\" content=\"en_US\" \/>\n<meta property=\"og:type\" content=\"article\" \/>\n<meta property=\"og:title\" content=\"[:et]Santoku nuga, sepistatud, 180 mm[:en]Santoku knife, forged, 180 mm[:] - Aldsharpknife\" \/>\n<meta property=\"og:description\" content=\"The Santoku, meaning &#8220;three virtues,&#8221; is a hybrid of traditional Japanese knives. It is smaller, lighter, and sharper than a typical chef\u2019s knife and is a versatile tool for cutting vegetables, meat, and fish. Stubai\u2019s forged Santoku knife is sharp and durable thanks to a special hardening technology. Its ergonomic polyoxymethylene (POM) handle is securely [&hellip;]\" \/>\n<meta property=\"og:url\" content=\"https:\/\/aldsharpknife.com\/product\/santoku-nuga-sepistatud-180-mm\/\" \/>\n<meta property=\"og:site_name\" content=\"Aldsharpknife\" \/>\n<meta property=\"article:modified_time\" content=\"2026-03-11T04:54:40+00:00\" \/>\n<meta property=\"og:image\" content=\"https:\/\/aldsharpknife.com\/wp-content\/uploads\/2025\/06\/762418_sepistatud_santokunuga_180mm_200g.jpg\" \/>\n\t<meta property=\"og:image:width\" content=\"2000\" \/>\n\t<meta property=\"og:image:height\" content=\"1333\" \/>\n\t<meta property=\"og:image:type\" content=\"image\/jpeg\" \/>\n<meta name=\"twitter:card\" content=\"summary_large_image\" \/>\n<meta name=\"twitter:label1\" content=\"Est. reading time\" \/>\n\t<meta name=\"twitter:data1\" content=\"2 minutes\" \/>\n<script type=\"application\/ld+json\" class=\"yoast-schema-graph\">{\"@context\":\"https:\/\/schema.org\",\"@graph\":[{\"@type\":\"WebPage\",\"@id\":\"https:\/\/aldsharpknife.com\/product\/santoku-nuga-sepistatud-180-mm\/\",\"url\":\"https:\/\/aldsharpknife.com\/product\/santoku-nuga-sepistatud-180-mm\/\",\"name\":\"[:et]Santoku nuga, sepistatud, 180 mm[:en]Santoku knife, forged, 180 mm[:] - Aldsharpknife\",\"isPartOf\":{\"@id\":\"https:\/\/aldsharpknife.com\/#website\"},\"primaryImageOfPage\":{\"@id\":\"https:\/\/aldsharpknife.com\/product\/santoku-nuga-sepistatud-180-mm\/#primaryimage\"},\"image\":{\"@id\":\"https:\/\/aldsharpknife.com\/product\/santoku-nuga-sepistatud-180-mm\/#primaryimage\"},\"thumbnailUrl\":\"https:\/\/aldsharpknife.com\/wp-content\/uploads\/2025\/06\/762418_sepistatud_santokunuga_180mm_200g.jpg\",\"datePublished\":\"2025-07-01T07:01:03+00:00\",\"dateModified\":\"2026-03-11T04:54:40+00:00\",\"breadcrumb\":{\"@id\":\"https:\/\/aldsharpknife.com\/product\/santoku-nuga-sepistatud-180-mm\/#breadcrumb\"},\"inLanguage\":\"en-US\",\"potentialAction\":[{\"@type\":\"ReadAction\",\"target\":[\"https:\/\/aldsharpknife.com\/product\/santoku-nuga-sepistatud-180-mm\/\"]}]},{\"@type\":\"ImageObject\",\"inLanguage\":\"en-US\",\"@id\":\"https:\/\/aldsharpknife.com\/product\/santoku-nuga-sepistatud-180-mm\/#primaryimage\",\"url\":\"https:\/\/aldsharpknife.com\/wp-content\/uploads\/2025\/06\/762418_sepistatud_santokunuga_180mm_200g.jpg\",\"contentUrl\":\"https:\/\/aldsharpknife.com\/wp-content\/uploads\/2025\/06\/762418_sepistatud_santokunuga_180mm_200g.jpg\",\"width\":2000,\"height\":1333},{\"@type\":\"BreadcrumbList\",\"@id\":\"https:\/\/aldsharpknife.com\/product\/santoku-nuga-sepistatud-180-mm\/#breadcrumb\",\"itemListElement\":[{\"@type\":\"ListItem\",\"position\":1,\"name\":\"Home\",\"item\":\"https:\/\/aldsharpknife.com\/\"},{\"@type\":\"ListItem\",\"position\":2,\"name\":\"Pood\",\"item\":\"https:\/\/aldsharpknife.com\/shop\/\"},{\"@type\":\"ListItem\",\"position\":3,\"name\":\"Santoku nuga, sepistatud, 180 mm\"}]},{\"@type\":\"WebSite\",\"@id\":\"https:\/\/aldsharpknife.com\/#website\",\"url\":\"https:\/\/aldsharpknife.com\/\",\"name\":\"Aldsharpknife\",\"description\":\"[:et]50 aastat kirge ja kogemust noaterituse valdkonnas[:en]50 years of passion and experience in knife sharpening[:fi]50 vuotta intohimoa ja kokemusta veitsenter&auml;styksess&auml;[:lv]50 gadi kaisles un pieredzes na\u017eu asin\u0101&scaron;anas jom\u0101[:lt]50 met\u0173 aistros ir patirties peili\u0173 galandimo srityje[:]\",\"publisher\":{\"@id\":\"https:\/\/aldsharpknife.com\/#organization\"},\"potentialAction\":[{\"@type\":\"SearchAction\",\"target\":{\"@type\":\"EntryPoint\",\"urlTemplate\":\"https:\/\/aldsharpknife.com\/?s={search_term_string}\"},\"query-input\":{\"@type\":\"PropertyValueSpecification\",\"valueRequired\":true,\"valueName\":\"search_term_string\"}}],\"inLanguage\":\"en-US\"},{\"@type\":\"Organization\",\"@id\":\"https:\/\/aldsharpknife.com\/#organization\",\"name\":\"Aldsharpknife\",\"url\":\"https:\/\/aldsharpknife.com\/\",\"logo\":{\"@type\":\"ImageObject\",\"inLanguage\":\"en-US\",\"@id\":\"https:\/\/aldsharpknife.com\/#\/schema\/logo\/image\/\",\"url\":\"https:\/\/aldsharpknife.com\/wp-content\/uploads\/2025\/03\/aldsharp_logo.png\",\"contentUrl\":\"https:\/\/aldsharpknife.com\/wp-content\/uploads\/2025\/03\/aldsharp_logo.png\",\"width\":492,\"height\":182,\"caption\":\"Aldsharpknife\"},\"image\":{\"@id\":\"https:\/\/aldsharpknife.com\/#\/schema\/logo\/image\/\"}}]}<\/script>\n<!-- \/ Yoast SEO plugin. -->","yoast_head_json":{"title":"[:et]Santoku nuga, sepistatud, 180 mm[:en]Santoku knife, forged, 180 mm[:] - Aldsharpknife","robots":{"index":"index","follow":"follow","max-snippet":"max-snippet:-1","max-image-preview":"max-image-preview:large","max-video-preview":"max-video-preview:-1"},"canonical":"https:\/\/aldsharpknife.com\/product\/santoku-nuga-sepistatud-180-mm\/","og_locale":"en_US","og_type":"article","og_title":"[:et]Santoku nuga, sepistatud, 180 mm[:en]Santoku knife, forged, 180 mm[:] - Aldsharpknife","og_description":"The Santoku, meaning &#8220;three virtues,&#8221; is a hybrid of traditional Japanese knives. It is smaller, lighter, and sharper than a typical chef\u2019s knife and is a versatile tool for cutting vegetables, meat, and fish. Stubai\u2019s forged Santoku knife is sharp and durable thanks to a special hardening technology. Its ergonomic polyoxymethylene (POM) handle is securely [&hellip;]","og_url":"https:\/\/aldsharpknife.com\/product\/santoku-nuga-sepistatud-180-mm\/","og_site_name":"Aldsharpknife","article_modified_time":"2026-03-11T04:54:40+00:00","og_image":[{"width":2000,"height":1333,"url":"https:\/\/aldsharpknife.com\/wp-content\/uploads\/2025\/06\/762418_sepistatud_santokunuga_180mm_200g.jpg","type":"image\/jpeg"}],"twitter_card":"summary_large_image","twitter_misc":{"Est. reading time":"2 minutes"},"schema":{"@context":"https:\/\/schema.org","@graph":[{"@type":"WebPage","@id":"https:\/\/aldsharpknife.com\/product\/santoku-nuga-sepistatud-180-mm\/","url":"https:\/\/aldsharpknife.com\/product\/santoku-nuga-sepistatud-180-mm\/","name":"[:et]Santoku nuga, sepistatud, 180 mm[:en]Santoku knife, forged, 180 mm[:] - Aldsharpknife","isPartOf":{"@id":"https:\/\/aldsharpknife.com\/#website"},"primaryImageOfPage":{"@id":"https:\/\/aldsharpknife.com\/product\/santoku-nuga-sepistatud-180-mm\/#primaryimage"},"image":{"@id":"https:\/\/aldsharpknife.com\/product\/santoku-nuga-sepistatud-180-mm\/#primaryimage"},"thumbnailUrl":"https:\/\/aldsharpknife.com\/wp-content\/uploads\/2025\/06\/762418_sepistatud_santokunuga_180mm_200g.jpg","datePublished":"2025-07-01T07:01:03+00:00","dateModified":"2026-03-11T04:54:40+00:00","breadcrumb":{"@id":"https:\/\/aldsharpknife.com\/product\/santoku-nuga-sepistatud-180-mm\/#breadcrumb"},"inLanguage":"en-US","potentialAction":[{"@type":"ReadAction","target":["https:\/\/aldsharpknife.com\/product\/santoku-nuga-sepistatud-180-mm\/"]}]},{"@type":"ImageObject","inLanguage":"en-US","@id":"https:\/\/aldsharpknife.com\/product\/santoku-nuga-sepistatud-180-mm\/#primaryimage","url":"https:\/\/aldsharpknife.com\/wp-content\/uploads\/2025\/06\/762418_sepistatud_santokunuga_180mm_200g.jpg","contentUrl":"https:\/\/aldsharpknife.com\/wp-content\/uploads\/2025\/06\/762418_sepistatud_santokunuga_180mm_200g.jpg","width":2000,"height":1333},{"@type":"BreadcrumbList","@id":"https:\/\/aldsharpknife.com\/product\/santoku-nuga-sepistatud-180-mm\/#breadcrumb","itemListElement":[{"@type":"ListItem","position":1,"name":"Home","item":"https:\/\/aldsharpknife.com\/"},{"@type":"ListItem","position":2,"name":"Pood","item":"https:\/\/aldsharpknife.com\/shop\/"},{"@type":"ListItem","position":3,"name":"Santoku nuga, sepistatud, 180 mm"}]},{"@type":"WebSite","@id":"https:\/\/aldsharpknife.com\/#website","url":"https:\/\/aldsharpknife.com\/","name":"Aldsharpknife","description":"[:et]50 aastat kirge ja kogemust noaterituse valdkonnas[:en]50 years of passion and experience in knife sharpening[:fi]50 vuotta intohimoa ja kokemusta veitsenter&auml;styksess&auml;[:lv]50 gadi kaisles un pieredzes na\u017eu asin\u0101&scaron;anas jom\u0101[:lt]50 met\u0173 aistros ir patirties peili\u0173 galandimo srityje[:]","publisher":{"@id":"https:\/\/aldsharpknife.com\/#organization"},"potentialAction":[{"@type":"SearchAction","target":{"@type":"EntryPoint","urlTemplate":"https:\/\/aldsharpknife.com\/?s={search_term_string}"},"query-input":{"@type":"PropertyValueSpecification","valueRequired":true,"valueName":"search_term_string"}}],"inLanguage":"en-US"},{"@type":"Organization","@id":"https:\/\/aldsharpknife.com\/#organization","name":"Aldsharpknife","url":"https:\/\/aldsharpknife.com\/","logo":{"@type":"ImageObject","inLanguage":"en-US","@id":"https:\/\/aldsharpknife.com\/#\/schema\/logo\/image\/","url":"https:\/\/aldsharpknife.com\/wp-content\/uploads\/2025\/03\/aldsharp_logo.png","contentUrl":"https:\/\/aldsharpknife.com\/wp-content\/uploads\/2025\/03\/aldsharp_logo.png","width":492,"height":182,"caption":"Aldsharpknife"},"image":{"@id":"https:\/\/aldsharpknife.com\/#\/schema\/logo\/image\/"}}]}},"uagb_featured_image_src":{"full":["https:\/\/aldsharpknife.com\/wp-content\/uploads\/2025\/06\/762418_sepistatud_santokunuga_180mm_200g.jpg",2000,1333,false],"thumbnail":["https:\/\/aldsharpknife.com\/wp-content\/uploads\/2025\/06\/762418_sepistatud_santokunuga_180mm_200g-150x150.jpg",150,150,true],"medium":["https:\/\/aldsharpknife.com\/wp-content\/uploads\/2025\/06\/762418_sepistatud_santokunuga_180mm_200g-300x200.jpg",300,200,true],"medium_large":["https:\/\/aldsharpknife.com\/wp-content\/uploads\/2025\/06\/762418_sepistatud_santokunuga_180mm_200g-768x512.jpg",768,512,true],"large":["https:\/\/aldsharpknife.com\/wp-content\/uploads\/2025\/06\/762418_sepistatud_santokunuga_180mm_200g-1024x682.jpg",1024,682,true],"1536x1536":["https:\/\/aldsharpknife.com\/wp-content\/uploads\/2025\/06\/762418_sepistatud_santokunuga_180mm_200g-1536x1024.jpg",1536,1024,true],"2048x2048":["https:\/\/aldsharpknife.com\/wp-content\/uploads\/2025\/06\/762418_sepistatud_santokunuga_180mm_200g.jpg",2000,1333,false],"mailpoet_newsletter_max":["https:\/\/aldsharpknife.com\/wp-content\/uploads\/2025\/06\/762418_sepistatud_santokunuga_180mm_200g-1320x880.jpg",1320,880,true],"woocommerce_thumbnail":["https:\/\/aldsharpknife.com\/wp-content\/uploads\/2025\/06\/762418_sepistatud_santokunuga_180mm_200g-430x287.jpg",430,287,true],"woocommerce_single":["https:\/\/aldsharpknife.com\/wp-content\/uploads\/2025\/06\/762418_sepistatud_santokunuga_180mm_200g-600x400.jpg",600,400,true],"woocommerce_gallery_thumbnail":["https:\/\/aldsharpknife.com\/wp-content\/uploads\/2025\/06\/762418_sepistatud_santokunuga_180mm_200g-100x100.jpg",100,100,true]},"uagb_author_info":{"display_name":"aldo","author_link":"https:\/\/aldsharpknife.com\/en\/author\/"},"uagb_comment_info":0,"uagb_excerpt":"The Santoku, meaning &#8220;three virtues,&#8221; is a hybrid of traditional Japanese knives. It is smaller, lighter, and sharper than a typical chef\u2019s knife and is a versatile tool for cutting vegetables, meat, and fish. Stubai\u2019s forged Santoku knife is sharp and durable thanks to a special hardening technology. Its ergonomic polyoxymethylene (POM) handle is securely&hellip;","mfb_rest_fields":["title","yoast_head","yoast_head_json","uagb_featured_image_src","uagb_author_info","uagb_comment_info","uagb_excerpt"],"_links":{"self":[{"href":"https:\/\/aldsharpknife.com\/en\/wp-json\/wp\/v2\/product\/741","targetHints":{"allow":["GET"]}}],"collection":[{"href":"https:\/\/aldsharpknife.com\/en\/wp-json\/wp\/v2\/product"}],"about":[{"href":"https:\/\/aldsharpknife.com\/en\/wp-json\/wp\/v2\/types\/product"}],"replies":[{"embeddable":true,"href":"https:\/\/aldsharpknife.com\/en\/wp-json\/wp\/v2\/comments?post=741"}],"wp:featuredmedia":[{"embeddable":true,"href":"https:\/\/aldsharpknife.com\/en\/wp-json\/wp\/v2\/media\/667"}],"wp:attachment":[{"href":"https:\/\/aldsharpknife.com\/en\/wp-json\/wp\/v2\/media?parent=741"}],"wp:term":[{"taxonomy":"product_brand","embeddable":true,"href":"https:\/\/aldsharpknife.com\/en\/wp-json\/wp\/v2\/product_brand?post=741"},{"taxonomy":"product_cat","embeddable":true,"href":"https:\/\/aldsharpknife.com\/en\/wp-json\/wp\/v2\/product_cat?post=741"},{"taxonomy":"product_tag","embeddable":true,"href":"https:\/\/aldsharpknife.com\/en\/wp-json\/wp\/v2\/product_tag?post=741"}],"curies":[{"name":"wp","href":"https:\/\/api.w.org\/{rel}","templated":true}]}}