{"id":742,"date":"2025-07-02T08:18:48","date_gmt":"2025-07-02T05:18:48","guid":{"rendered":"https:\/\/aldsharpknife.com\/?post_type=product&#038;p=742"},"modified":"2026-03-11T06:54:01","modified_gmt":"2026-03-11T04:54:01","slug":"sepistatud-kokanuga-160-mm-2","status":"publish","type":"product","link":"https:\/\/aldsharpknife.com\/en\/product\/sepistatud-kokanuga-160-mm-2\/","title":{"rendered":"Forged chef\u00b4s knife, 160 mm"},"content":{"rendered":"<p>A classic and essential tool in every kitchen. This versatile knife is perfect for chopping vegetables as well as slicing meat and fish. The typical blade length is 20 cm, but it may vary depending on the model. The Stubai forged chef\u2019s knife is made using a special hardening technology that ensures long-lasting sharpness and durability, even under intensive use. The ergonomic polyoxymethylene (POM) handle is securely riveted, comfortable to hold, easy to clean, and dishwasher safe. Stubai chef\u00b4s knife combines top quality, practicality and reliability \u2013 an ideal choice for every cook.<\/p>\n<span><a onclick=\"read_toggle(1713942484, 'Read More', 'Read Less'); return false;\" class=\"read-link\" id=\"readlink1713942484\" style=\"readlink\" href=\"#\">Read More<\/a><\/span>\n<div class=\"read_div\" id=\"read1713942484\" style=\"display: none;\"><\/p>\n<p><strong>Stubai \u2013 <\/strong><strong>p<\/strong><strong>recision of <\/strong><strong>m<\/strong><strong>aster <\/strong><strong>c<\/strong><strong>raftsmanship in <\/strong><strong>e<\/strong><strong>very <\/strong><strong>c<\/strong><strong>ut.<\/strong><\/p>\n<p>Every Stubai knife is a tribute to over 100 years of Austrian blacksmithing tradition. Handcrafted by skilled artisans, these knives embody tradition, precision, durability, and exceptional sharpness thanks to Stubai\u2019s special hardening process. A true tool for those who value high quality and timeless design.<\/p>\n<p>The excellence of Stubai knives is visible and tangible in every use \u2014 you\u2019ll feel the difference instantly. Work becomes easier, smoother, and genuinely more enjoyable. It\u2019s the choice of professionals who settle for nothing but the best.<\/p>\n<p>The chef\u2019s knife is a classic and essential tool in every kitchen. This multi-purpose knife is a fundamental part of any chef\u2019s toolkit and is perfect for everyday kitchen tasks. Designed for a variety of cutting motions, it\u2019s ideal for chopping herbs and vegetables, as well as slicing meat and fish.<\/p>\n<p>The typical length of a European chef&#8217;s knife blade is about 20 cm and the width 4 cm, although depending on the model, blade lengths can vary between 14\u201336 cm, with widths starting from 2 cm. An ideal chef\u2019s knife features a relatively long, wide, and strong blade, paired with a heavier, well-balanced, and comfortable handle.<\/p>\n<p>A truly high-quality chef\u2019s knife must be exceptionally sharp and durable. Stubai achieves this through a special hardening process that ensures the forged blade retains long-lasting sharpness and reliability, even under the most demanding conditions.<\/p>\n<p>Safety and comfort are equally important \u2013 the Stubai chef\u2019s knife features an ergonomically shaped handle made of polyoxymethylene (POM), securely riveted, easy to clean, and dishwasher-safe.<\/p>\n<p><strong>The Stubai forged chef\u2019s knife combines top quality, practicality, and reliability \u2013 an ideal choice for any kitchen.<\/strong><\/p>\n<p><\/div>\n","protected":false},"excerpt":{"rendered":"<p>A classic and essential tool in every kitchen. This versatile knife is perfect for chopping vegetables as well as slicing meat and fish. The typical blade length is 20 cm, but it may vary depending on the model. The Stubai forged chef\u2019s knife is made using a special hardening technology that ensures long-lasting sharpness and [&hellip;]<\/p>\n","protected":false},"featured_media":743,"comment_status":"open","ping_status":"closed","template":"","meta":{"_uag_custom_page_level_css":""},"product_brand":[],"product_cat":[24],"product_tag":[],"class_list":{"0":"post-742","1":"product","2":"type-product","3":"status-publish","4":"has-post-thumbnail","6":"product_cat-kitchen-knives","8":"first","9":"instock","10":"taxable","11":"shipping-taxable","12":"purchasable","13":"product-type-simple"},"mb":[],"yoast_head":"<!-- This site is optimized with the Yoast SEO plugin v26.0 - https:\/\/yoast.com\/wordpress\/plugins\/seo\/ -->\n<title>Forged chef\u00b4s knife, 160 mm - Aldsharpknife<\/title>\n<meta name=\"robots\" content=\"index, follow, max-snippet:-1, max-image-preview:large, max-video-preview:-1\" \/>\n<link rel=\"canonical\" href=\"https:\/\/aldsharpknife.com\/product\/sepistatud-kokanuga-160-mm-2\/\" \/>\n<meta property=\"og:locale\" content=\"en_US\" \/>\n<meta property=\"og:type\" content=\"article\" \/>\n<meta property=\"og:title\" content=\"[:et]Sepistatud kokanuga, 160 mm[:en]Forged chef\u00b4s knife, 160 mm[:] - Aldsharpknife\" \/>\n<meta property=\"og:description\" content=\"A classic and essential tool in every kitchen. This versatile knife is perfect for chopping vegetables as well as slicing meat and fish. The typical blade length is 20 cm, but it may vary depending on the model. The Stubai forged chef\u2019s knife is made using a special hardening technology that ensures long-lasting sharpness and [&hellip;]\" \/>\n<meta property=\"og:url\" content=\"https:\/\/aldsharpknife.com\/product\/sepistatud-kokanuga-160-mm-2\/\" \/>\n<meta property=\"og:site_name\" content=\"Aldsharpknife\" \/>\n<meta property=\"article:modified_time\" content=\"2026-03-11T04:54:01+00:00\" \/>\n<meta property=\"og:image\" content=\"https:\/\/aldsharpknife.com\/wp-content\/uploads\/2025\/07\/761602_sepistatud_kokanuga_160mm_195g.jpg\" \/>\n\t<meta property=\"og:image:width\" content=\"2000\" \/>\n\t<meta property=\"og:image:height\" content=\"1333\" \/>\n\t<meta property=\"og:image:type\" content=\"image\/jpeg\" \/>\n<meta name=\"twitter:card\" content=\"summary_large_image\" \/>\n<meta name=\"twitter:label1\" content=\"Est. reading time\" \/>\n\t<meta name=\"twitter:data1\" content=\"2 minutes\" \/>\n<script type=\"application\/ld+json\" class=\"yoast-schema-graph\">{\"@context\":\"https:\/\/schema.org\",\"@graph\":[{\"@type\":\"WebPage\",\"@id\":\"https:\/\/aldsharpknife.com\/product\/sepistatud-kokanuga-160-mm-2\/\",\"url\":\"https:\/\/aldsharpknife.com\/product\/sepistatud-kokanuga-160-mm-2\/\",\"name\":\"[:et]Sepistatud kokanuga, 160 mm[:en]Forged chef\u00b4s knife, 160 mm[:] - Aldsharpknife\",\"isPartOf\":{\"@id\":\"https:\/\/aldsharpknife.com\/#website\"},\"primaryImageOfPage\":{\"@id\":\"https:\/\/aldsharpknife.com\/product\/sepistatud-kokanuga-160-mm-2\/#primaryimage\"},\"image\":{\"@id\":\"https:\/\/aldsharpknife.com\/product\/sepistatud-kokanuga-160-mm-2\/#primaryimage\"},\"thumbnailUrl\":\"https:\/\/aldsharpknife.com\/wp-content\/uploads\/2025\/07\/761602_sepistatud_kokanuga_160mm_195g.jpg\",\"datePublished\":\"2025-07-02T05:18:48+00:00\",\"dateModified\":\"2026-03-11T04:54:01+00:00\",\"breadcrumb\":{\"@id\":\"https:\/\/aldsharpknife.com\/product\/sepistatud-kokanuga-160-mm-2\/#breadcrumb\"},\"inLanguage\":\"en-US\",\"potentialAction\":[{\"@type\":\"ReadAction\",\"target\":[\"https:\/\/aldsharpknife.com\/product\/sepistatud-kokanuga-160-mm-2\/\"]}]},{\"@type\":\"ImageObject\",\"inLanguage\":\"en-US\",\"@id\":\"https:\/\/aldsharpknife.com\/product\/sepistatud-kokanuga-160-mm-2\/#primaryimage\",\"url\":\"https:\/\/aldsharpknife.com\/wp-content\/uploads\/2025\/07\/761602_sepistatud_kokanuga_160mm_195g.jpg\",\"contentUrl\":\"https:\/\/aldsharpknife.com\/wp-content\/uploads\/2025\/07\/761602_sepistatud_kokanuga_160mm_195g.jpg\",\"width\":2000,\"height\":1333},{\"@type\":\"BreadcrumbList\",\"@id\":\"https:\/\/aldsharpknife.com\/product\/sepistatud-kokanuga-160-mm-2\/#breadcrumb\",\"itemListElement\":[{\"@type\":\"ListItem\",\"position\":1,\"name\":\"Home\",\"item\":\"https:\/\/aldsharpknife.com\/\"},{\"@type\":\"ListItem\",\"position\":2,\"name\":\"Pood\",\"item\":\"https:\/\/aldsharpknife.com\/shop\/\"},{\"@type\":\"ListItem\",\"position\":3,\"name\":\"Sepistatud kokanuga, 160 mm\"}]},{\"@type\":\"WebSite\",\"@id\":\"https:\/\/aldsharpknife.com\/#website\",\"url\":\"https:\/\/aldsharpknife.com\/\",\"name\":\"Aldsharpknife\",\"description\":\"[:et]50 aastat kirge ja kogemust noaterituse valdkonnas[:en]50 years of passion and experience in knife sharpening[:fi]50 vuotta intohimoa ja kokemusta veitsenter&auml;styksess&auml;[:lv]50 gadi kaisles un pieredzes na\u017eu asin\u0101&scaron;anas jom\u0101[:lt]50 met\u0173 aistros ir patirties peili\u0173 galandimo srityje[:]\",\"publisher\":{\"@id\":\"https:\/\/aldsharpknife.com\/#organization\"},\"potentialAction\":[{\"@type\":\"SearchAction\",\"target\":{\"@type\":\"EntryPoint\",\"urlTemplate\":\"https:\/\/aldsharpknife.com\/?s={search_term_string}\"},\"query-input\":{\"@type\":\"PropertyValueSpecification\",\"valueRequired\":true,\"valueName\":\"search_term_string\"}}],\"inLanguage\":\"en-US\"},{\"@type\":\"Organization\",\"@id\":\"https:\/\/aldsharpknife.com\/#organization\",\"name\":\"Aldsharpknife\",\"url\":\"https:\/\/aldsharpknife.com\/\",\"logo\":{\"@type\":\"ImageObject\",\"inLanguage\":\"en-US\",\"@id\":\"https:\/\/aldsharpknife.com\/#\/schema\/logo\/image\/\",\"url\":\"https:\/\/aldsharpknife.com\/wp-content\/uploads\/2025\/03\/aldsharp_logo.png\",\"contentUrl\":\"https:\/\/aldsharpknife.com\/wp-content\/uploads\/2025\/03\/aldsharp_logo.png\",\"width\":492,\"height\":182,\"caption\":\"Aldsharpknife\"},\"image\":{\"@id\":\"https:\/\/aldsharpknife.com\/#\/schema\/logo\/image\/\"}}]}<\/script>\n<!-- \/ Yoast SEO plugin. -->","yoast_head_json":{"title":"[:et]Sepistatud kokanuga, 160 mm[:en]Forged chef\u00b4s knife, 160 mm[:] - Aldsharpknife","robots":{"index":"index","follow":"follow","max-snippet":"max-snippet:-1","max-image-preview":"max-image-preview:large","max-video-preview":"max-video-preview:-1"},"canonical":"https:\/\/aldsharpknife.com\/product\/sepistatud-kokanuga-160-mm-2\/","og_locale":"en_US","og_type":"article","og_title":"[:et]Sepistatud kokanuga, 160 mm[:en]Forged chef\u00b4s knife, 160 mm[:] - Aldsharpknife","og_description":"A classic and essential tool in every kitchen. This versatile knife is perfect for chopping vegetables as well as slicing meat and fish. The typical blade length is 20 cm, but it may vary depending on the model. The Stubai forged chef\u2019s knife is made using a special hardening technology that ensures long-lasting sharpness and [&hellip;]","og_url":"https:\/\/aldsharpknife.com\/product\/sepistatud-kokanuga-160-mm-2\/","og_site_name":"Aldsharpknife","article_modified_time":"2026-03-11T04:54:01+00:00","og_image":[{"width":2000,"height":1333,"url":"https:\/\/aldsharpknife.com\/wp-content\/uploads\/2025\/07\/761602_sepistatud_kokanuga_160mm_195g.jpg","type":"image\/jpeg"}],"twitter_card":"summary_large_image","twitter_misc":{"Est. reading time":"2 minutes"},"schema":{"@context":"https:\/\/schema.org","@graph":[{"@type":"WebPage","@id":"https:\/\/aldsharpknife.com\/product\/sepistatud-kokanuga-160-mm-2\/","url":"https:\/\/aldsharpknife.com\/product\/sepistatud-kokanuga-160-mm-2\/","name":"[:et]Sepistatud kokanuga, 160 mm[:en]Forged chef\u00b4s knife, 160 mm[:] - Aldsharpknife","isPartOf":{"@id":"https:\/\/aldsharpknife.com\/#website"},"primaryImageOfPage":{"@id":"https:\/\/aldsharpknife.com\/product\/sepistatud-kokanuga-160-mm-2\/#primaryimage"},"image":{"@id":"https:\/\/aldsharpknife.com\/product\/sepistatud-kokanuga-160-mm-2\/#primaryimage"},"thumbnailUrl":"https:\/\/aldsharpknife.com\/wp-content\/uploads\/2025\/07\/761602_sepistatud_kokanuga_160mm_195g.jpg","datePublished":"2025-07-02T05:18:48+00:00","dateModified":"2026-03-11T04:54:01+00:00","breadcrumb":{"@id":"https:\/\/aldsharpknife.com\/product\/sepistatud-kokanuga-160-mm-2\/#breadcrumb"},"inLanguage":"en-US","potentialAction":[{"@type":"ReadAction","target":["https:\/\/aldsharpknife.com\/product\/sepistatud-kokanuga-160-mm-2\/"]}]},{"@type":"ImageObject","inLanguage":"en-US","@id":"https:\/\/aldsharpknife.com\/product\/sepistatud-kokanuga-160-mm-2\/#primaryimage","url":"https:\/\/aldsharpknife.com\/wp-content\/uploads\/2025\/07\/761602_sepistatud_kokanuga_160mm_195g.jpg","contentUrl":"https:\/\/aldsharpknife.com\/wp-content\/uploads\/2025\/07\/761602_sepistatud_kokanuga_160mm_195g.jpg","width":2000,"height":1333},{"@type":"BreadcrumbList","@id":"https:\/\/aldsharpknife.com\/product\/sepistatud-kokanuga-160-mm-2\/#breadcrumb","itemListElement":[{"@type":"ListItem","position":1,"name":"Home","item":"https:\/\/aldsharpknife.com\/"},{"@type":"ListItem","position":2,"name":"Pood","item":"https:\/\/aldsharpknife.com\/shop\/"},{"@type":"ListItem","position":3,"name":"Sepistatud kokanuga, 160 mm"}]},{"@type":"WebSite","@id":"https:\/\/aldsharpknife.com\/#website","url":"https:\/\/aldsharpknife.com\/","name":"Aldsharpknife","description":"[:et]50 aastat kirge ja kogemust noaterituse valdkonnas[:en]50 years of passion and experience in knife sharpening[:fi]50 vuotta intohimoa ja kokemusta veitsenter&auml;styksess&auml;[:lv]50 gadi kaisles un pieredzes na\u017eu asin\u0101&scaron;anas jom\u0101[:lt]50 met\u0173 aistros ir patirties peili\u0173 galandimo srityje[:]","publisher":{"@id":"https:\/\/aldsharpknife.com\/#organization"},"potentialAction":[{"@type":"SearchAction","target":{"@type":"EntryPoint","urlTemplate":"https:\/\/aldsharpknife.com\/?s={search_term_string}"},"query-input":{"@type":"PropertyValueSpecification","valueRequired":true,"valueName":"search_term_string"}}],"inLanguage":"en-US"},{"@type":"Organization","@id":"https:\/\/aldsharpknife.com\/#organization","name":"Aldsharpknife","url":"https:\/\/aldsharpknife.com\/","logo":{"@type":"ImageObject","inLanguage":"en-US","@id":"https:\/\/aldsharpknife.com\/#\/schema\/logo\/image\/","url":"https:\/\/aldsharpknife.com\/wp-content\/uploads\/2025\/03\/aldsharp_logo.png","contentUrl":"https:\/\/aldsharpknife.com\/wp-content\/uploads\/2025\/03\/aldsharp_logo.png","width":492,"height":182,"caption":"Aldsharpknife"},"image":{"@id":"https:\/\/aldsharpknife.com\/#\/schema\/logo\/image\/"}}]}},"uagb_featured_image_src":{"full":["https:\/\/aldsharpknife.com\/wp-content\/uploads\/2025\/07\/761602_sepistatud_kokanuga_160mm_195g.jpg",2000,1333,false],"thumbnail":["https:\/\/aldsharpknife.com\/wp-content\/uploads\/2025\/07\/761602_sepistatud_kokanuga_160mm_195g-150x150.jpg",150,150,true],"medium":["https:\/\/aldsharpknife.com\/wp-content\/uploads\/2025\/07\/761602_sepistatud_kokanuga_160mm_195g-300x200.jpg",300,200,true],"medium_large":["https:\/\/aldsharpknife.com\/wp-content\/uploads\/2025\/07\/761602_sepistatud_kokanuga_160mm_195g-768x512.jpg",768,512,true],"large":["https:\/\/aldsharpknife.com\/wp-content\/uploads\/2025\/07\/761602_sepistatud_kokanuga_160mm_195g-1024x682.jpg",1024,682,true],"1536x1536":["https:\/\/aldsharpknife.com\/wp-content\/uploads\/2025\/07\/761602_sepistatud_kokanuga_160mm_195g-1536x1024.jpg",1536,1024,true],"2048x2048":["https:\/\/aldsharpknife.com\/wp-content\/uploads\/2025\/07\/761602_sepistatud_kokanuga_160mm_195g.jpg",2000,1333,false],"mailpoet_newsletter_max":["https:\/\/aldsharpknife.com\/wp-content\/uploads\/2025\/07\/761602_sepistatud_kokanuga_160mm_195g-1320x880.jpg",1320,880,true],"woocommerce_thumbnail":["https:\/\/aldsharpknife.com\/wp-content\/uploads\/2025\/07\/761602_sepistatud_kokanuga_160mm_195g-430x287.jpg",430,287,true],"woocommerce_single":["https:\/\/aldsharpknife.com\/wp-content\/uploads\/2025\/07\/761602_sepistatud_kokanuga_160mm_195g-600x400.jpg",600,400,true],"woocommerce_gallery_thumbnail":["https:\/\/aldsharpknife.com\/wp-content\/uploads\/2025\/07\/761602_sepistatud_kokanuga_160mm_195g-100x100.jpg",100,100,true]},"uagb_author_info":{"display_name":"aldo","author_link":"https:\/\/aldsharpknife.com\/en\/author\/"},"uagb_comment_info":0,"uagb_excerpt":"A classic and essential tool in every kitchen. This versatile knife is perfect for chopping vegetables as well as slicing meat and fish. The typical blade length is 20 cm, but it may vary depending on the model. The Stubai forged chef\u2019s knife is made using a special hardening technology that ensures long-lasting sharpness and&hellip;","mfb_rest_fields":["title","yoast_head","yoast_head_json","uagb_featured_image_src","uagb_author_info","uagb_comment_info","uagb_excerpt"],"_links":{"self":[{"href":"https:\/\/aldsharpknife.com\/en\/wp-json\/wp\/v2\/product\/742","targetHints":{"allow":["GET"]}}],"collection":[{"href":"https:\/\/aldsharpknife.com\/en\/wp-json\/wp\/v2\/product"}],"about":[{"href":"https:\/\/aldsharpknife.com\/en\/wp-json\/wp\/v2\/types\/product"}],"replies":[{"embeddable":true,"href":"https:\/\/aldsharpknife.com\/en\/wp-json\/wp\/v2\/comments?post=742"}],"wp:featuredmedia":[{"embeddable":true,"href":"https:\/\/aldsharpknife.com\/en\/wp-json\/wp\/v2\/media\/743"}],"wp:attachment":[{"href":"https:\/\/aldsharpknife.com\/en\/wp-json\/wp\/v2\/media?parent=742"}],"wp:term":[{"taxonomy":"product_brand","embeddable":true,"href":"https:\/\/aldsharpknife.com\/en\/wp-json\/wp\/v2\/product_brand?post=742"},{"taxonomy":"product_cat","embeddable":true,"href":"https:\/\/aldsharpknife.com\/en\/wp-json\/wp\/v2\/product_cat?post=742"},{"taxonomy":"product_tag","embeddable":true,"href":"https:\/\/aldsharpknife.com\/en\/wp-json\/wp\/v2\/product_tag?post=742"}],"curies":[{"name":"wp","href":"https:\/\/api.w.org\/{rel}","templated":true}]}}