{"id":748,"date":"2025-07-02T09:17:16","date_gmt":"2025-07-02T06:17:16","guid":{"rendered":"https:\/\/aldsharpknife.com\/?post_type=product&#038;p=748"},"modified":"2025-12-20T06:59:04","modified_gmt":"2025-12-20T04:59:04","slug":"noakomplekt-serie-tirolo","status":"publish","type":"product","link":"https:\/\/aldsharpknife.com\/en\/product\/noakomplekt-serie-tirolo\/","title":{"rendered":"Knife set \u00b4\u00b4Serie Tirol\u00b4\u00b4"},"content":{"rendered":"<p><strong>The set includes:<\/strong> <a href=\"https:\/\/aldsharpknife.com\/product\/kooginuga-180-mm\/\">Kitchen knife, 180 mm<\/a>., 742518; kitchen knife, 160 mm, 742716; household knife, 150 mm, 742315; paring kinife, 80 mm, 742008; serving fork, 110 mm, 743011.<\/p>\n<p>This elegantly packaged 5-piece knife set makes a perfect gift for a frie0nd or a practical addition to any home kitchen. Part of the <strong>\u201cSerie Tirol\u201d<\/strong> household knife series, the set includes a selection of knives and a carving fork designed to meet all your everyday kitchen and grilling needs.<\/p>\n<span><a onclick=\"read_toggle(1168592532, 'Read More', 'Read Less'); return false;\" class=\"read-link\" id=\"readlink1168592532\" style=\"readlink\" href=\"#\">Read More<\/a><\/span>\n<div class=\"read_div\" id=\"read1168592532\" style=\"display: none;\"><\/p>\n<p><strong>The set includes:<\/strong><\/p>\n<ol>\n<li><strong>Kitchen knife (blade 180 mm)<\/strong> \u2013 a versatile all-purpose knife for daily use. The narrow blade makes it ideal for tasks where a large chef\u2019s knife would be too bulky \u2013 perfect for slicing fruits and vegetables, cheese, ham, and sausage, as well as for processing meat and fish.<\/li>\n<li><strong>Kitchen<\/strong><strong> knife (blade 160 mm)<\/strong> \u2013 perfect for everyday chopping, slicing, and dicing of herbs, vegetables, meat, and fish.<\/li>\n<li><strong>Household<\/strong><strong> knife (blade 150 mm)<\/strong> \u2013 compact and multifunctional, this knife is great for smaller cutting tasks. The narrow blade is ideal for handling fruits, vegetables, cheese, and cold cuts when a chef\u2019s knife is too large.<\/li>\n<li><strong>Paring knife (blade 80 mm)<\/strong> \u2013 precise and comfortable for peeling, slicing, and decorative cutting of small fruits and vegetables.<\/li>\n<li><strong>Carving fork (length 110 mm)<\/strong> \u2013 a reliable tool for handling steaks and ribs. Also practical for holding meat in place while slicing and for serving pieces of meat or sausages.<\/li>\n<\/ol>\n<p>The special Stubai hardening technology ensures long-lasting sharpness and exceptional durability.<br \/>\nErgonomic, triple-riveted handles made of polyoxymethylene (POM) provide a comfortable and secure grip. They are hygienic and dishwasher safe.<\/p>\n<p><strong>Top quality and reliability \u2013 essential tools for every kitchen.<\/strong><\/p>\n<p><\/div>\n","protected":false},"excerpt":{"rendered":"<p>The set includes: Kitchen knife, 180 mm., 742518; kitchen knife, 160 mm, 742716; household knife, 150 mm, 742315; paring kinife, 80 mm, 742008; serving fork, 110 mm, 743011. This elegantly packaged 5-piece knife set makes a perfect gift for a frie0nd or a practical addition to any home kitchen. Part of the \u201cSerie Tirol\u201d household [&hellip;]<\/p>\n","protected":false},"featured_media":643,"comment_status":"open","ping_status":"closed","template":"","meta":{"_uag_custom_page_level_css":""},"product_brand":[],"product_cat":[29],"product_tag":[],"class_list":{"0":"post-748","1":"product","2":"type-product","3":"status-publish","4":"has-post-thumbnail","6":"product_cat-knife-sets","8":"first","9":"instock","10":"taxable","11":"shipping-taxable","12":"purchasable","13":"product-type-simple"},"mb":[],"yoast_head":"<!-- This site is optimized with the Yoast SEO plugin v26.0 - https:\/\/yoast.com\/wordpress\/plugins\/seo\/ -->\n<title>Knife set \u00b4\u00b4Serie Tirol\u00b4\u00b4 - Aldsharpknife<\/title>\n<meta name=\"robots\" content=\"index, follow, max-snippet:-1, max-image-preview:large, max-video-preview:-1\" \/>\n<link rel=\"canonical\" href=\"https:\/\/aldsharpknife.com\/product\/noakomplekt-serie-tirolo\/\" \/>\n<meta property=\"og:locale\" content=\"en_US\" \/>\n<meta property=\"og:type\" content=\"article\" \/>\n<meta property=\"og:title\" content=\"[:et]Noakomplekt \u00b4\u00b4Serie Tirol\u00b4\u00b4[:en]Knife set \u00b4\u00b4Serie Tirol\u00b4\u00b4[:] - Aldsharpknife\" \/>\n<meta property=\"og:description\" content=\"The set includes: Kitchen knife, 180 mm., 742518; kitchen knife, 160 mm, 742716; household knife, 150 mm, 742315; paring kinife, 80 mm, 742008; serving fork, 110 mm, 743011. This elegantly packaged 5-piece knife set makes a perfect gift for a frie0nd or a practical addition to any home kitchen. Part of the \u201cSerie Tirol\u201d household [&hellip;]\" \/>\n<meta property=\"og:url\" content=\"https:\/\/aldsharpknife.com\/product\/noakomplekt-serie-tirolo\/\" \/>\n<meta property=\"og:site_name\" content=\"Aldsharpknife\" \/>\n<meta property=\"article:modified_time\" content=\"2025-12-20T04:59:04+00:00\" \/>\n<meta property=\"og:image\" content=\"https:\/\/aldsharpknife.com\/wp-content\/uploads\/2025\/06\/756605_komplekt.jpg\" \/>\n\t<meta property=\"og:image:width\" content=\"2000\" \/>\n\t<meta property=\"og:image:height\" content=\"1333\" \/>\n\t<meta property=\"og:image:type\" content=\"image\/jpeg\" \/>\n<meta name=\"twitter:card\" content=\"summary_large_image\" \/>\n<meta name=\"twitter:label1\" content=\"Est. reading time\" \/>\n\t<meta name=\"twitter:data1\" content=\"2 minutes\" \/>\n<script type=\"application\/ld+json\" class=\"yoast-schema-graph\">{\"@context\":\"https:\/\/schema.org\",\"@graph\":[{\"@type\":\"WebPage\",\"@id\":\"https:\/\/aldsharpknife.com\/product\/noakomplekt-serie-tirolo\/\",\"url\":\"https:\/\/aldsharpknife.com\/product\/noakomplekt-serie-tirolo\/\",\"name\":\"[:et]Noakomplekt \u00b4\u00b4Serie Tirol\u00b4\u00b4[:en]Knife set \u00b4\u00b4Serie Tirol\u00b4\u00b4[:] - Aldsharpknife\",\"isPartOf\":{\"@id\":\"https:\/\/aldsharpknife.com\/#website\"},\"primaryImageOfPage\":{\"@id\":\"https:\/\/aldsharpknife.com\/product\/noakomplekt-serie-tirolo\/#primaryimage\"},\"image\":{\"@id\":\"https:\/\/aldsharpknife.com\/product\/noakomplekt-serie-tirolo\/#primaryimage\"},\"thumbnailUrl\":\"https:\/\/aldsharpknife.com\/wp-content\/uploads\/2025\/06\/756605_komplekt.jpg\",\"datePublished\":\"2025-07-02T06:17:16+00:00\",\"dateModified\":\"2025-12-20T04:59:04+00:00\",\"breadcrumb\":{\"@id\":\"https:\/\/aldsharpknife.com\/product\/noakomplekt-serie-tirolo\/#breadcrumb\"},\"inLanguage\":\"en-US\",\"potentialAction\":[{\"@type\":\"ReadAction\",\"target\":[\"https:\/\/aldsharpknife.com\/product\/noakomplekt-serie-tirolo\/\"]}]},{\"@type\":\"ImageObject\",\"inLanguage\":\"en-US\",\"@id\":\"https:\/\/aldsharpknife.com\/product\/noakomplekt-serie-tirolo\/#primaryimage\",\"url\":\"https:\/\/aldsharpknife.com\/wp-content\/uploads\/2025\/06\/756605_komplekt.jpg\",\"contentUrl\":\"https:\/\/aldsharpknife.com\/wp-content\/uploads\/2025\/06\/756605_komplekt.jpg\",\"width\":2000,\"height\":1333},{\"@type\":\"BreadcrumbList\",\"@id\":\"https:\/\/aldsharpknife.com\/product\/noakomplekt-serie-tirolo\/#breadcrumb\",\"itemListElement\":[{\"@type\":\"ListItem\",\"position\":1,\"name\":\"Home\",\"item\":\"https:\/\/aldsharpknife.com\/\"},{\"@type\":\"ListItem\",\"position\":2,\"name\":\"Pood\",\"item\":\"https:\/\/aldsharpknife.com\/shop\/\"},{\"@type\":\"ListItem\",\"position\":3,\"name\":\"Noakomplekt \u00b4\u00b4Serie Tirol\u00b4\u00b4\"}]},{\"@type\":\"WebSite\",\"@id\":\"https:\/\/aldsharpknife.com\/#website\",\"url\":\"https:\/\/aldsharpknife.com\/\",\"name\":\"Aldsharpknife\",\"description\":\"[:et]50 aastat kirge ja kogemust noaterituse valdkonnas[:en]50 years of passion and experience in knife sharpening[:fi]50 vuotta intohimoa ja kokemusta veitsenter&auml;styksess&auml;[:lv]50 gadi kaisles un pieredzes na\u017eu asin\u0101&scaron;anas jom\u0101[:lt]50 met\u0173 aistros ir patirties peili\u0173 galandimo srityje[:]\",\"publisher\":{\"@id\":\"https:\/\/aldsharpknife.com\/#organization\"},\"potentialAction\":[{\"@type\":\"SearchAction\",\"target\":{\"@type\":\"EntryPoint\",\"urlTemplate\":\"https:\/\/aldsharpknife.com\/?s={search_term_string}\"},\"query-input\":{\"@type\":\"PropertyValueSpecification\",\"valueRequired\":true,\"valueName\":\"search_term_string\"}}],\"inLanguage\":\"en-US\"},{\"@type\":\"Organization\",\"@id\":\"https:\/\/aldsharpknife.com\/#organization\",\"name\":\"Aldsharpknife\",\"url\":\"https:\/\/aldsharpknife.com\/\",\"logo\":{\"@type\":\"ImageObject\",\"inLanguage\":\"en-US\",\"@id\":\"https:\/\/aldsharpknife.com\/#\/schema\/logo\/image\/\",\"url\":\"https:\/\/aldsharpknife.com\/wp-content\/uploads\/2025\/03\/aldsharp_logo.png\",\"contentUrl\":\"https:\/\/aldsharpknife.com\/wp-content\/uploads\/2025\/03\/aldsharp_logo.png\",\"width\":492,\"height\":182,\"caption\":\"Aldsharpknife\"},\"image\":{\"@id\":\"https:\/\/aldsharpknife.com\/#\/schema\/logo\/image\/\"}}]}<\/script>\n<!-- \/ Yoast SEO plugin. -->","yoast_head_json":{"title":"[:et]Noakomplekt \u00b4\u00b4Serie Tirol\u00b4\u00b4[:en]Knife set \u00b4\u00b4Serie Tirol\u00b4\u00b4[:] - Aldsharpknife","robots":{"index":"index","follow":"follow","max-snippet":"max-snippet:-1","max-image-preview":"max-image-preview:large","max-video-preview":"max-video-preview:-1"},"canonical":"https:\/\/aldsharpknife.com\/product\/noakomplekt-serie-tirolo\/","og_locale":"en_US","og_type":"article","og_title":"[:et]Noakomplekt \u00b4\u00b4Serie Tirol\u00b4\u00b4[:en]Knife set \u00b4\u00b4Serie Tirol\u00b4\u00b4[:] - Aldsharpknife","og_description":"The set includes: Kitchen knife, 180 mm., 742518; kitchen knife, 160 mm, 742716; household knife, 150 mm, 742315; paring kinife, 80 mm, 742008; serving fork, 110 mm, 743011. This elegantly packaged 5-piece knife set makes a perfect gift for a frie0nd or a practical addition to any home kitchen. Part of the \u201cSerie Tirol\u201d household [&hellip;]","og_url":"https:\/\/aldsharpknife.com\/product\/noakomplekt-serie-tirolo\/","og_site_name":"Aldsharpknife","article_modified_time":"2025-12-20T04:59:04+00:00","og_image":[{"width":2000,"height":1333,"url":"https:\/\/aldsharpknife.com\/wp-content\/uploads\/2025\/06\/756605_komplekt.jpg","type":"image\/jpeg"}],"twitter_card":"summary_large_image","twitter_misc":{"Est. reading time":"2 minutes"},"schema":{"@context":"https:\/\/schema.org","@graph":[{"@type":"WebPage","@id":"https:\/\/aldsharpknife.com\/product\/noakomplekt-serie-tirolo\/","url":"https:\/\/aldsharpknife.com\/product\/noakomplekt-serie-tirolo\/","name":"[:et]Noakomplekt \u00b4\u00b4Serie Tirol\u00b4\u00b4[:en]Knife set \u00b4\u00b4Serie Tirol\u00b4\u00b4[:] - Aldsharpknife","isPartOf":{"@id":"https:\/\/aldsharpknife.com\/#website"},"primaryImageOfPage":{"@id":"https:\/\/aldsharpknife.com\/product\/noakomplekt-serie-tirolo\/#primaryimage"},"image":{"@id":"https:\/\/aldsharpknife.com\/product\/noakomplekt-serie-tirolo\/#primaryimage"},"thumbnailUrl":"https:\/\/aldsharpknife.com\/wp-content\/uploads\/2025\/06\/756605_komplekt.jpg","datePublished":"2025-07-02T06:17:16+00:00","dateModified":"2025-12-20T04:59:04+00:00","breadcrumb":{"@id":"https:\/\/aldsharpknife.com\/product\/noakomplekt-serie-tirolo\/#breadcrumb"},"inLanguage":"en-US","potentialAction":[{"@type":"ReadAction","target":["https:\/\/aldsharpknife.com\/product\/noakomplekt-serie-tirolo\/"]}]},{"@type":"ImageObject","inLanguage":"en-US","@id":"https:\/\/aldsharpknife.com\/product\/noakomplekt-serie-tirolo\/#primaryimage","url":"https:\/\/aldsharpknife.com\/wp-content\/uploads\/2025\/06\/756605_komplekt.jpg","contentUrl":"https:\/\/aldsharpknife.com\/wp-content\/uploads\/2025\/06\/756605_komplekt.jpg","width":2000,"height":1333},{"@type":"BreadcrumbList","@id":"https:\/\/aldsharpknife.com\/product\/noakomplekt-serie-tirolo\/#breadcrumb","itemListElement":[{"@type":"ListItem","position":1,"name":"Home","item":"https:\/\/aldsharpknife.com\/"},{"@type":"ListItem","position":2,"name":"Pood","item":"https:\/\/aldsharpknife.com\/shop\/"},{"@type":"ListItem","position":3,"name":"Noakomplekt \u00b4\u00b4Serie Tirol\u00b4\u00b4"}]},{"@type":"WebSite","@id":"https:\/\/aldsharpknife.com\/#website","url":"https:\/\/aldsharpknife.com\/","name":"Aldsharpknife","description":"[:et]50 aastat kirge ja kogemust noaterituse valdkonnas[:en]50 years of passion and experience in knife sharpening[:fi]50 vuotta intohimoa ja kokemusta veitsenter&auml;styksess&auml;[:lv]50 gadi kaisles un pieredzes na\u017eu asin\u0101&scaron;anas jom\u0101[:lt]50 met\u0173 aistros ir patirties peili\u0173 galandimo srityje[:]","publisher":{"@id":"https:\/\/aldsharpknife.com\/#organization"},"potentialAction":[{"@type":"SearchAction","target":{"@type":"EntryPoint","urlTemplate":"https:\/\/aldsharpknife.com\/?s={search_term_string}"},"query-input":{"@type":"PropertyValueSpecification","valueRequired":true,"valueName":"search_term_string"}}],"inLanguage":"en-US"},{"@type":"Organization","@id":"https:\/\/aldsharpknife.com\/#organization","name":"Aldsharpknife","url":"https:\/\/aldsharpknife.com\/","logo":{"@type":"ImageObject","inLanguage":"en-US","@id":"https:\/\/aldsharpknife.com\/#\/schema\/logo\/image\/","url":"https:\/\/aldsharpknife.com\/wp-content\/uploads\/2025\/03\/aldsharp_logo.png","contentUrl":"https:\/\/aldsharpknife.com\/wp-content\/uploads\/2025\/03\/aldsharp_logo.png","width":492,"height":182,"caption":"Aldsharpknife"},"image":{"@id":"https:\/\/aldsharpknife.com\/#\/schema\/logo\/image\/"}}]}},"uagb_featured_image_src":{"full":["https:\/\/aldsharpknife.com\/wp-content\/uploads\/2025\/06\/756605_komplekt.jpg",2000,1333,false],"thumbnail":["https:\/\/aldsharpknife.com\/wp-content\/uploads\/2025\/06\/756605_komplekt-150x150.jpg",150,150,true],"medium":["https:\/\/aldsharpknife.com\/wp-content\/uploads\/2025\/06\/756605_komplekt-300x200.jpg",300,200,true],"medium_large":["https:\/\/aldsharpknife.com\/wp-content\/uploads\/2025\/06\/756605_komplekt-768x512.jpg",768,512,true],"large":["https:\/\/aldsharpknife.com\/wp-content\/uploads\/2025\/06\/756605_komplekt-1024x682.jpg",1024,682,true],"1536x1536":["https:\/\/aldsharpknife.com\/wp-content\/uploads\/2025\/06\/756605_komplekt-1536x1024.jpg",1536,1024,true],"2048x2048":["https:\/\/aldsharpknife.com\/wp-content\/uploads\/2025\/06\/756605_komplekt.jpg",2000,1333,false],"mailpoet_newsletter_max":["https:\/\/aldsharpknife.com\/wp-content\/uploads\/2025\/06\/756605_komplekt-1320x880.jpg",1320,880,true],"woocommerce_thumbnail":["https:\/\/aldsharpknife.com\/wp-content\/uploads\/2025\/06\/756605_komplekt-430x287.jpg",430,287,true],"woocommerce_single":["https:\/\/aldsharpknife.com\/wp-content\/uploads\/2025\/06\/756605_komplekt-600x400.jpg",600,400,true],"woocommerce_gallery_thumbnail":["https:\/\/aldsharpknife.com\/wp-content\/uploads\/2025\/06\/756605_komplekt-100x100.jpg",100,100,true]},"uagb_author_info":{"display_name":"aldo","author_link":"https:\/\/aldsharpknife.com\/en\/author\/"},"uagb_comment_info":0,"uagb_excerpt":"The set includes: Kitchen knife, 180 mm., 742518; kitchen knife, 160 mm, 742716; household knife, 150 mm, 742315; paring kinife, 80 mm, 742008; serving fork, 110 mm, 743011. This elegantly packaged 5-piece knife set makes a perfect gift for a frie0nd or a practical addition to any home kitchen. Part of the \u201cSerie Tirol\u201d household&hellip;","mfb_rest_fields":["title","yoast_head","yoast_head_json","uagb_featured_image_src","uagb_author_info","uagb_comment_info","uagb_excerpt"],"_links":{"self":[{"href":"https:\/\/aldsharpknife.com\/en\/wp-json\/wp\/v2\/product\/748","targetHints":{"allow":["GET"]}}],"collection":[{"href":"https:\/\/aldsharpknife.com\/en\/wp-json\/wp\/v2\/product"}],"about":[{"href":"https:\/\/aldsharpknife.com\/en\/wp-json\/wp\/v2\/types\/product"}],"replies":[{"embeddable":true,"href":"https:\/\/aldsharpknife.com\/en\/wp-json\/wp\/v2\/comments?post=748"}],"wp:featuredmedia":[{"embeddable":true,"href":"https:\/\/aldsharpknife.com\/en\/wp-json\/wp\/v2\/media\/643"}],"wp:attachment":[{"href":"https:\/\/aldsharpknife.com\/en\/wp-json\/wp\/v2\/media?parent=748"}],"wp:term":[{"taxonomy":"product_brand","embeddable":true,"href":"https:\/\/aldsharpknife.com\/en\/wp-json\/wp\/v2\/product_brand?post=748"},{"taxonomy":"product_cat","embeddable":true,"href":"https:\/\/aldsharpknife.com\/en\/wp-json\/wp\/v2\/product_cat?post=748"},{"taxonomy":"product_tag","embeddable":true,"href":"https:\/\/aldsharpknife.com\/en\/wp-json\/wp\/v2\/product_tag?post=748"}],"curies":[{"name":"wp","href":"https:\/\/api.w.org\/{rel}","templated":true}]}}