{"id":776,"date":"2025-07-11T16:07:16","date_gmt":"2025-07-11T13:07:16","guid":{"rendered":"https:\/\/aldsharpknife.com\/?post_type=product&#038;p=776"},"modified":"2025-08-12T18:40:05","modified_gmt":"2025-08-12T15:40:05","slug":"terituspulk-teemant-kattega-255-mm","status":"publish","type":"product","link":"https:\/\/aldsharpknife.com\/en\/product\/terituspulk-teemant-kattega-255-mm\/","title":{"rendered":"Diamond sharpening rod, 255 mm"},"content":{"rendered":"<p>Versatile and highly effective, the diamond sharpening rod is suitable for sharpening all types of blades \u2013 from Japanese chef&#8217;s knives to scythes. As one of the hardest known materials, diamond is ideal for sharpening even the toughest steel blades. The rod&#8217;s surface is coated with fine diamond dust, ensuring fast and efficient sharpening.<\/p>\n<span><a onclick=\"read_toggle(490212611, 'Read More', 'Read Less'); return false;\" class=\"read-link\" id=\"readlink490212611\" style=\"readlink\" href=\"#\">Read More<\/a><\/span>\n<div class=\"read_div\" id=\"read490212611\" style=\"display: none;\"><\/p>\n<p>Perfect for professional use in butcheries, commercial kitchens, or demanding home environments, this sharpening rod offers performance and durability. Its compact size makes it easy to use and convenient for quick sharpening tasks.<\/p>\n<p>The large, ergonomic handle provides a secure and comfortable grip, while the wide hand guard keeps your hand protected during use. A durable hanging ring in the handle allows for easy and practical storage.<\/p>\n<p>Firm pressure creates a coarse and aggressive edge, while lighter strokes provide a smooth, polished finish. Start with strong pressure and gradually ease into lighter strokes to achieve a perfectly sharpened blade with a single tool.<\/p>\n<p><strong>Note:<\/strong> Make sure both the knife and the sharpening rod are clean before use \u2013 a greasy or dirty blade won\u2019t sharpen effectively. After sharpening, wash the knife with warm water and dry it thoroughly.<\/p>\n<p><\/div>\n","protected":false},"excerpt":{"rendered":"<p>Versatile and highly effective, the diamond sharpening rod is suitable for sharpening all types of blades \u2013 from Japanese chef&#8217;s knives to scythes. As one of the hardest known materials, diamond is ideal for sharpening even the toughest steel blades. The rod&#8217;s surface is coated with fine diamond dust, ensuring fast and efficient sharpening.<\/p>\n","protected":false},"featured_media":678,"comment_status":"open","ping_status":"closed","template":"","meta":{"_uag_custom_page_level_css":""},"product_brand":[],"product_cat":[30],"product_tag":[],"class_list":{"0":"post-776","1":"product","2":"type-product","3":"status-publish","4":"has-post-thumbnail","6":"product_cat-sharpening-tools","8":"first","9":"instock","10":"taxable","11":"shipping-taxable","12":"purchasable","13":"product-type-simple"},"mb":[],"yoast_head":"<!-- This site is optimized with the Yoast SEO plugin v26.0 - https:\/\/yoast.com\/wordpress\/plugins\/seo\/ -->\n<title>Diamond sharpening rod, 255 mm - Aldsharpknife<\/title>\n<meta name=\"robots\" content=\"index, follow, max-snippet:-1, max-image-preview:large, max-video-preview:-1\" \/>\n<link rel=\"canonical\" href=\"https:\/\/aldsharpknife.com\/product\/terituspulk-teemant-kattega-255-mm\/\" \/>\n<meta property=\"og:locale\" content=\"en_US\" \/>\n<meta property=\"og:type\" content=\"article\" \/>\n<meta property=\"og:title\" content=\"[:et]Terituspulk, teemant kattega, 255 mm[:en]Diamond sharpening rod, 255 mm[:] - Aldsharpknife\" \/>\n<meta property=\"og:description\" content=\"Versatile and highly effective, the diamond sharpening rod is suitable for sharpening all types of blades \u2013 from Japanese chef&#8217;s knives to scythes. As one of the hardest known materials, diamond is ideal for sharpening even the toughest steel blades. The rod&#8217;s surface is coated with fine diamond dust, ensuring fast and efficient sharpening.\" \/>\n<meta property=\"og:url\" content=\"https:\/\/aldsharpknife.com\/product\/terituspulk-teemant-kattega-255-mm\/\" \/>\n<meta property=\"og:site_name\" content=\"Aldsharpknife\" \/>\n<meta property=\"article:modified_time\" content=\"2025-08-12T15:40:05+00:00\" \/>\n<meta property=\"og:image\" content=\"https:\/\/aldsharpknife.com\/wp-content\/uploads\/2025\/06\/799626_teritusteras_teemantkattega_260g_260mm.jpg\" \/>\n\t<meta property=\"og:image:width\" content=\"2000\" \/>\n\t<meta property=\"og:image:height\" content=\"1333\" \/>\n\t<meta property=\"og:image:type\" content=\"image\/jpeg\" \/>\n<meta name=\"twitter:card\" content=\"summary_large_image\" \/>\n<meta name=\"twitter:label1\" content=\"Est. reading time\" \/>\n\t<meta name=\"twitter:data1\" content=\"2 minutes\" \/>\n<script type=\"application\/ld+json\" class=\"yoast-schema-graph\">{\"@context\":\"https:\/\/schema.org\",\"@graph\":[{\"@type\":\"WebPage\",\"@id\":\"https:\/\/aldsharpknife.com\/product\/terituspulk-teemant-kattega-255-mm\/\",\"url\":\"https:\/\/aldsharpknife.com\/product\/terituspulk-teemant-kattega-255-mm\/\",\"name\":\"[:et]Terituspulk, teemant kattega, 255 mm[:en]Diamond sharpening rod, 255 mm[:] - Aldsharpknife\",\"isPartOf\":{\"@id\":\"https:\/\/aldsharpknife.com\/#website\"},\"primaryImageOfPage\":{\"@id\":\"https:\/\/aldsharpknife.com\/product\/terituspulk-teemant-kattega-255-mm\/#primaryimage\"},\"image\":{\"@id\":\"https:\/\/aldsharpknife.com\/product\/terituspulk-teemant-kattega-255-mm\/#primaryimage\"},\"thumbnailUrl\":\"https:\/\/aldsharpknife.com\/wp-content\/uploads\/2025\/06\/799626_teritusteras_teemantkattega_260g_260mm.jpg\",\"datePublished\":\"2025-07-11T13:07:16+00:00\",\"dateModified\":\"2025-08-12T15:40:05+00:00\",\"breadcrumb\":{\"@id\":\"https:\/\/aldsharpknife.com\/product\/terituspulk-teemant-kattega-255-mm\/#breadcrumb\"},\"inLanguage\":\"en-US\",\"potentialAction\":[{\"@type\":\"ReadAction\",\"target\":[\"https:\/\/aldsharpknife.com\/product\/terituspulk-teemant-kattega-255-mm\/\"]}]},{\"@type\":\"ImageObject\",\"inLanguage\":\"en-US\",\"@id\":\"https:\/\/aldsharpknife.com\/product\/terituspulk-teemant-kattega-255-mm\/#primaryimage\",\"url\":\"https:\/\/aldsharpknife.com\/wp-content\/uploads\/2025\/06\/799626_teritusteras_teemantkattega_260g_260mm.jpg\",\"contentUrl\":\"https:\/\/aldsharpknife.com\/wp-content\/uploads\/2025\/06\/799626_teritusteras_teemantkattega_260g_260mm.jpg\",\"width\":2000,\"height\":1333},{\"@type\":\"BreadcrumbList\",\"@id\":\"https:\/\/aldsharpknife.com\/product\/terituspulk-teemant-kattega-255-mm\/#breadcrumb\",\"itemListElement\":[{\"@type\":\"ListItem\",\"position\":1,\"name\":\"Home\",\"item\":\"https:\/\/aldsharpknife.com\/\"},{\"@type\":\"ListItem\",\"position\":2,\"name\":\"Pood\",\"item\":\"https:\/\/aldsharpknife.com\/shop\/\"},{\"@type\":\"ListItem\",\"position\":3,\"name\":\"Terituspulk, teemant kattega, 255 mm\"}]},{\"@type\":\"WebSite\",\"@id\":\"https:\/\/aldsharpknife.com\/#website\",\"url\":\"https:\/\/aldsharpknife.com\/\",\"name\":\"Aldsharpknife\",\"description\":\"[:et]50 aastat kirge ja kogemust noaterituse valdkonnas[:en]50 years of passion and experience in knife sharpening[:fi]50 vuotta intohimoa ja kokemusta veitsenter&auml;styksess&auml;[:lv]50 gadi kaisles un pieredzes na\u017eu asin\u0101&scaron;anas jom\u0101[:lt]50 met\u0173 aistros ir patirties peili\u0173 galandimo srityje[:]\",\"publisher\":{\"@id\":\"https:\/\/aldsharpknife.com\/#organization\"},\"potentialAction\":[{\"@type\":\"SearchAction\",\"target\":{\"@type\":\"EntryPoint\",\"urlTemplate\":\"https:\/\/aldsharpknife.com\/?s={search_term_string}\"},\"query-input\":{\"@type\":\"PropertyValueSpecification\",\"valueRequired\":true,\"valueName\":\"search_term_string\"}}],\"inLanguage\":\"en-US\"},{\"@type\":\"Organization\",\"@id\":\"https:\/\/aldsharpknife.com\/#organization\",\"name\":\"Aldsharpknife\",\"url\":\"https:\/\/aldsharpknife.com\/\",\"logo\":{\"@type\":\"ImageObject\",\"inLanguage\":\"en-US\",\"@id\":\"https:\/\/aldsharpknife.com\/#\/schema\/logo\/image\/\",\"url\":\"https:\/\/aldsharpknife.com\/wp-content\/uploads\/2025\/03\/aldsharp_logo.png\",\"contentUrl\":\"https:\/\/aldsharpknife.com\/wp-content\/uploads\/2025\/03\/aldsharp_logo.png\",\"width\":492,\"height\":182,\"caption\":\"Aldsharpknife\"},\"image\":{\"@id\":\"https:\/\/aldsharpknife.com\/#\/schema\/logo\/image\/\"}}]}<\/script>\n<!-- \/ Yoast SEO plugin. -->","yoast_head_json":{"title":"[:et]Terituspulk, teemant kattega, 255 mm[:en]Diamond sharpening rod, 255 mm[:] - Aldsharpknife","robots":{"index":"index","follow":"follow","max-snippet":"max-snippet:-1","max-image-preview":"max-image-preview:large","max-video-preview":"max-video-preview:-1"},"canonical":"https:\/\/aldsharpknife.com\/product\/terituspulk-teemant-kattega-255-mm\/","og_locale":"en_US","og_type":"article","og_title":"[:et]Terituspulk, teemant kattega, 255 mm[:en]Diamond sharpening rod, 255 mm[:] - Aldsharpknife","og_description":"Versatile and highly effective, the diamond sharpening rod is suitable for sharpening all types of blades \u2013 from Japanese chef&#8217;s knives to scythes. As one of the hardest known materials, diamond is ideal for sharpening even the toughest steel blades. The rod&#8217;s surface is coated with fine diamond dust, ensuring fast and efficient sharpening.","og_url":"https:\/\/aldsharpknife.com\/product\/terituspulk-teemant-kattega-255-mm\/","og_site_name":"Aldsharpknife","article_modified_time":"2025-08-12T15:40:05+00:00","og_image":[{"width":2000,"height":1333,"url":"https:\/\/aldsharpknife.com\/wp-content\/uploads\/2025\/06\/799626_teritusteras_teemantkattega_260g_260mm.jpg","type":"image\/jpeg"}],"twitter_card":"summary_large_image","twitter_misc":{"Est. reading time":"2 minutes"},"schema":{"@context":"https:\/\/schema.org","@graph":[{"@type":"WebPage","@id":"https:\/\/aldsharpknife.com\/product\/terituspulk-teemant-kattega-255-mm\/","url":"https:\/\/aldsharpknife.com\/product\/terituspulk-teemant-kattega-255-mm\/","name":"[:et]Terituspulk, teemant kattega, 255 mm[:en]Diamond sharpening rod, 255 mm[:] - Aldsharpknife","isPartOf":{"@id":"https:\/\/aldsharpknife.com\/#website"},"primaryImageOfPage":{"@id":"https:\/\/aldsharpknife.com\/product\/terituspulk-teemant-kattega-255-mm\/#primaryimage"},"image":{"@id":"https:\/\/aldsharpknife.com\/product\/terituspulk-teemant-kattega-255-mm\/#primaryimage"},"thumbnailUrl":"https:\/\/aldsharpknife.com\/wp-content\/uploads\/2025\/06\/799626_teritusteras_teemantkattega_260g_260mm.jpg","datePublished":"2025-07-11T13:07:16+00:00","dateModified":"2025-08-12T15:40:05+00:00","breadcrumb":{"@id":"https:\/\/aldsharpknife.com\/product\/terituspulk-teemant-kattega-255-mm\/#breadcrumb"},"inLanguage":"en-US","potentialAction":[{"@type":"ReadAction","target":["https:\/\/aldsharpknife.com\/product\/terituspulk-teemant-kattega-255-mm\/"]}]},{"@type":"ImageObject","inLanguage":"en-US","@id":"https:\/\/aldsharpknife.com\/product\/terituspulk-teemant-kattega-255-mm\/#primaryimage","url":"https:\/\/aldsharpknife.com\/wp-content\/uploads\/2025\/06\/799626_teritusteras_teemantkattega_260g_260mm.jpg","contentUrl":"https:\/\/aldsharpknife.com\/wp-content\/uploads\/2025\/06\/799626_teritusteras_teemantkattega_260g_260mm.jpg","width":2000,"height":1333},{"@type":"BreadcrumbList","@id":"https:\/\/aldsharpknife.com\/product\/terituspulk-teemant-kattega-255-mm\/#breadcrumb","itemListElement":[{"@type":"ListItem","position":1,"name":"Home","item":"https:\/\/aldsharpknife.com\/"},{"@type":"ListItem","position":2,"name":"Pood","item":"https:\/\/aldsharpknife.com\/shop\/"},{"@type":"ListItem","position":3,"name":"Terituspulk, teemant kattega, 255 mm"}]},{"@type":"WebSite","@id":"https:\/\/aldsharpknife.com\/#website","url":"https:\/\/aldsharpknife.com\/","name":"Aldsharpknife","description":"[:et]50 aastat kirge ja kogemust noaterituse valdkonnas[:en]50 years of passion and experience in knife sharpening[:fi]50 vuotta intohimoa ja kokemusta veitsenter&auml;styksess&auml;[:lv]50 gadi kaisles un pieredzes na\u017eu asin\u0101&scaron;anas jom\u0101[:lt]50 met\u0173 aistros ir patirties peili\u0173 galandimo srityje[:]","publisher":{"@id":"https:\/\/aldsharpknife.com\/#organization"},"potentialAction":[{"@type":"SearchAction","target":{"@type":"EntryPoint","urlTemplate":"https:\/\/aldsharpknife.com\/?s={search_term_string}"},"query-input":{"@type":"PropertyValueSpecification","valueRequired":true,"valueName":"search_term_string"}}],"inLanguage":"en-US"},{"@type":"Organization","@id":"https:\/\/aldsharpknife.com\/#organization","name":"Aldsharpknife","url":"https:\/\/aldsharpknife.com\/","logo":{"@type":"ImageObject","inLanguage":"en-US","@id":"https:\/\/aldsharpknife.com\/#\/schema\/logo\/image\/","url":"https:\/\/aldsharpknife.com\/wp-content\/uploads\/2025\/03\/aldsharp_logo.png","contentUrl":"https:\/\/aldsharpknife.com\/wp-content\/uploads\/2025\/03\/aldsharp_logo.png","width":492,"height":182,"caption":"Aldsharpknife"},"image":{"@id":"https:\/\/aldsharpknife.com\/#\/schema\/logo\/image\/"}}]}},"uagb_featured_image_src":{"full":["https:\/\/aldsharpknife.com\/wp-content\/uploads\/2025\/06\/799626_teritusteras_teemantkattega_260g_260mm.jpg",2000,1333,false],"thumbnail":["https:\/\/aldsharpknife.com\/wp-content\/uploads\/2025\/06\/799626_teritusteras_teemantkattega_260g_260mm-150x150.jpg",150,150,true],"medium":["https:\/\/aldsharpknife.com\/wp-content\/uploads\/2025\/06\/799626_teritusteras_teemantkattega_260g_260mm-300x200.jpg",300,200,true],"medium_large":["https:\/\/aldsharpknife.com\/wp-content\/uploads\/2025\/06\/799626_teritusteras_teemantkattega_260g_260mm-768x512.jpg",768,512,true],"large":["https:\/\/aldsharpknife.com\/wp-content\/uploads\/2025\/06\/799626_teritusteras_teemantkattega_260g_260mm-1024x682.jpg",1024,682,true],"1536x1536":["https:\/\/aldsharpknife.com\/wp-content\/uploads\/2025\/06\/799626_teritusteras_teemantkattega_260g_260mm-1536x1024.jpg",1536,1024,true],"2048x2048":["https:\/\/aldsharpknife.com\/wp-content\/uploads\/2025\/06\/799626_teritusteras_teemantkattega_260g_260mm.jpg",2000,1333,false],"mailpoet_newsletter_max":["https:\/\/aldsharpknife.com\/wp-content\/uploads\/2025\/06\/799626_teritusteras_teemantkattega_260g_260mm-1320x880.jpg",1320,880,true],"woocommerce_thumbnail":["https:\/\/aldsharpknife.com\/wp-content\/uploads\/2025\/06\/799626_teritusteras_teemantkattega_260g_260mm-430x287.jpg",430,287,true],"woocommerce_single":["https:\/\/aldsharpknife.com\/wp-content\/uploads\/2025\/06\/799626_teritusteras_teemantkattega_260g_260mm-600x400.jpg",600,400,true],"woocommerce_gallery_thumbnail":["https:\/\/aldsharpknife.com\/wp-content\/uploads\/2025\/06\/799626_teritusteras_teemantkattega_260g_260mm-100x100.jpg",100,100,true]},"uagb_author_info":{"display_name":"aldo","author_link":"https:\/\/aldsharpknife.com\/en\/author\/"},"uagb_comment_info":0,"uagb_excerpt":"Versatile and highly effective, the diamond sharpening rod is suitable for sharpening all types of blades \u2013 from Japanese chef&#8217;s knives to scythes. As one of the hardest known materials, diamond is ideal for sharpening even the toughest steel blades. The rod&#8217;s surface is coated with fine diamond dust, ensuring fast and efficient sharpening.","mfb_rest_fields":["title","yoast_head","yoast_head_json","uagb_featured_image_src","uagb_author_info","uagb_comment_info","uagb_excerpt"],"_links":{"self":[{"href":"https:\/\/aldsharpknife.com\/en\/wp-json\/wp\/v2\/product\/776","targetHints":{"allow":["GET"]}}],"collection":[{"href":"https:\/\/aldsharpknife.com\/en\/wp-json\/wp\/v2\/product"}],"about":[{"href":"https:\/\/aldsharpknife.com\/en\/wp-json\/wp\/v2\/types\/product"}],"replies":[{"embeddable":true,"href":"https:\/\/aldsharpknife.com\/en\/wp-json\/wp\/v2\/comments?post=776"}],"wp:featuredmedia":[{"embeddable":true,"href":"https:\/\/aldsharpknife.com\/en\/wp-json\/wp\/v2\/media\/678"}],"wp:attachment":[{"href":"https:\/\/aldsharpknife.com\/en\/wp-json\/wp\/v2\/media?parent=776"}],"wp:term":[{"taxonomy":"product_brand","embeddable":true,"href":"https:\/\/aldsharpknife.com\/en\/wp-json\/wp\/v2\/product_brand?post=776"},{"taxonomy":"product_cat","embeddable":true,"href":"https:\/\/aldsharpknife.com\/en\/wp-json\/wp\/v2\/product_cat?post=776"},{"taxonomy":"product_tag","embeddable":true,"href":"https:\/\/aldsharpknife.com\/en\/wp-json\/wp\/v2\/product_tag?post=776"}],"curies":[{"name":"wp","href":"https:\/\/api.w.org\/{rel}","templated":true}]}}