{"id":874,"date":"2025-07-16T16:35:54","date_gmt":"2025-07-16T13:35:54","guid":{"rendered":"https:\/\/aldsharpknife.com\/?post_type=product&#038;p=874"},"modified":"2025-10-31T13:12:06","modified_gmt":"2025-10-31T11:12:06","slug":"istor-professionaalne-teritaja","status":"publish","type":"product","link":"https:\/\/aldsharpknife.com\/en\/product\/istor-professionaalne-teritaja\/","title":{"rendered":"iSTOR proffessional sharpener"},"content":{"rendered":"<p><strong>iSTOR sharpener \u2013 simple, fast and reliable.<\/strong> Sharpening has never been this easy! With the iSTOR sharpener, you can achieve professional results in just seconds \u2013 effortlessly. Compact and convenient: Pocket-sized design makes it ideal for everyday use, both at home and outdoors. Durable sharpening insert: Made from special tungsten carbide \u2013 one of the hardest materials in the world (almost as hard as diamond). Lightweight and strong: Aluminium handle with finger prodection ensures a secure grip and long-lasting performance. Versatile use: Perfect for sharpening knives, scissors, fishing hooks nad various other blades. Results in minutes \u2013 quickly restores even the dullest edges. An excellent tool for professsionals, fishermen, hunters as well as for everyday use at home or in the garden.<\/p>\n","protected":false},"excerpt":{"rendered":"<p>iSTOR sharpener \u2013 simple, fast and reliable. Sharpening has never been this easy! With the iSTOR sharpener, you can achieve professional results in just seconds \u2013 effortlessly. Compact and convenient: Pocket-sized design makes it ideal for everyday use, both at home and outdoors. Durable sharpening insert: Made from special tungsten carbide \u2013 one of the [&hellip;]<\/p>\n","protected":false},"featured_media":680,"comment_status":"open","ping_status":"closed","template":"","meta":{"_uag_custom_page_level_css":""},"product_brand":[],"product_cat":[30],"product_tag":[],"class_list":{"0":"post-874","1":"product","2":"type-product","3":"status-publish","4":"has-post-thumbnail","6":"product_cat-sharpening-tools","8":"first","9":"outofstock","10":"taxable","11":"shipping-taxable","12":"purchasable","13":"product-type-simple"},"mb":[],"yoast_head":"<!-- This site is optimized with the Yoast SEO plugin v26.0 - https:\/\/yoast.com\/wordpress\/plugins\/seo\/ -->\n<title>iSTOR proffessional sharpener - Aldsharpknife<\/title>\n<meta name=\"robots\" content=\"index, follow, max-snippet:-1, max-image-preview:large, max-video-preview:-1\" \/>\n<link rel=\"canonical\" href=\"https:\/\/aldsharpknife.com\/product\/istor-professionaalne-teritaja\/\" \/>\n<meta property=\"og:locale\" content=\"en_US\" \/>\n<meta property=\"og:type\" content=\"article\" \/>\n<meta property=\"og:title\" content=\"[:et]iSTOR professionaalne teritaja[:en]iSTOR proffessional sharpener[:] - Aldsharpknife\" \/>\n<meta property=\"og:description\" content=\"iSTOR sharpener \u2013 simple, fast and reliable. Sharpening has never been this easy! With the iSTOR sharpener, you can achieve professional results in just seconds \u2013 effortlessly. Compact and convenient: Pocket-sized design makes it ideal for everyday use, both at home and outdoors. Durable sharpening insert: Made from special tungsten carbide \u2013 one of the [&hellip;]\" \/>\n<meta property=\"og:url\" content=\"https:\/\/aldsharpknife.com\/product\/istor-professionaalne-teritaja\/\" \/>\n<meta property=\"og:site_name\" content=\"Aldsharpknife\" \/>\n<meta property=\"article:modified_time\" content=\"2025-10-31T11:12:06+00:00\" \/>\n<meta property=\"og:image\" content=\"https:\/\/aldsharpknife.com\/wp-content\/uploads\/2025\/06\/799814_yldteritaja_65g_145mm.jpg\" \/>\n\t<meta property=\"og:image:width\" content=\"2000\" \/>\n\t<meta property=\"og:image:height\" content=\"1333\" \/>\n\t<meta property=\"og:image:type\" content=\"image\/jpeg\" \/>\n<meta name=\"twitter:card\" content=\"summary_large_image\" \/>\n<meta name=\"twitter:label1\" content=\"Est. reading time\" \/>\n\t<meta name=\"twitter:data1\" content=\"1 minute\" \/>\n<script type=\"application\/ld+json\" class=\"yoast-schema-graph\">{\"@context\":\"https:\/\/schema.org\",\"@graph\":[{\"@type\":\"WebPage\",\"@id\":\"https:\/\/aldsharpknife.com\/product\/istor-professionaalne-teritaja\/\",\"url\":\"https:\/\/aldsharpknife.com\/product\/istor-professionaalne-teritaja\/\",\"name\":\"[:et]iSTOR professionaalne teritaja[:en]iSTOR proffessional sharpener[:] - Aldsharpknife\",\"isPartOf\":{\"@id\":\"https:\/\/aldsharpknife.com\/#website\"},\"primaryImageOfPage\":{\"@id\":\"https:\/\/aldsharpknife.com\/product\/istor-professionaalne-teritaja\/#primaryimage\"},\"image\":{\"@id\":\"https:\/\/aldsharpknife.com\/product\/istor-professionaalne-teritaja\/#primaryimage\"},\"thumbnailUrl\":\"https:\/\/aldsharpknife.com\/wp-content\/uploads\/2025\/06\/799814_yldteritaja_65g_145mm.jpg\",\"datePublished\":\"2025-07-16T13:35:54+00:00\",\"dateModified\":\"2025-10-31T11:12:06+00:00\",\"breadcrumb\":{\"@id\":\"https:\/\/aldsharpknife.com\/product\/istor-professionaalne-teritaja\/#breadcrumb\"},\"inLanguage\":\"en-US\",\"potentialAction\":[{\"@type\":\"ReadAction\",\"target\":[\"https:\/\/aldsharpknife.com\/product\/istor-professionaalne-teritaja\/\"]}]},{\"@type\":\"ImageObject\",\"inLanguage\":\"en-US\",\"@id\":\"https:\/\/aldsharpknife.com\/product\/istor-professionaalne-teritaja\/#primaryimage\",\"url\":\"https:\/\/aldsharpknife.com\/wp-content\/uploads\/2025\/06\/799814_yldteritaja_65g_145mm.jpg\",\"contentUrl\":\"https:\/\/aldsharpknife.com\/wp-content\/uploads\/2025\/06\/799814_yldteritaja_65g_145mm.jpg\",\"width\":2000,\"height\":1333},{\"@type\":\"BreadcrumbList\",\"@id\":\"https:\/\/aldsharpknife.com\/product\/istor-professionaalne-teritaja\/#breadcrumb\",\"itemListElement\":[{\"@type\":\"ListItem\",\"position\":1,\"name\":\"Home\",\"item\":\"https:\/\/aldsharpknife.com\/\"},{\"@type\":\"ListItem\",\"position\":2,\"name\":\"Pood\",\"item\":\"https:\/\/aldsharpknife.com\/shop\/\"},{\"@type\":\"ListItem\",\"position\":3,\"name\":\"iSTOR professionaalne teritaja\"}]},{\"@type\":\"WebSite\",\"@id\":\"https:\/\/aldsharpknife.com\/#website\",\"url\":\"https:\/\/aldsharpknife.com\/\",\"name\":\"Aldsharpknife\",\"description\":\"[:et]50 aastat kirge ja kogemust noaterituse valdkonnas[:en]50 years of passion and experience in knife sharpening[:fi]50 vuotta intohimoa ja kokemusta veitsenter&auml;styksess&auml;[:lv]50 gadi kaisles un pieredzes na\u017eu asin\u0101&scaron;anas jom\u0101[:lt]50 met\u0173 aistros ir patirties peili\u0173 galandimo srityje[:]\",\"publisher\":{\"@id\":\"https:\/\/aldsharpknife.com\/#organization\"},\"potentialAction\":[{\"@type\":\"SearchAction\",\"target\":{\"@type\":\"EntryPoint\",\"urlTemplate\":\"https:\/\/aldsharpknife.com\/?s={search_term_string}\"},\"query-input\":{\"@type\":\"PropertyValueSpecification\",\"valueRequired\":true,\"valueName\":\"search_term_string\"}}],\"inLanguage\":\"en-US\"},{\"@type\":\"Organization\",\"@id\":\"https:\/\/aldsharpknife.com\/#organization\",\"name\":\"Aldsharpknife\",\"url\":\"https:\/\/aldsharpknife.com\/\",\"logo\":{\"@type\":\"ImageObject\",\"inLanguage\":\"en-US\",\"@id\":\"https:\/\/aldsharpknife.com\/#\/schema\/logo\/image\/\",\"url\":\"https:\/\/aldsharpknife.com\/wp-content\/uploads\/2025\/03\/aldsharp_logo.png\",\"contentUrl\":\"https:\/\/aldsharpknife.com\/wp-content\/uploads\/2025\/03\/aldsharp_logo.png\",\"width\":492,\"height\":182,\"caption\":\"Aldsharpknife\"},\"image\":{\"@id\":\"https:\/\/aldsharpknife.com\/#\/schema\/logo\/image\/\"}}]}<\/script>\n<!-- \/ Yoast SEO plugin. -->","yoast_head_json":{"title":"[:et]iSTOR professionaalne teritaja[:en]iSTOR proffessional sharpener[:] - Aldsharpknife","robots":{"index":"index","follow":"follow","max-snippet":"max-snippet:-1","max-image-preview":"max-image-preview:large","max-video-preview":"max-video-preview:-1"},"canonical":"https:\/\/aldsharpknife.com\/product\/istor-professionaalne-teritaja\/","og_locale":"en_US","og_type":"article","og_title":"[:et]iSTOR professionaalne teritaja[:en]iSTOR proffessional sharpener[:] - Aldsharpknife","og_description":"iSTOR sharpener \u2013 simple, fast and reliable. Sharpening has never been this easy! With the iSTOR sharpener, you can achieve professional results in just seconds \u2013 effortlessly. Compact and convenient: Pocket-sized design makes it ideal for everyday use, both at home and outdoors. Durable sharpening insert: Made from special tungsten carbide \u2013 one of the [&hellip;]","og_url":"https:\/\/aldsharpknife.com\/product\/istor-professionaalne-teritaja\/","og_site_name":"Aldsharpknife","article_modified_time":"2025-10-31T11:12:06+00:00","og_image":[{"width":2000,"height":1333,"url":"https:\/\/aldsharpknife.com\/wp-content\/uploads\/2025\/06\/799814_yldteritaja_65g_145mm.jpg","type":"image\/jpeg"}],"twitter_card":"summary_large_image","twitter_misc":{"Est. reading time":"1 minute"},"schema":{"@context":"https:\/\/schema.org","@graph":[{"@type":"WebPage","@id":"https:\/\/aldsharpknife.com\/product\/istor-professionaalne-teritaja\/","url":"https:\/\/aldsharpknife.com\/product\/istor-professionaalne-teritaja\/","name":"[:et]iSTOR professionaalne teritaja[:en]iSTOR proffessional sharpener[:] - Aldsharpknife","isPartOf":{"@id":"https:\/\/aldsharpknife.com\/#website"},"primaryImageOfPage":{"@id":"https:\/\/aldsharpknife.com\/product\/istor-professionaalne-teritaja\/#primaryimage"},"image":{"@id":"https:\/\/aldsharpknife.com\/product\/istor-professionaalne-teritaja\/#primaryimage"},"thumbnailUrl":"https:\/\/aldsharpknife.com\/wp-content\/uploads\/2025\/06\/799814_yldteritaja_65g_145mm.jpg","datePublished":"2025-07-16T13:35:54+00:00","dateModified":"2025-10-31T11:12:06+00:00","breadcrumb":{"@id":"https:\/\/aldsharpknife.com\/product\/istor-professionaalne-teritaja\/#breadcrumb"},"inLanguage":"en-US","potentialAction":[{"@type":"ReadAction","target":["https:\/\/aldsharpknife.com\/product\/istor-professionaalne-teritaja\/"]}]},{"@type":"ImageObject","inLanguage":"en-US","@id":"https:\/\/aldsharpknife.com\/product\/istor-professionaalne-teritaja\/#primaryimage","url":"https:\/\/aldsharpknife.com\/wp-content\/uploads\/2025\/06\/799814_yldteritaja_65g_145mm.jpg","contentUrl":"https:\/\/aldsharpknife.com\/wp-content\/uploads\/2025\/06\/799814_yldteritaja_65g_145mm.jpg","width":2000,"height":1333},{"@type":"BreadcrumbList","@id":"https:\/\/aldsharpknife.com\/product\/istor-professionaalne-teritaja\/#breadcrumb","itemListElement":[{"@type":"ListItem","position":1,"name":"Home","item":"https:\/\/aldsharpknife.com\/"},{"@type":"ListItem","position":2,"name":"Pood","item":"https:\/\/aldsharpknife.com\/shop\/"},{"@type":"ListItem","position":3,"name":"iSTOR professionaalne teritaja"}]},{"@type":"WebSite","@id":"https:\/\/aldsharpknife.com\/#website","url":"https:\/\/aldsharpknife.com\/","name":"Aldsharpknife","description":"[:et]50 aastat kirge ja kogemust noaterituse valdkonnas[:en]50 years of passion and experience in knife sharpening[:fi]50 vuotta intohimoa ja kokemusta veitsenter&auml;styksess&auml;[:lv]50 gadi kaisles un pieredzes na\u017eu asin\u0101&scaron;anas jom\u0101[:lt]50 met\u0173 aistros ir patirties peili\u0173 galandimo srityje[:]","publisher":{"@id":"https:\/\/aldsharpknife.com\/#organization"},"potentialAction":[{"@type":"SearchAction","target":{"@type":"EntryPoint","urlTemplate":"https:\/\/aldsharpknife.com\/?s={search_term_string}"},"query-input":{"@type":"PropertyValueSpecification","valueRequired":true,"valueName":"search_term_string"}}],"inLanguage":"en-US"},{"@type":"Organization","@id":"https:\/\/aldsharpknife.com\/#organization","name":"Aldsharpknife","url":"https:\/\/aldsharpknife.com\/","logo":{"@type":"ImageObject","inLanguage":"en-US","@id":"https:\/\/aldsharpknife.com\/#\/schema\/logo\/image\/","url":"https:\/\/aldsharpknife.com\/wp-content\/uploads\/2025\/03\/aldsharp_logo.png","contentUrl":"https:\/\/aldsharpknife.com\/wp-content\/uploads\/2025\/03\/aldsharp_logo.png","width":492,"height":182,"caption":"Aldsharpknife"},"image":{"@id":"https:\/\/aldsharpknife.com\/#\/schema\/logo\/image\/"}}]}},"uagb_featured_image_src":{"full":["https:\/\/aldsharpknife.com\/wp-content\/uploads\/2025\/06\/799814_yldteritaja_65g_145mm.jpg",2000,1333,false],"thumbnail":["https:\/\/aldsharpknife.com\/wp-content\/uploads\/2025\/06\/799814_yldteritaja_65g_145mm-150x150.jpg",150,150,true],"medium":["https:\/\/aldsharpknife.com\/wp-content\/uploads\/2025\/06\/799814_yldteritaja_65g_145mm-300x200.jpg",300,200,true],"medium_large":["https:\/\/aldsharpknife.com\/wp-content\/uploads\/2025\/06\/799814_yldteritaja_65g_145mm-768x512.jpg",768,512,true],"large":["https:\/\/aldsharpknife.com\/wp-content\/uploads\/2025\/06\/799814_yldteritaja_65g_145mm-1024x682.jpg",1024,682,true],"1536x1536":["https:\/\/aldsharpknife.com\/wp-content\/uploads\/2025\/06\/799814_yldteritaja_65g_145mm-1536x1024.jpg",1536,1024,true],"2048x2048":["https:\/\/aldsharpknife.com\/wp-content\/uploads\/2025\/06\/799814_yldteritaja_65g_145mm.jpg",2000,1333,false],"mailpoet_newsletter_max":["https:\/\/aldsharpknife.com\/wp-content\/uploads\/2025\/06\/799814_yldteritaja_65g_145mm-1320x880.jpg",1320,880,true],"woocommerce_thumbnail":["https:\/\/aldsharpknife.com\/wp-content\/uploads\/2025\/06\/799814_yldteritaja_65g_145mm-430x287.jpg",430,287,true],"woocommerce_single":["https:\/\/aldsharpknife.com\/wp-content\/uploads\/2025\/06\/799814_yldteritaja_65g_145mm-600x400.jpg",600,400,true],"woocommerce_gallery_thumbnail":["https:\/\/aldsharpknife.com\/wp-content\/uploads\/2025\/06\/799814_yldteritaja_65g_145mm-100x100.jpg",100,100,true]},"uagb_author_info":{"display_name":"aldo","author_link":"https:\/\/aldsharpknife.com\/en\/author\/"},"uagb_comment_info":0,"uagb_excerpt":"iSTOR sharpener \u2013 simple, fast and reliable. Sharpening has never been this easy! With the iSTOR sharpener, you can achieve professional results in just seconds \u2013 effortlessly. Compact and convenient: Pocket-sized design makes it ideal for everyday use, both at home and outdoors. Durable sharpening insert: Made from special tungsten carbide \u2013 one of the&hellip;","mfb_rest_fields":["title","yoast_head","yoast_head_json","uagb_featured_image_src","uagb_author_info","uagb_comment_info","uagb_excerpt"],"_links":{"self":[{"href":"https:\/\/aldsharpknife.com\/en\/wp-json\/wp\/v2\/product\/874","targetHints":{"allow":["GET"]}}],"collection":[{"href":"https:\/\/aldsharpknife.com\/en\/wp-json\/wp\/v2\/product"}],"about":[{"href":"https:\/\/aldsharpknife.com\/en\/wp-json\/wp\/v2\/types\/product"}],"replies":[{"embeddable":true,"href":"https:\/\/aldsharpknife.com\/en\/wp-json\/wp\/v2\/comments?post=874"}],"wp:featuredmedia":[{"embeddable":true,"href":"https:\/\/aldsharpknife.com\/en\/wp-json\/wp\/v2\/media\/680"}],"wp:attachment":[{"href":"https:\/\/aldsharpknife.com\/en\/wp-json\/wp\/v2\/media?parent=874"}],"wp:term":[{"taxonomy":"product_brand","embeddable":true,"href":"https:\/\/aldsharpknife.com\/en\/wp-json\/wp\/v2\/product_brand?post=874"},{"taxonomy":"product_cat","embeddable":true,"href":"https:\/\/aldsharpknife.com\/en\/wp-json\/wp\/v2\/product_cat?post=874"},{"taxonomy":"product_tag","embeddable":true,"href":"https:\/\/aldsharpknife.com\/en\/wp-json\/wp\/v2\/product_tag?post=874"}],"curies":[{"name":"wp","href":"https:\/\/api.w.org\/{rel}","templated":true}]}}